{"id":9276,"date":"2025-06-20T09:42:10","date_gmt":"2025-06-20T07:42:10","guid":{"rendered":"https:\/\/serapias.eu\/?post_type=product&#038;p=9276"},"modified":"2026-01-28T10:01:21","modified_gmt":"2026-01-28T09:01:21","slug":"vad-eszak-gorogorszag-reggeltol-estig-egynapos-okotura","status":"publish","type":"product","link":"https:\/\/serapias.eu\/hu\/termek\/vad-eszak-gorogorszag-reggeltol-estig-egynapos-okotura\/","title":{"rendered":"Vad \u00c9szak-G\u00f6r\u00f6gorsz\u00e1g, reggelt\u0151l estig &#8211; egynapos \u00f6kot\u00fara"},"content":{"rendered":"","protected":false},"excerpt":{"rendered":"<p>Ha Kavala k\u00f6rny\u00e9k\u00e9n pihen\u00e9s\u00e9t t\u00f6lti, \u00e1tutaz\u00f3, vagy h\u00e1tizs\u00e1kos turista, \u00e9rdemes egy napot a t\u00e9rs\u00e9g term\u00e9szeti \u00e9rt\u00e9keinek megismer\u00e9s\u00e9re szentelni.<\/p>\n","protected":false},"featured_media":9361,"template":"","meta":{"_acf_changed":false,"inline_featured_image":false},"product_brand":[],"product_cat":[66],"product_tag":[],"class_list":{"0":"post-9276","1":"product","2":"type-product","3":"status-publish","4":"has-post-thumbnail","6":"product_cat-egyeb","8":"first","9":"instock","10":"taxable","11":"shipping-taxable","12":"purchasable","13":"product-type-phive_booking"},"acf":[],"_links":{"self":[{"href":"https:\/\/serapias.eu\/hu\/wp-json\/wp\/v2\/product\/9276","targetHints":{"allow":["GET"]}}],"collection":[{"href":"https:\/\/serapias.eu\/hu\/wp-json\/wp\/v2\/product"}],"about":[{"href":"https:\/\/serapias.eu\/hu\/wp-json\/wp\/v2\/types\/product"}],"version-history":[{"count":8,"href":"https:\/\/serapias.eu\/hu\/wp-json\/wp\/v2\/product\/9276\/revisions"}],"predecessor-version":[{"id":10392,"href":"https:\/\/serapias.eu\/hu\/wp-json\/wp\/v2\/product\/9276\/revisions\/10392"}],"wp:featuredmedia":[{"embeddable":true,"href":"https:\/\/serapias.eu\/hu\/wp-json\/wp\/v2\/media\/9361"}],"wp:attachment":[{"href":"https:\/\/serapias.eu\/hu\/wp-json\/wp\/v2\/media?parent=9276"}],"wp:term":[{"taxonomy":"product_brand","embeddable":true,"href":"https:\/\/serapias.eu\/hu\/wp-json\/wp\/v2\/product_brand?post=9276"},{"taxonomy":"product_cat","embeddable":true,"href":"https:\/\/serapias.eu\/hu\/wp-json\/wp\/v2\/product_cat?post=9276"},{"taxonomy":"product_tag","embeddable":true,"href":"https:\/\/serapias.eu\/hu\/wp-json\/wp\/v2\/product_tag?post=9276"}],"curies":[{"name":"wp","href":"https:\/\/api.w.org\/{rel}","templated":true}]}}