{"id":9271,"date":"2025-06-20T09:22:57","date_gmt":"2025-06-20T07:22:57","guid":{"rendered":"https:\/\/serapias.eu\/?post_type=product&#038;p=9271"},"modified":"2026-01-28T09:58:54","modified_gmt":"2026-01-28T08:58:54","slug":"vadviragos-eszak-gorogorszag-tavaszi-kora-nyari-okotura","status":"publish","type":"product","link":"https:\/\/serapias.eu\/hu\/termek\/vadviragos-eszak-gorogorszag-tavaszi-kora-nyari-okotura\/","title":{"rendered":"Vadvir\u00e1gos \u00c9szak-G\u00f6r\u00f6gorsz\u00e1g &#8211; tavaszi &#8211; kora ny\u00e1ri 5 napos \u00f6kot\u00fara"},"content":{"rendered":"","protected":false},"excerpt":{"rendered":"<p>Nem tagadjuk ez \u00c9szak-G\u00f6r\u00f6gorsz\u00e1g term\u00e9szeti t\u00e1jainak legcsod\u00e1sabb id\u0151szaka. A tavasz a term\u00e9szet \u00fajj\u00e1\u00e9led\u00e9se. Mivel m\u00e9g kev\u00e9s a turista az \u00e9v ezen id\u0151szak\u00e1ban, mind a sz\u00e1razf\u00f6ld, mind a tenger nagyon b\u00e9k\u00e9s \u00e9s nyugodt, de ugyan\u00fagy, mint ny\u00e1ron jelent\u0151s a naps\u00fct\u00e9ses napok sz\u00e1ma \u00e9s kora ny\u00e1ri az id\u0151j\u00e1r\u00e1s.<\/p>\n","protected":false},"featured_media":9362,"template":"","meta":{"_acf_changed":false,"inline_featured_image":false},"product_brand":[],"product_cat":[66],"product_tag":[],"class_list":{"0":"post-9271","1":"product","2":"type-product","3":"status-publish","4":"has-post-thumbnail","6":"product_cat-egyeb","8":"first","9":"instock","10":"taxable","11":"shipping-taxable","12":"purchasable","13":"product-type-phive_booking"},"acf":[],"_links":{"self":[{"href":"https:\/\/serapias.eu\/hu\/wp-json\/wp\/v2\/product\/9271","targetHints":{"allow":["GET"]}}],"collection":[{"href":"https:\/\/serapias.eu\/hu\/wp-json\/wp\/v2\/product"}],"about":[{"href":"https:\/\/serapias.eu\/hu\/wp-json\/wp\/v2\/types\/product"}],"version-history":[{"count":8,"href":"https:\/\/serapias.eu\/hu\/wp-json\/wp\/v2\/product\/9271\/revisions"}],"predecessor-version":[{"id":10290,"href":"https:\/\/serapias.eu\/hu\/wp-json\/wp\/v2\/product\/9271\/revisions\/10290"}],"wp:featuredmedia":[{"embeddable":true,"href":"https:\/\/serapias.eu\/hu\/wp-json\/wp\/v2\/media\/9362"}],"wp:attachment":[{"href":"https:\/\/serapias.eu\/hu\/wp-json\/wp\/v2\/media?parent=9271"}],"wp:term":[{"taxonomy":"product_brand","embeddable":true,"href":"https:\/\/serapias.eu\/hu\/wp-json\/wp\/v2\/product_brand?post=9271"},{"taxonomy":"product_cat","embeddable":true,"href":"https:\/\/serapias.eu\/hu\/wp-json\/wp\/v2\/product_cat?post=9271"},{"taxonomy":"product_tag","embeddable":true,"href":"https:\/\/serapias.eu\/hu\/wp-json\/wp\/v2\/product_tag?post=9271"}],"curies":[{"name":"wp","href":"https:\/\/api.w.org\/{rel}","templated":true}]}}