{"id":9248,"date":"2025-06-20T08:47:46","date_gmt":"2025-06-20T06:47:46","guid":{"rendered":"https:\/\/serapias.eu\/?post_type=product&#038;p=9248"},"modified":"2026-01-28T10:00:15","modified_gmt":"2026-01-28T09:00:15","slug":"ebredo-eszak-gorogorszag-kora-tavaszi-4-napos-okotura","status":"publish","type":"product","link":"https:\/\/serapias.eu\/hu\/termek\/ebredo-eszak-gorogorszag-kora-tavaszi-4-napos-okotura\/","title":{"rendered":"\u00c9bred\u0151 \u00c9szak-G\u00f6r\u00f6gorsz\u00e1g &#8211; kora tavaszi 4 napos \u00f6kot\u00fara"},"content":{"rendered":"","protected":false},"excerpt":{"rendered":"<p>A tavaszi id\u0151szak, a term\u00e9szet \u00fajj\u00e1\u00e9led\u00e9se, mint Eur\u00f3pa minden t\u00e1j\u00e1n, G\u00f6r\u00f6gorsz\u00e1gban is csod\u00e1s esem\u00e9ny.\u00a0 Mivel m\u00e9g nincsenek turist\u00e1k az \u00e9v ezen id\u0151szak\u00e1ban, mind a sz\u00e1razf\u00f6ld, mind a tenger nagyon b\u00e9k\u00e9s \u00e9s nyugodt, de jelent\u0151s a naps\u00fct\u00e9ses napok sz\u00e1ma \u00e9s nem ritk\u00e1n m\u00e1r el\u00e9ri a nappali h\u0151m\u00e9rs\u00e9klet 20 \u00b0C-ot.<\/p>\n","protected":false},"featured_media":9363,"template":"","meta":{"_acf_changed":false,"inline_featured_image":false},"product_brand":[],"product_cat":[66],"product_tag":[],"class_list":{"0":"post-9248","1":"product","2":"type-product","3":"status-publish","4":"has-post-thumbnail","6":"product_cat-egyeb","8":"first","9":"instock","10":"taxable","11":"shipping-taxable","12":"purchasable","13":"product-type-phive_booking"},"acf":[],"_links":{"self":[{"href":"https:\/\/serapias.eu\/hu\/wp-json\/wp\/v2\/product\/9248","targetHints":{"allow":["GET"]}}],"collection":[{"href":"https:\/\/serapias.eu\/hu\/wp-json\/wp\/v2\/product"}],"about":[{"href":"https:\/\/serapias.eu\/hu\/wp-json\/wp\/v2\/types\/product"}],"version-history":[{"count":12,"href":"https:\/\/serapias.eu\/hu\/wp-json\/wp\/v2\/product\/9248\/revisions"}],"predecessor-version":[{"id":10293,"href":"https:\/\/serapias.eu\/hu\/wp-json\/wp\/v2\/product\/9248\/revisions\/10293"}],"wp:featuredmedia":[{"embeddable":true,"href":"https:\/\/serapias.eu\/hu\/wp-json\/wp\/v2\/media\/9363"}],"wp:attachment":[{"href":"https:\/\/serapias.eu\/hu\/wp-json\/wp\/v2\/media?parent=9248"}],"wp:term":[{"taxonomy":"product_brand","embeddable":true,"href":"https:\/\/serapias.eu\/hu\/wp-json\/wp\/v2\/product_brand?post=9248"},{"taxonomy":"product_cat","embeddable":true,"href":"https:\/\/serapias.eu\/hu\/wp-json\/wp\/v2\/product_cat?post=9248"},{"taxonomy":"product_tag","embeddable":true,"href":"https:\/\/serapias.eu\/hu\/wp-json\/wp\/v2\/product_tag?post=9248"}],"curies":[{"name":"wp","href":"https:\/\/api.w.org\/{rel}","templated":true}]}}