{"id":8955,"date":"2025-05-30T14:27:37","date_gmt":"2025-05-30T12:27:37","guid":{"rendered":"https:\/\/serapias.eu\/?post_type=product&#038;p=8955"},"modified":"2026-01-28T09:56:45","modified_gmt":"2026-01-28T08:56:45","slug":"tobb-ejszakas-kalmarozas-4-napos-tura","status":"publish","type":"product","link":"https:\/\/serapias.eu\/hu\/termek\/tobb-ejszakas-kalmarozas-4-napos-tura\/","title":{"rendered":"T\u00f6bb \u00e9jszak\u00e1s kalm\u00e1roz\u00e1s &#8211; 4 napos t\u00fara"},"content":{"rendered":"","protected":false},"excerpt":{"rendered":"<p>C\u00e9lfajunk, a k\u00f6z\u00f6ns\u00e9ges kalm\u00e1r \u00e9letm\u00f3dja miatt tervezetten naponta d\u00e9lut\u00e1ni \u00f3r\u00e1kt\u00f3l k\u00e9s\u0151 est\u00e9ig tart a horg\u00e1szat minimum 3 \u00f3r\u00e1t.<\/p>\n","protected":false},"featured_media":8805,"template":"","meta":{"_acf_changed":false,"inline_featured_image":false},"product_brand":[],"product_cat":[66],"product_tag":[],"class_list":{"0":"post-8955","1":"product","2":"type-product","3":"status-publish","4":"has-post-thumbnail","6":"product_cat-egyeb","8":"first","9":"instock","10":"taxable","11":"shipping-taxable","12":"purchasable","13":"product-type-phive_booking"},"acf":[],"_links":{"self":[{"href":"https:\/\/serapias.eu\/hu\/wp-json\/wp\/v2\/product\/8955","targetHints":{"allow":["GET"]}}],"collection":[{"href":"https:\/\/serapias.eu\/hu\/wp-json\/wp\/v2\/product"}],"about":[{"href":"https:\/\/serapias.eu\/hu\/wp-json\/wp\/v2\/types\/product"}],"version-history":[{"count":9,"href":"https:\/\/serapias.eu\/hu\/wp-json\/wp\/v2\/product\/8955\/revisions"}],"predecessor-version":[{"id":10350,"href":"https:\/\/serapias.eu\/hu\/wp-json\/wp\/v2\/product\/8955\/revisions\/10350"}],"wp:featuredmedia":[{"embeddable":true,"href":"https:\/\/serapias.eu\/hu\/wp-json\/wp\/v2\/media\/8805"}],"wp:attachment":[{"href":"https:\/\/serapias.eu\/hu\/wp-json\/wp\/v2\/media?parent=8955"}],"wp:term":[{"taxonomy":"product_brand","embeddable":true,"href":"https:\/\/serapias.eu\/hu\/wp-json\/wp\/v2\/product_brand?post=8955"},{"taxonomy":"product_cat","embeddable":true,"href":"https:\/\/serapias.eu\/hu\/wp-json\/wp\/v2\/product_cat?post=8955"},{"taxonomy":"product_tag","embeddable":true,"href":"https:\/\/serapias.eu\/hu\/wp-json\/wp\/v2\/product_tag?post=8955"}],"curies":[{"name":"wp","href":"https:\/\/api.w.org\/{rel}","templated":true}]}}