{"id":9836,"date":"2025-07-19T17:56:34","date_gmt":"2025-07-19T15:56:34","guid":{"rendered":"https:\/\/serapias.eu\/?page_id=9836"},"modified":"2025-07-25T12:19:33","modified_gmt":"2025-07-25T10:19:33","slug":"foglalhato-turaink","status":"publish","type":"page","link":"https:\/\/serapias.eu\/hu\/foglalhato-turaink\/","title":{"rendered":"Foglalhat\u00f3 t\u00far\u00e1ink"},"content":{"rendered":"\t\t<div data-elementor-type=\"wp-page\" data-elementor-id=\"9836\" class=\"elementor elementor-9836\" data-elementor-post-type=\"page\">\n\t\t\t\t<div class=\"elementor-element elementor-element-2c0a4d28 e-flex e-con-boxed e-con e-parent\" data-id=\"2c0a4d28\" data-element_type=\"container\">\n\t\t\t\t\t<div class=\"e-con-inner\">\n\t\t\t\t<div class=\"elementor-element elementor-element-56adbdfa elementor-grid-3 elementor-product-loop-item--align-center elementor-grid-tablet-3 elementor-grid-mobile-2 elementor-products-grid elementor-wc-products elementor-widget elementor-widget-woocommerce-products\" data-id=\"56adbdfa\" data-element_type=\"widget\" data-widget_type=\"woocommerce-products.default\">\n\t\t\t\t<div class=\"elementor-widget-container\">\n\t\t\t\t\t<div class=\"woocommerce columns-3 \"><ul class=\"products elementor-grid columns-3\">\n<li class=\"product type-product post-9276 status-publish first instock product_cat-egyeb has-post-thumbnail taxable shipping-taxable purchasable product-type-phive_booking\">\n\t<a href=\"https:\/\/serapias.eu\/hu\/termek\/vad-eszak-gorogorszag-reggeltol-estig-egynapos-okotura\/\" class=\"woocommerce-LoopProduct-link woocommerce-loop-product__link\"><img fetchpriority=\"high\" decoding=\"async\" width=\"600\" height=\"450\" src=\"https:\/\/serapias.eu\/wp-content\/uploads\/2025\/06\/DSC_9459_j_k-600x450.jpg\" class=\"attachment-woocommerce_thumbnail size-woocommerce_thumbnail\" alt=\"Vad \u00c9szak-G\u00f6r\u00f6gorsz\u00e1g, reggelt\u0151l estig - egynapos \u00f6kot\u00fara\" srcset=\"https:\/\/serapias.eu\/wp-content\/uploads\/2025\/06\/DSC_9459_j_k-600x450.jpg 600w, https:\/\/serapias.eu\/wp-content\/uploads\/2025\/06\/DSC_9459_j_k-15x12.jpg 15w\" sizes=\"(max-width: 600px) 100vw, 600px\" \/><h2 class=\"woocommerce-loop-product__title\">Vad \u00c9szak-G\u00f6r\u00f6gorsz\u00e1g, reggelt\u0151l estig &#8211; egynapos \u00f6kot\u00fara<\/h2>\n\t<span class=\"price\"><span class=\"woocommerce-Price-amount amount\"><bdi>75&nbsp;<span class=\"woocommerce-Price-currencySymbol\">&euro;<\/span><\/bdi><\/span><\/span>\n<\/a><a href=\"https:\/\/serapias.eu\/hu\/termek\/vad-eszak-gorogorszag-reggeltol-estig-egynapos-okotura\/\" aria-describedby=\"woocommerce_loop_add_to_cart_link_describedby_9276\" data-quantity=\"1\" class=\"button product_type_phive_booking add_to_cart_button\" data-product_id=\"9276\" data-product_sku=\"\" aria-label=\"&ldquo;Vad \u00c9szak-G\u00f6r\u00f6gorsz\u00e1g, reggelt\u0151l estig - egynapos \u00f6kot\u00fara&rdquo; term\u00e9kr\u0151l t\u00f6bb inform\u00e1ci\u00f3\" rel=\"nofollow\">Foglal\u00e1s<\/a>\t<span id=\"woocommerce_loop_add_to_cart_link_describedby_9276\" class=\"screen-reader-text\">\n\t\t\t<\/span>\n<\/li>\n<li class=\"product type-product post-9248 status-publish instock product_cat-egyeb has-post-thumbnail taxable shipping-taxable purchasable product-type-phive_booking\">\n\t<a href=\"https:\/\/serapias.eu\/hu\/termek\/ebredo-eszak-gorogorszag-kora-tavaszi-4-napos-okotura\/\" class=\"woocommerce-LoopProduct-link woocommerce-loop-product__link\"><img decoding=\"async\" width=\"600\" height=\"450\" src=\"https:\/\/serapias.eu\/wp-content\/uploads\/2025\/06\/DSC_4524_v_j_k-600x450.jpg\" class=\"attachment-woocommerce_thumbnail size-woocommerce_thumbnail\" alt=\"\u00c9bred\u0151 \u00c9szak-G\u00f6r\u00f6gorsz\u00e1g - kora tavaszi 4 napos \u00f6kot\u00fara\" srcset=\"https:\/\/serapias.eu\/wp-content\/uploads\/2025\/06\/DSC_4524_v_j_k-600x450.jpg 600w, https:\/\/serapias.eu\/wp-content\/uploads\/2025\/06\/DSC_4524_v_j_k-16x12.jpg 16w\" sizes=\"(max-width: 600px) 100vw, 600px\" \/><h2 class=\"woocommerce-loop-product__title\">\u00c9bred\u0151 \u00c9szak-G\u00f6r\u00f6gorsz\u00e1g &#8211; kora tavaszi 4 napos \u00f6kot\u00fara<\/h2>\n\t<span class=\"price\"><span class=\"woocommerce-Price-amount amount\"><bdi>300&nbsp;<span class=\"woocommerce-Price-currencySymbol\">&euro;<\/span><\/bdi><\/span><\/span>\n<\/a><a href=\"https:\/\/serapias.eu\/hu\/termek\/ebredo-eszak-gorogorszag-kora-tavaszi-4-napos-okotura\/\" aria-describedby=\"woocommerce_loop_add_to_cart_link_describedby_9248\" data-quantity=\"1\" class=\"button product_type_phive_booking add_to_cart_button\" data-product_id=\"9248\" data-product_sku=\"\" aria-label=\"&ldquo;\u00c9bred\u0151 \u00c9szak-G\u00f6r\u00f6gorsz\u00e1g - kora tavaszi 4 napos \u00f6kot\u00fara&rdquo; term\u00e9kr\u0151l t\u00f6bb inform\u00e1ci\u00f3\" rel=\"nofollow\">Foglal\u00e1s<\/a>\t<span id=\"woocommerce_loop_add_to_cart_link_describedby_9248\" class=\"screen-reader-text\">\n\t\t\t<\/span>\n<\/li>\n<li class=\"product type-product post-9271 status-publish last instock product_cat-egyeb has-post-thumbnail taxable shipping-taxable purchasable product-type-phive_booking\">\n\t<a href=\"https:\/\/serapias.eu\/hu\/termek\/vadviragos-eszak-gorogorszag-tavaszi-kora-nyari-okotura\/\" class=\"woocommerce-LoopProduct-link woocommerce-loop-product__link\"><img decoding=\"async\" width=\"600\" height=\"450\" src=\"https:\/\/serapias.eu\/wp-content\/uploads\/2025\/06\/DSC_0074_j_k-600x450.jpg\" class=\"attachment-woocommerce_thumbnail size-woocommerce_thumbnail\" alt=\"Vadvir\u00e1gos \u00c9szak-G\u00f6r\u00f6gorsz\u00e1g - tavaszi - kora ny\u00e1ri 5 napos \u00f6kot\u00fara\" srcset=\"https:\/\/serapias.eu\/wp-content\/uploads\/2025\/06\/DSC_0074_j_k-600x450.jpg 600w, https:\/\/serapias.eu\/wp-content\/uploads\/2025\/06\/DSC_0074_j_k-15x12.jpg 15w\" sizes=\"(max-width: 600px) 100vw, 600px\" \/><h2 class=\"woocommerce-loop-product__title\">Vadvir\u00e1gos \u00c9szak-G\u00f6r\u00f6gorsz\u00e1g &#8211; tavaszi &#8211; kora ny\u00e1ri 5 napos \u00f6kot\u00fara<\/h2>\n\t<span class=\"price\"><span class=\"woocommerce-Price-amount amount\"><bdi>400&nbsp;<span class=\"woocommerce-Price-currencySymbol\">&euro;<\/span><\/bdi><\/span><\/span>\n<\/a><a href=\"https:\/\/serapias.eu\/hu\/termek\/vadviragos-eszak-gorogorszag-tavaszi-kora-nyari-okotura\/\" aria-describedby=\"woocommerce_loop_add_to_cart_link_describedby_9271\" data-quantity=\"1\" class=\"button product_type_phive_booking add_to_cart_button\" data-product_id=\"9271\" data-product_sku=\"\" aria-label=\"&ldquo;Vadvir\u00e1gos \u00c9szak-G\u00f6r\u00f6gorsz\u00e1g - tavaszi - kora ny\u00e1ri 5 napos \u00f6kot\u00fara&rdquo; term\u00e9kr\u0151l t\u00f6bb inform\u00e1ci\u00f3\" rel=\"nofollow\">Foglal\u00e1s<\/a>\t<span id=\"woocommerce_loop_add_to_cart_link_describedby_9271\" class=\"screen-reader-text\">\n\t\t\t<\/span>\n<\/li>\n<li class=\"product type-product post-9279 status-publish first instock product_cat-egyeb has-post-thumbnail taxable shipping-taxable purchasable product-type-phive_booking\">\n\t<a href=\"https:\/\/serapias.eu\/hu\/termek\/egyejszakas-kalmarozas-egynapos-horgasztura\/\" class=\"woocommerce-LoopProduct-link woocommerce-loop-product__link\"><img loading=\"lazy\" decoding=\"async\" width=\"600\" height=\"450\" src=\"https:\/\/serapias.eu\/wp-content\/uploads\/2025\/06\/20240125_163751_k-600x450.jpg\" class=\"attachment-woocommerce_thumbnail size-woocommerce_thumbnail\" alt=\"Egy\u00e9jszak\u00e1s kalm\u00e1roz\u00e1s - egynapos horg\u00e1szt\u00fara\" srcset=\"https:\/\/serapias.eu\/wp-content\/uploads\/2025\/06\/20240125_163751_k-600x450.jpg 600w, https:\/\/serapias.eu\/wp-content\/uploads\/2025\/06\/20240125_163751_k-14x12.jpg 14w\" sizes=\"(max-width: 600px) 100vw, 600px\" \/><h2 class=\"woocommerce-loop-product__title\">Egy\u00e9jszak\u00e1s kalm\u00e1roz\u00e1s &#8211; egynapos horg\u00e1szt\u00fara<\/h2>\n\t<span class=\"price\"><span class=\"woocommerce-Price-amount amount\"><bdi>100&nbsp;<span class=\"woocommerce-Price-currencySymbol\">&euro;<\/span><\/bdi><\/span><\/span>\n<\/a><a href=\"https:\/\/serapias.eu\/hu\/termek\/egyejszakas-kalmarozas-egynapos-horgasztura\/\" aria-describedby=\"woocommerce_loop_add_to_cart_link_describedby_9279\" data-quantity=\"1\" class=\"button product_type_phive_booking add_to_cart_button\" data-product_id=\"9279\" data-product_sku=\"\" aria-label=\"&ldquo;Egy\u00e9jszak\u00e1s kalm\u00e1roz\u00e1s - egynapos horg\u00e1szt\u00fara&rdquo; term\u00e9kr\u0151l t\u00f6bb inform\u00e1ci\u00f3\" rel=\"nofollow\">Foglal\u00e1s<\/a>\t<span id=\"woocommerce_loop_add_to_cart_link_describedby_9279\" class=\"screen-reader-text\">\n\t\t\t<\/span>\n<\/li>\n<li class=\"product type-product post-8955 status-publish instock product_cat-egyeb has-post-thumbnail taxable shipping-taxable purchasable product-type-phive_booking\">\n\t<a href=\"https:\/\/serapias.eu\/hu\/termek\/tobb-ejszakas-kalmarozas-4-napos-tura\/\" class=\"woocommerce-LoopProduct-link woocommerce-loop-product__link\"><img loading=\"lazy\" decoding=\"async\" width=\"600\" height=\"450\" src=\"https:\/\/serapias.eu\/wp-content\/uploads\/2025\/05\/horgaszturak_3-600x450.webp\" class=\"attachment-woocommerce_thumbnail size-woocommerce_thumbnail\" alt=\"T\u00f6bb \u00e9jszak\u00e1s kalm\u00e1roz\u00e1s - 4 napos t\u00fara\" \/><h2 class=\"woocommerce-loop-product__title\">T\u00f6bb \u00e9jszak\u00e1s kalm\u00e1roz\u00e1s &#8211; 4 napos t\u00fara<\/h2>\n\t<span class=\"price\"><span class=\"woocommerce-Price-amount amount\"><bdi>400&nbsp;<span class=\"woocommerce-Price-currencySymbol\">&euro;<\/span><\/bdi><\/span><\/span>\n<\/a><a href=\"https:\/\/serapias.eu\/hu\/termek\/tobb-ejszakas-kalmarozas-4-napos-tura\/\" aria-describedby=\"woocommerce_loop_add_to_cart_link_describedby_8955\" data-quantity=\"1\" class=\"button product_type_phive_booking add_to_cart_button\" data-product_id=\"8955\" data-product_sku=\"\" aria-label=\"&ldquo;T\u00f6bb \u00e9jszak\u00e1s kalm\u00e1roz\u00e1s - 4 napos t\u00fara&rdquo; term\u00e9kr\u0151l t\u00f6bb inform\u00e1ci\u00f3\" rel=\"nofollow\">Foglal\u00e1s<\/a>\t<span id=\"woocommerce_loop_add_to_cart_link_describedby_8955\" class=\"screen-reader-text\">\n\t\t\t<\/span>\n<\/li>\n<\/ul>\n<\/div>\t\t\t\t<\/div>\n\t\t\t\t<\/div>\n\t\t\t\t\t<\/div>\n\t\t\t\t<\/div>\n\t\t\t\t<\/div>\n\t\t","protected":false},"excerpt":{"rendered":"","protected":false},"author":1,"featured_media":0,"parent":0,"menu_order":0,"comment_status":"closed","ping_status":"closed","template":"","meta":{"_acf_changed":false,"inline_featured_image":false,"footnotes":""},"class_list":["post-9836","page","type-page","status-publish","hentry"],"acf":[],"_links":{"self":[{"href":"https:\/\/serapias.eu\/hu\/wp-json\/wp\/v2\/pages\/9836","targetHints":{"allow":["GET"]}}],"collection":[{"href":"https:\/\/serapias.eu\/hu\/wp-json\/wp\/v2\/pages"}],"about":[{"href":"https:\/\/serapias.eu\/hu\/wp-json\/wp\/v2\/types\/page"}],"author":[{"embeddable":true,"href":"https:\/\/serapias.eu\/hu\/wp-json\/wp\/v2\/users\/1"}],"replies":[{"embeddable":true,"href":"https:\/\/serapias.eu\/hu\/wp-json\/wp\/v2\/comments?post=9836"}],"version-history":[{"count":6,"href":"https:\/\/serapias.eu\/hu\/wp-json\/wp\/v2\/pages\/9836\/revisions"}],"predecessor-version":[{"id":10379,"href":"https:\/\/serapias.eu\/hu\/wp-json\/wp\/v2\/pages\/9836\/revisions\/10379"}],"wp:attachment":[{"href":"https:\/\/serapias.eu\/hu\/wp-json\/wp\/v2\/media?parent=9836"}],"curies":[{"name":"wp","href":"https:\/\/api.w.org\/{rel}","templated":true}]}}