{"id":9809,"date":"2025-07-19T17:50:06","date_gmt":"2025-07-19T15:50:06","guid":{"rendered":"https:\/\/serapias.eu\/?page_id=9809"},"modified":"2025-07-19T17:50:48","modified_gmt":"2025-07-19T15:50:48","slug":"rolunk","status":"publish","type":"page","link":"https:\/\/serapias.eu\/hu\/rolunk\/","title":{"rendered":"R\u00f3lunk"},"content":{"rendered":"\t\t<div data-elementor-type=\"wp-page\" data-elementor-id=\"9809\" class=\"elementor elementor-9809\" data-elementor-post-type=\"page\">\n\t\t\t\t<div class=\"elementor-element elementor-element-6e7de85d e-flex e-con-boxed e-con e-parent\" data-id=\"6e7de85d\" data-element_type=\"container\">\n\t\t\t\t\t<div class=\"e-con-inner\">\n\t\t<div class=\"elementor-element elementor-element-7a712885 e-con-full e-flex e-con e-child\" data-id=\"7a712885\" data-element_type=\"container\">\n\t\t\t\t<div class=\"elementor-element elementor-element-67406d6a elementor-widget elementor-widget-text-editor\" data-id=\"67406d6a\" data-element_type=\"widget\" data-widget_type=\"text-editor.default\">\n\t\t\t\t<div class=\"elementor-widget-container\">\n\t\t\t\t\t\t\t\t\t<p><strong>Kicsit r\u00e9szletesebben mi is az a SERAPIAS<\/strong><\/p><p>A SERAPIAS egy olyan n\u00f6v\u00e9ny, mely rendk\u00edv\u00fcl hat\u00e9konyan hasznos\u00edtja er\u0151forr\u00e1sait \u00e9s a legsz\u00e1razabb \u00e9l\u0151helyeken is meg\u00e9l szerte a mediterr\u00e1n r\u00e9gi\u00f3ban. Ezen k\u00edv\u00fcl t\u00f6bb gombafajjal harmonikus egy\u00fcttm\u0171k\u00f6d\u00e9sben, szimbi\u00f3zisban, kompromisszumok ment\u00e9n \u00e9li \u00e9let\u00e9t. Tudom\u00e1nyos nev\u00e9t Szer\u00e1pisz istenr\u0151l kapta, akinek kultusz\u00e1val az egyiptomi \u00e9s a g\u00f6r\u00f6g vall\u00e1sokat kapcsolt\u00e1k \u00f6ssze, hogy az \u00faj istens\u00e9g tisztelet\u00e9vel k\u00f6zelebb hozz\u00e1k az \u00f3korban a k\u00e9t n\u00e9pet \u00e9s egyes\u00edts\u00e9k vall\u00e1sukat, vil\u00e1gl\u00e1t\u00e1sukat.<\/p><p>Ennek a weboldalnak a n\u00e9vad\u00e1s\u00e1t teh\u00e1t nem a v\u00e9letlen sz\u00fclte \u00e9s nem csup\u00e1n egy fant\u00e1zian\u00e9v. Az \u00f3kori n\u00e9pekhez hasonl\u00f3an mi is szeretn\u00e9nk az egym\u00e1st\u00f3l t\u00e1vol \u00e1ll\u00f3, szakmaidegen szektorokat \u00f6sszekapcsolni, hogy a m\u00e9rn\u00f6k \u00e9s az \u00f6kol\u00f3gus kompromisszumra t\u00f6rekedjen, erd\u00e9sz, f\u00f6ldm\u0171ves, vagy befektet\u0151 egyar\u00e1nt meg\u00e9rtse a term\u00e9szetv\u00e9delmi szakemberek nyelv\u00e9t \u00e9s a term\u00e9szetv\u00e9delmi jogszab\u00e1lyok \u00e9rveit, el\u0151\u00edr\u00e1sait, azokat egym\u00e1ssal harm\u00f3ni\u00e1ban k\u00f6vesse.<\/p><p>Mindezt tessz\u00fck egy, a SERAPIAS a n\u00f6v\u00e9ny \u00e9s mikorrhiza gomb\u00e1ihoz hasonl\u00f3 szimbi\u00f3zisban egym\u00e1ssal egy\u00fcttm\u0171k\u00f6d\u0151 szakemberek k\u00f6z\u00f6ss\u00e9gek\u00e9nt term\u00e9szeti \u00e9rt\u00e9keink v\u00e9delme \u00e9rdek\u00e9ben. Tapasztalatunkat az \u00f6kol\u00f3gia \u00e9s a gyakorlati term\u00e9szetv\u00e9delem ter\u00e9n megalapozza mindenekel\u0151tt a term\u00e9szeti \u00e9rt\u00e9kek, a biol\u00f3giai sokf\u00e9les\u00e9g ir\u00e1nt gyerekkort\u00f3l t\u00e1pl\u00e1lt elk\u00f6telezetts\u00e9g \u00e9s szerelem, ezen k\u00edv\u00fcl a t\u00f6bb mint 20 \u00e9ves szakmai \u00e9s v\u00e1llalkoz\u00f3i gyakorlat, az \u00e1llamigazgat\u00e1sban, \u00e1llami term\u00e9szetv\u00e9delemben elt\u00f6lt\u00f6tt szolg\u00e1lati id\u0151 alatt szerzett ismeretanyag, a sok ezer nap, amit terepi munk\u00e1val, vagy a term\u00e9szet m\u0171k\u00f6d\u00e9s\u00e9nek megismer\u00e9s\u00e9vel t\u00f6lt\u00f6tt\u00fcnk.\u00a0<\/p>\t\t\t\t\t\t\t\t<\/div>\n\t\t\t\t<\/div>\n\t\t\t\t<\/div>\n\t\t<div class=\"elementor-element elementor-element-51a1503a e-con-full e-flex e-con e-child\" data-id=\"51a1503a\" data-element_type=\"container\">\n\t\t\t\t<div class=\"elementor-element elementor-element-e90441b elementor-widget elementor-widget-image\" data-id=\"e90441b\" data-element_type=\"widget\" data-widget_type=\"image.default\">\n\t\t\t\t<div class=\"elementor-widget-container\">\n\t\t\t\t\t\t\t\t\t\t\t\t\t\t\t<img fetchpriority=\"high\" decoding=\"async\" width=\"768\" height=\"1024\" src=\"https:\/\/serapias.eu\/wp-content\/uploads\/2023\/10\/Serapias_neglecta_habitus-768x1024.jpg\" class=\"attachment-large size-large wp-image-8418\" alt=\"\" srcset=\"https:\/\/serapias.eu\/wp-content\/uploads\/2023\/10\/Serapias_neglecta_habitus-768x1024.jpg 768w, https:\/\/serapias.eu\/wp-content\/uploads\/2023\/10\/Serapias_neglecta_habitus-225x300.jpg 225w, https:\/\/serapias.eu\/wp-content\/uploads\/2023\/10\/Serapias_neglecta_habitus-1151x1536.jpg 1151w, https:\/\/serapias.eu\/wp-content\/uploads\/2023\/10\/Serapias_neglecta_habitus-1535x2048.jpg 1535w, https:\/\/serapias.eu\/wp-content\/uploads\/2023\/10\/Serapias_neglecta_habitus-9x12.jpg 9w, https:\/\/serapias.eu\/wp-content\/uploads\/2023\/10\/Serapias_neglecta_habitus-scaled.jpg 1919w\" sizes=\"(max-width: 768px) 100vw, 768px\" \/>\t\t\t\t\t\t\t\t\t\t\t\t\t\t\t<\/div>\n\t\t\t\t<\/div>\n\t\t\t\t<\/div>\n\t\t\t\t\t<\/div>\n\t\t\t\t<\/div>\n\t\t<div class=\"elementor-element elementor-element-3f4b3e81 e-flex e-con-boxed e-con e-parent\" data-id=\"3f4b3e81\" data-element_type=\"container\">\n\t\t\t\t\t<div class=\"e-con-inner\">\n\t\t<div class=\"elementor-element elementor-element-3a6b2937 e-con-full e-flex e-con e-child\" data-id=\"3a6b2937\" data-element_type=\"container\">\n\t\t\t\t<div class=\"elementor-element elementor-element-3682e16c elementor-widget elementor-widget-gallery\" data-id=\"3682e16c\" data-element_type=\"widget\" data-settings=\"{&quot;gallery_layout&quot;:&quot;justified&quot;,&quot;ideal_row_height&quot;:{&quot;unit&quot;:&quot;px&quot;,&quot;size&quot;:123,&quot;sizes&quot;:[]},&quot;gap&quot;:{&quot;unit&quot;:&quot;px&quot;,&quot;size&quot;:7,&quot;sizes&quot;:[]},&quot;lazyload&quot;:&quot;yes&quot;,&quot;ideal_row_height_laptop&quot;:{&quot;unit&quot;:&quot;px&quot;,&quot;size&quot;:150,&quot;sizes&quot;:[]},&quot;ideal_row_height_tablet_extra&quot;:{&quot;unit&quot;:&quot;px&quot;,&quot;size&quot;:150,&quot;sizes&quot;:[]},&quot;ideal_row_height_tablet&quot;:{&quot;unit&quot;:&quot;px&quot;,&quot;size&quot;:150,&quot;sizes&quot;:[]},&quot;ideal_row_height_mobile_extra&quot;:{&quot;unit&quot;:&quot;px&quot;,&quot;size&quot;:150,&quot;sizes&quot;:[]},&quot;ideal_row_height_mobile&quot;:{&quot;unit&quot;:&quot;px&quot;,&quot;size&quot;:150,&quot;sizes&quot;:[]},&quot;gap_laptop&quot;:{&quot;unit&quot;:&quot;px&quot;,&quot;size&quot;:10,&quot;sizes&quot;:[]},&quot;gap_tablet_extra&quot;:{&quot;unit&quot;:&quot;px&quot;,&quot;size&quot;:10,&quot;sizes&quot;:[]},&quot;gap_tablet&quot;:{&quot;unit&quot;:&quot;px&quot;,&quot;size&quot;:10,&quot;sizes&quot;:[]},&quot;gap_mobile_extra&quot;:{&quot;unit&quot;:&quot;px&quot;,&quot;size&quot;:10,&quot;sizes&quot;:[]},&quot;gap_mobile&quot;:{&quot;unit&quot;:&quot;px&quot;,&quot;size&quot;:10,&quot;sizes&quot;:[]},&quot;link_to&quot;:&quot;file&quot;,&quot;overlay_background&quot;:&quot;yes&quot;,&quot;content_hover_animation&quot;:&quot;fade-in&quot;}\" data-widget_type=\"gallery.default\">\n\t\t\t\t<div class=\"elementor-widget-container\">\n\t\t\t\t\t\t\t<div class=\"elementor-gallery__container\">\n\t\t\t\t\t\t\t<a class=\"e-gallery-item elementor-gallery-item elementor-animated-content\" href=\"https:\/\/serapias.eu\/wp-content\/uploads\/2025\/05\/Landscape_of_alpine_and_subalpine_meadows_and_pine_forests_on_Mount_Falakro_above_the_town_of_Drama_Greece.jpg\" data-elementor-open-lightbox=\"yes\" data-elementor-lightbox-slideshow=\"3682e16c\" data-elementor-lightbox-title=\"Landscape_of_alpine_and_subalpine_meadows_and_pine_forests_on_Mount_Falakro_above_the_town_of_Drama_Greece\" data-e-action-hash=\"#elementor-action%3Aaction%3Dlightbox%26settings%3DeyJpZCI6ODE2NiwidXJsIjoiaHR0cHM6XC9cL3NlcmFwaWFzLmV1XC93cC1jb250ZW50XC91cGxvYWRzXC8yMDI1XC8wNVwvTGFuZHNjYXBlX29mX2FscGluZV9hbmRfc3ViYWxwaW5lX21lYWRvd3NfYW5kX3BpbmVfZm9yZXN0c19vbl9Nb3VudF9GYWxha3JvX2Fib3ZlX3RoZV90b3duX29mX0RyYW1hX0dyZWVjZS5qcGciLCJzbGlkZXNob3ciOiIzNjgyZTE2YyJ9\">\n\t\t\t\t\t<div class=\"e-gallery-image elementor-gallery-item__image\" data-thumbnail=\"https:\/\/serapias.eu\/wp-content\/uploads\/2025\/05\/Landscape_of_alpine_and_subalpine_meadows_and_pine_forests_on_Mount_Falakro_above_the_town_of_Drama_Greece-300x169.jpg\" data-width=\"300\" data-height=\"169\" aria-label=\"\" role=\"img\" ><\/div>\n\t\t\t\t\t\t\t\t\t\t\t<div class=\"elementor-gallery-item__overlay\"><\/div>\n\t\t\t\t\t\t\t\t\t\t\t\t\t\t<\/a>\n\t\t\t\t\t\t\t<a class=\"e-gallery-item elementor-gallery-item elementor-animated-content\" href=\"https:\/\/serapias.eu\/wp-content\/uploads\/2025\/05\/Blooming_spring_gentian_Gentiana_verna_subsp_balcanica_flowers_in_a_circle_in_the_grass_Mount_Falakro_Greece.jpg\" data-elementor-open-lightbox=\"yes\" data-elementor-lightbox-slideshow=\"3682e16c\" data-elementor-lightbox-title=\"Blooming_spring_gentian_(Gentiana_verna_subsp_balcanica)_flowers_in_a_circle_in_the_grass_Mount_Falakro_Greece\" data-e-action-hash=\"#elementor-action%3Aaction%3Dlightbox%26settings%3DeyJpZCI6ODE1NiwidXJsIjoiaHR0cHM6XC9cL3NlcmFwaWFzLmV1XC93cC1jb250ZW50XC91cGxvYWRzXC8yMDI1XC8wNVwvQmxvb21pbmdfc3ByaW5nX2dlbnRpYW5fR2VudGlhbmFfdmVybmFfc3Vic3BfYmFsY2FuaWNhX2Zsb3dlcnNfaW5fYV9jaXJjbGVfaW5fdGhlX2dyYXNzX01vdW50X0ZhbGFrcm9fR3JlZWNlLmpwZyIsInNsaWRlc2hvdyI6IjM2ODJlMTZjIn0%3D\">\n\t\t\t\t\t<div class=\"e-gallery-image elementor-gallery-item__image\" data-thumbnail=\"https:\/\/serapias.eu\/wp-content\/uploads\/2025\/05\/Blooming_spring_gentian_Gentiana_verna_subsp_balcanica_flowers_in_a_circle_in_the_grass_Mount_Falakro_Greece-300x200.jpg\" data-width=\"300\" data-height=\"200\" aria-label=\"\" role=\"img\" ><\/div>\n\t\t\t\t\t\t\t\t\t\t\t<div class=\"elementor-gallery-item__overlay\"><\/div>\n\t\t\t\t\t\t\t\t\t\t\t\t\t\t<\/a>\n\t\t\t\t\t\t\t<a class=\"e-gallery-item elementor-gallery-item elementor-animated-content\" href=\"https:\/\/serapias.eu\/wp-content\/uploads\/2025\/05\/DSC_9482_j-e1752754250685.jpg\" data-elementor-open-lightbox=\"yes\" data-elementor-lightbox-slideshow=\"3682e16c\" data-elementor-lightbox-title=\"DSC_9482_j\" data-e-action-hash=\"#elementor-action%3Aaction%3Dlightbox%26settings%3DeyJpZCI6ODE2MSwidXJsIjoiaHR0cHM6XC9cL3NlcmFwaWFzLmV1XC93cC1jb250ZW50XC91cGxvYWRzXC8yMDI1XC8wNVwvRFNDXzk0ODJfai1lMTc1Mjc1NDI1MDY4NS5qcGciLCJzbGlkZXNob3ciOiIzNjgyZTE2YyJ9\">\n\t\t\t\t\t<div class=\"e-gallery-image elementor-gallery-item__image\" data-thumbnail=\"https:\/\/serapias.eu\/wp-content\/uploads\/2025\/05\/DSC_9482_j-e1752754250685-300x244.jpg\" data-width=\"300\" data-height=\"244\" aria-label=\"\" role=\"img\" ><\/div>\n\t\t\t\t\t\t\t\t\t\t\t<div class=\"elementor-gallery-item__overlay\"><\/div>\n\t\t\t\t\t\t\t\t\t\t\t\t\t\t<\/a>\n\t\t\t\t\t\t\t<a class=\"e-gallery-item elementor-gallery-item elementor-animated-content\" href=\"https:\/\/serapias.eu\/wp-content\/uploads\/2025\/05\/DSC_3731_j.webp\" data-elementor-open-lightbox=\"yes\" data-elementor-lightbox-slideshow=\"3682e16c\" data-elementor-lightbox-title=\"DSC_3731_j\" data-e-action-hash=\"#elementor-action%3Aaction%3Dlightbox%26settings%3DeyJpZCI6NzQ0NiwidXJsIjoiaHR0cHM6XC9cL3NlcmFwaWFzLmV1XC93cC1jb250ZW50XC91cGxvYWRzXC8yMDI1XC8wNVwvRFNDXzM3MzFfai53ZWJwIiwic2xpZGVzaG93IjoiMzY4MmUxNmMifQ%3D%3D\">\n\t\t\t\t\t<div class=\"e-gallery-image elementor-gallery-item__image\" data-thumbnail=\"https:\/\/serapias.eu\/wp-content\/uploads\/2025\/05\/DSC_3731_j-300x200.webp\" data-width=\"300\" data-height=\"200\" aria-label=\"\" role=\"img\" ><\/div>\n\t\t\t\t\t\t\t\t\t\t\t<div class=\"elementor-gallery-item__overlay\"><\/div>\n\t\t\t\t\t\t\t\t\t\t\t\t\t\t<\/a>\n\t\t\t\t\t\t\t<a class=\"e-gallery-item elementor-gallery-item elementor-animated-content\" href=\"https:\/\/serapias.eu\/wp-content\/uploads\/2025\/05\/DSC_3519_v_j_2.webp\" data-elementor-open-lightbox=\"yes\" data-elementor-lightbox-slideshow=\"3682e16c\" data-elementor-lightbox-title=\"DSC_3519_v_j_2\" data-e-action-hash=\"#elementor-action%3Aaction%3Dlightbox%26settings%3DeyJpZCI6NzQzMiwidXJsIjoiaHR0cHM6XC9cL3NlcmFwaWFzLmV1XC93cC1jb250ZW50XC91cGxvYWRzXC8yMDI1XC8wNVwvRFNDXzM1MTlfdl9qXzIud2VicCIsInNsaWRlc2hvdyI6IjM2ODJlMTZjIn0%3D\">\n\t\t\t\t\t<div class=\"e-gallery-image elementor-gallery-item__image\" data-thumbnail=\"https:\/\/serapias.eu\/wp-content\/uploads\/2025\/05\/DSC_3519_v_j_2-300x169.webp\" data-width=\"300\" data-height=\"169\" aria-label=\"\" role=\"img\" ><\/div>\n\t\t\t\t\t\t\t\t\t\t\t<div class=\"elementor-gallery-item__overlay\"><\/div>\n\t\t\t\t\t\t\t\t\t\t\t\t\t\t<\/a>\n\t\t\t\t\t\t\t<a class=\"e-gallery-item elementor-gallery-item elementor-animated-content\" href=\"https:\/\/serapias.eu\/wp-content\/uploads\/2025\/05\/20240711_101242_2.webp\" data-elementor-open-lightbox=\"yes\" data-elementor-lightbox-slideshow=\"3682e16c\" data-elementor-lightbox-title=\"20240711_101242_2\" data-e-action-hash=\"#elementor-action%3Aaction%3Dlightbox%26settings%3DeyJpZCI6NzM3NywidXJsIjoiaHR0cHM6XC9cL3NlcmFwaWFzLmV1XC93cC1jb250ZW50XC91cGxvYWRzXC8yMDI1XC8wNVwvMjAyNDA3MTFfMTAxMjQyXzIud2VicCIsInNsaWRlc2hvdyI6IjM2ODJlMTZjIn0%3D\">\n\t\t\t\t\t<div class=\"e-gallery-image elementor-gallery-item__image\" data-thumbnail=\"https:\/\/serapias.eu\/wp-content\/uploads\/2025\/05\/20240711_101242_2-300x225.webp\" data-width=\"300\" data-height=\"225\" aria-label=\"\" role=\"img\" ><\/div>\n\t\t\t\t\t\t\t\t\t\t\t<div class=\"elementor-gallery-item__overlay\"><\/div>\n\t\t\t\t\t\t\t\t\t\t\t\t\t\t<\/a>\n\t\t\t\t\t\t\t<a class=\"e-gallery-item elementor-gallery-item elementor-animated-content\" href=\"https:\/\/serapias.eu\/wp-content\/uploads\/2025\/05\/DSC_9357_k.webp\" data-elementor-open-lightbox=\"yes\" data-elementor-lightbox-slideshow=\"3682e16c\" data-elementor-lightbox-title=\"DSC_9357_k\" data-e-action-hash=\"#elementor-action%3Aaction%3Dlightbox%26settings%3DeyJpZCI6NzM1MCwidXJsIjoiaHR0cHM6XC9cL3NlcmFwaWFzLmV1XC93cC1jb250ZW50XC91cGxvYWRzXC8yMDI1XC8wNVwvRFNDXzkzNTdfay53ZWJwIiwic2xpZGVzaG93IjoiMzY4MmUxNmMifQ%3D%3D\">\n\t\t\t\t\t<div class=\"e-gallery-image elementor-gallery-item__image\" data-thumbnail=\"https:\/\/serapias.eu\/wp-content\/uploads\/2025\/05\/DSC_9357_k-300x200.webp\" data-width=\"300\" data-height=\"200\" aria-label=\"\" role=\"img\" ><\/div>\n\t\t\t\t\t\t\t\t\t\t\t<div class=\"elementor-gallery-item__overlay\"><\/div>\n\t\t\t\t\t\t\t\t\t\t\t\t\t\t<\/a>\n\t\t\t\t\t\t\t<a class=\"e-gallery-item elementor-gallery-item elementor-animated-content\" href=\"https:\/\/serapias.eu\/wp-content\/uploads\/2025\/05\/DSC_9384_k.webp\" data-elementor-open-lightbox=\"yes\" data-elementor-lightbox-slideshow=\"3682e16c\" data-elementor-lightbox-title=\"DSC_9384_k\" data-e-action-hash=\"#elementor-action%3Aaction%3Dlightbox%26settings%3DeyJpZCI6NzM1MywidXJsIjoiaHR0cHM6XC9cL3NlcmFwaWFzLmV1XC93cC1jb250ZW50XC91cGxvYWRzXC8yMDI1XC8wNVwvRFNDXzkzODRfay53ZWJwIiwic2xpZGVzaG93IjoiMzY4MmUxNmMifQ%3D%3D\">\n\t\t\t\t\t<div class=\"e-gallery-image elementor-gallery-item__image\" data-thumbnail=\"https:\/\/serapias.eu\/wp-content\/uploads\/2025\/05\/DSC_9384_k-300x200.webp\" data-width=\"300\" data-height=\"200\" aria-label=\"\" role=\"img\" ><\/div>\n\t\t\t\t\t\t\t\t\t\t\t<div class=\"elementor-gallery-item__overlay\"><\/div>\n\t\t\t\t\t\t\t\t\t\t\t\t\t\t<\/a>\n\t\t\t\t\t\t\t<a class=\"e-gallery-item elementor-gallery-item elementor-animated-content\" href=\"https:\/\/serapias.eu\/wp-content\/uploads\/2025\/05\/DSC_6491_j_2.webp\" data-elementor-open-lightbox=\"yes\" data-elementor-lightbox-slideshow=\"3682e16c\" data-elementor-lightbox-title=\"DSC_6491_j_2\" data-e-action-hash=\"#elementor-action%3Aaction%3Dlightbox%26settings%3DeyJpZCI6NzMyMywidXJsIjoiaHR0cHM6XC9cL3NlcmFwaWFzLmV1XC93cC1jb250ZW50XC91cGxvYWRzXC8yMDI1XC8wNVwvRFNDXzY0OTFfal8yLndlYnAiLCJzbGlkZXNob3ciOiIzNjgyZTE2YyJ9\">\n\t\t\t\t\t<div class=\"e-gallery-image elementor-gallery-item__image\" data-thumbnail=\"https:\/\/serapias.eu\/wp-content\/uploads\/2025\/05\/DSC_6491_j_2-300x200.webp\" data-width=\"300\" data-height=\"200\" aria-label=\"\" role=\"img\" ><\/div>\n\t\t\t\t\t\t\t\t\t\t\t<div class=\"elementor-gallery-item__overlay\"><\/div>\n\t\t\t\t\t\t\t\t\t\t\t\t\t\t<\/a>\n\t\t\t\t\t\t\t<a class=\"e-gallery-item elementor-gallery-item elementor-animated-content\" href=\"https:\/\/serapias.eu\/wp-content\/uploads\/2025\/05\/DSC_5562_j_2.webp\" data-elementor-open-lightbox=\"yes\" data-elementor-lightbox-slideshow=\"3682e16c\" data-elementor-lightbox-title=\"DSC_5562_j_2\" data-e-action-hash=\"#elementor-action%3Aaction%3Dlightbox%26settings%3DeyJpZCI6NzMxOSwidXJsIjoiaHR0cHM6XC9cL3NlcmFwaWFzLmV1XC93cC1jb250ZW50XC91cGxvYWRzXC8yMDI1XC8wNVwvRFNDXzU1NjJfal8yLndlYnAiLCJzbGlkZXNob3ciOiIzNjgyZTE2YyJ9\">\n\t\t\t\t\t<div class=\"e-gallery-image elementor-gallery-item__image\" data-thumbnail=\"https:\/\/serapias.eu\/wp-content\/uploads\/2025\/05\/DSC_5562_j_2-300x200.webp\" data-width=\"300\" data-height=\"200\" aria-label=\"\" role=\"img\" ><\/div>\n\t\t\t\t\t\t\t\t\t\t\t<div class=\"elementor-gallery-item__overlay\"><\/div>\n\t\t\t\t\t\t\t\t\t\t\t\t\t\t<\/a>\n\t\t\t\t\t\t\t<a class=\"e-gallery-item elementor-gallery-item elementor-animated-content\" href=\"https:\/\/serapias.eu\/wp-content\/uploads\/2025\/04\/nestos-canyon-10.webp\" data-elementor-open-lightbox=\"yes\" data-elementor-lightbox-slideshow=\"3682e16c\" data-elementor-lightbox-title=\"nestos-canyon-10\" data-e-action-hash=\"#elementor-action%3Aaction%3Dlightbox%26settings%3DeyJpZCI6NzE1NSwidXJsIjoiaHR0cHM6XC9cL3NlcmFwaWFzLmV1XC93cC1jb250ZW50XC91cGxvYWRzXC8yMDI1XC8wNFwvbmVzdG9zLWNhbnlvbi0xMC53ZWJwIiwic2xpZGVzaG93IjoiMzY4MmUxNmMifQ%3D%3D\">\n\t\t\t\t\t<div class=\"e-gallery-image elementor-gallery-item__image\" data-thumbnail=\"https:\/\/serapias.eu\/wp-content\/uploads\/2025\/04\/nestos-canyon-10-300x169.webp\" data-width=\"300\" data-height=\"169\" aria-label=\"\" role=\"img\" ><\/div>\n\t\t\t\t\t\t\t\t\t\t\t<div class=\"elementor-gallery-item__overlay\"><\/div>\n\t\t\t\t\t\t\t\t\t\t\t\t\t\t<\/a>\n\t\t\t\t\t\t\t<a class=\"e-gallery-item elementor-gallery-item elementor-animated-content\" href=\"https:\/\/serapias.eu\/wp-content\/uploads\/2025\/05\/DSC_4789_2.webp\" data-elementor-open-lightbox=\"yes\" data-elementor-lightbox-slideshow=\"3682e16c\" data-elementor-lightbox-title=\"DSC_4789_2\" data-e-action-hash=\"#elementor-action%3Aaction%3Dlightbox%26settings%3DeyJpZCI6NzMxNiwidXJsIjoiaHR0cHM6XC9cL3NlcmFwaWFzLmV1XC93cC1jb250ZW50XC91cGxvYWRzXC8yMDI1XC8wNVwvRFNDXzQ3ODlfMi53ZWJwIiwic2xpZGVzaG93IjoiMzY4MmUxNmMifQ%3D%3D\">\n\t\t\t\t\t<div class=\"e-gallery-image elementor-gallery-item__image\" data-thumbnail=\"https:\/\/serapias.eu\/wp-content\/uploads\/2025\/05\/DSC_4789_2-300x200.webp\" data-width=\"300\" data-height=\"200\" aria-label=\"\" role=\"img\" ><\/div>\n\t\t\t\t\t\t\t\t\t\t\t<div class=\"elementor-gallery-item__overlay\"><\/div>\n\t\t\t\t\t\t\t\t\t\t\t\t\t\t<\/a>\n\t\t\t\t\t\t\t<a class=\"e-gallery-item elementor-gallery-item elementor-animated-content\" href=\"https:\/\/serapias.eu\/wp-content\/uploads\/2025\/04\/nestos-canyon-05.webp\" data-elementor-open-lightbox=\"yes\" data-elementor-lightbox-slideshow=\"3682e16c\" data-elementor-lightbox-title=\"nestos-canyon-05\" data-e-action-hash=\"#elementor-action%3Aaction%3Dlightbox%26settings%3DeyJpZCI6NzE1MCwidXJsIjoiaHR0cHM6XC9cL3NlcmFwaWFzLmV1XC93cC1jb250ZW50XC91cGxvYWRzXC8yMDI1XC8wNFwvbmVzdG9zLWNhbnlvbi0wNS53ZWJwIiwic2xpZGVzaG93IjoiMzY4MmUxNmMifQ%3D%3D\">\n\t\t\t\t\t<div class=\"e-gallery-image elementor-gallery-item__image\" data-thumbnail=\"https:\/\/serapias.eu\/wp-content\/uploads\/2025\/04\/nestos-canyon-05-300x200.webp\" data-width=\"300\" data-height=\"200\" aria-label=\"\" role=\"img\" ><\/div>\n\t\t\t\t\t\t\t\t\t\t\t<div class=\"elementor-gallery-item__overlay\"><\/div>\n\t\t\t\t\t\t\t\t\t\t\t\t\t\t<\/a>\n\t\t\t\t\t<\/div>\n\t\t\t\t\t<\/div>\n\t\t\t\t<\/div>\n\t\t\t\t<\/div>\n\t\t<div class=\"elementor-element elementor-element-49ef9bbd e-con-full e-flex e-con e-child\" data-id=\"49ef9bbd\" data-element_type=\"container\">\n\t\t\t\t<div class=\"elementor-element elementor-element-6107ea86 elementor-widget elementor-widget-text-editor\" data-id=\"6107ea86\" data-element_type=\"widget\" data-widget_type=\"text-editor.default\">\n\t\t\t\t<div class=\"elementor-widget-container\">\n\t\t\t\t\t\t\t\t\t<p>Legf\u0151bb c\u00e9lunk mindig az, hogy bolyg\u00f3nk term\u00e9szeti sokf\u00e9les\u00e9g\u00e9nek meg\u0151rz\u00e9s\u00e9hez egy kicsit mi is hozz\u00e1 tudjunk tenni ak\u00e1r akt\u00edv k\u00e9tkezi tev\u00e9kenys\u00e9ggel, vagy \u201ecsak\u201d szaktan\u00e1csad\u00e1ssal, ismeretterjeszt\u00e9ssel, k\u00f6rnyezeti nevel\u00e9ssel, term\u00e9szetv\u00e9delmi bemutat\u00e1ssal.<\/p><p>Ugyancsak a SERAPIAS n\u00f6v\u00e9nnyel hoztuk p\u00e1rhuzamba a mediterr\u00e1n t\u00e1jakhoz val\u00f3 &#8211; t\u00f6bb \u00e9vtizedes \u2013 vonzalmunkat, hiszen ezek az orchide\u00e1k jellemz\u0151 tagjai a F\u00f6ldk\u00f6zi-tenger partvid\u00e9ki fl\u00f3r\u00e1j\u00e1nak. \u00d6ko- \u00e9s horg\u00e1szt\u00far\u00e1inkat legnagyobb ar\u00e1nyban a csod\u00e1latos \u00e9s term\u00e9szeti \u00e9rt\u00e9kekben m\u00e9g napjainkban is b\u0151velked\u0151 G\u00f6r\u00f6gorsz\u00e1gban vezetj\u00fck. B\u00e1r m\u00e9g minden nap \u00faj \u00e9s \u00faj ismereteket szerz\u00fcnk a g\u00f6r\u00f6g fl\u00f3r\u00e1r\u00f3l \u00e9s faun\u00e1r\u00f3l, eddig megszerzett tud\u00e1sunkkal, helyismeret\u00fcnkkel felv\u00e9rtezve szeretn\u00e9nk bemutatni az \u00e9rdekl\u0151d\u0151k sz\u00e1m\u00e1ra G\u00f6r\u00f6gorsz\u00e1g egy olyan arc\u00e1t, ami a nyaral\u00e1sok idej\u00e9n megismertt\u0151l mer\u0151ben elt\u00e9r\u0151: megd\u00f6bbent\u0151en soksz\u00edn\u0171 \u00e9s v\u00e1ltozatos, vad \u00e9s csendes, vir\u00e1gos, buja, monument\u00e1lis \u00e9s \u0151si.<\/p><p>Rem\u00e9lj\u00fck, hogy az oldalon tal\u00e1lhat\u00f3 inform\u00e1ci\u00f3kkal \u00e9s a vel\u00fcnk t\u00f6rt\u00e9n\u0151 kapcsolatfelv\u00e9telen kereszt\u00fcl megold\u00e1sra tal\u00e1l term\u00e9szetv\u00e9delmi k\u00e9rd\u00e9sekben, vagy ha kalandor term\u00e9szetb\u00fav\u00e1rk\u00e9nt \u00e9rkezett ide, a SERAPIS t\u00far\u00e1k alatt siker\u00fcl feledhetetlen pozit\u00edv \u00e9lm\u00e9nyeket gy\u0171jteni. Tartson vel\u00fcnk! \u00a0\u00a0\u00a0\u00a0\u00a0<\/p>\t\t\t\t\t\t\t\t<\/div>\n\t\t\t\t<\/div>\n\t\t\t\t<\/div>\n\t\t\t\t\t<\/div>\n\t\t\t\t<\/div>\n\t\t\t\t<\/div>\n\t\t","protected":false},"excerpt":{"rendered":"<p>Kicsit r\u00e9szletesebben mi is az a SERAPIAS A SERAPIAS egy olyan n\u00f6v\u00e9ny, mely rendk\u00edv\u00fcl hat\u00e9konyan hasznos\u00edtja er\u0151forr\u00e1sait \u00e9s a legsz\u00e1razabb \u00e9l\u0151helyeken is meg\u00e9l szerte a mediterr\u00e1n r\u00e9gi\u00f3ban. Ezen k\u00edv\u00fcl t\u00f6bb gombafajjal harmonikus egy\u00fcttm\u0171k\u00f6d\u00e9sben, szimbi\u00f3zisban, kompromisszumok ment\u00e9n \u00e9li \u00e9let\u00e9t. Tudom\u00e1nyos nev\u00e9t Szer\u00e1pisz istenr\u0151l kapta, akinek kultusz\u00e1val az egyiptomi \u00e9s a g\u00f6r\u00f6g vall\u00e1sokat kapcsolt\u00e1k \u00f6ssze, hogy az [&hellip;]<\/p>\n","protected":false},"author":1,"featured_media":0,"parent":0,"menu_order":0,"comment_status":"closed","ping_status":"closed","template":"","meta":{"_acf_changed":false,"inline_featured_image":false,"footnotes":""},"class_list":["post-9809","page","type-page","status-publish","hentry"],"acf":[],"_links":{"self":[{"href":"https:\/\/serapias.eu\/hu\/wp-json\/wp\/v2\/pages\/9809","targetHints":{"allow":["GET"]}}],"collection":[{"href":"https:\/\/serapias.eu\/hu\/wp-json\/wp\/v2\/pages"}],"about":[{"href":"https:\/\/serapias.eu\/hu\/wp-json\/wp\/v2\/types\/page"}],"author":[{"embeddable":true,"href":"https:\/\/serapias.eu\/hu\/wp-json\/wp\/v2\/users\/1"}],"replies":[{"embeddable":true,"href":"https:\/\/serapias.eu\/hu\/wp-json\/wp\/v2\/comments?post=9809"}],"version-history":[{"count":3,"href":"https:\/\/serapias.eu\/hu\/wp-json\/wp\/v2\/pages\/9809\/revisions"}],"predecessor-version":[{"id":9818,"href":"https:\/\/serapias.eu\/hu\/wp-json\/wp\/v2\/pages\/9809\/revisions\/9818"}],"wp:attachment":[{"href":"https:\/\/serapias.eu\/hu\/wp-json\/wp\/v2\/media?parent=9809"}],"curies":[{"name":"wp","href":"https:\/\/api.w.org\/{rel}","templated":true}]}}