{"id":6429,"date":"2025-04-02T11:37:50","date_gmt":"2025-04-02T09:37:50","guid":{"rendered":"https:\/\/serapias.eu\/?page_id=6429"},"modified":"2025-09-24T08:36:53","modified_gmt":"2025-09-24T06:36:53","slug":"galeria","status":"publish","type":"page","link":"https:\/\/serapias.eu\/hu\/galeria\/","title":{"rendered":"Gal\u00e9ria"},"content":{"rendered":"\t\t<div data-elementor-type=\"wp-page\" data-elementor-id=\"6429\" class=\"elementor elementor-6429\" data-elementor-post-type=\"page\">\n\t\t\t\t<div class=\"elementor-element elementor-element-c3daa89 e-flex e-con-boxed e-con e-parent\" data-id=\"c3daa89\" data-element_type=\"container\">\n\t\t\t\t\t<div class=\"e-con-inner\">\n\t\t<div class=\"elementor-element elementor-element-403498d e-con-full pa-display-conditions-yes e-flex e-con e-child\" data-id=\"403498d\" data-element_type=\"container\" data-settings=\"{&quot;pa_display_conditions_switcher&quot;:&quot;yes&quot;}\">\n\t\t\t\t<div class=\"elementor-element elementor-element-06547ff elementor-widget elementor-widget-image\" data-id=\"06547ff\" data-element_type=\"widget\" data-widget_type=\"image.default\">\n\t\t\t\t<div class=\"elementor-widget-container\">\n\t\t\t\t\t\t\t\t\t\t\t\t\t\t\t\t<a href=\"https:\/\/serapias.eu\/hu\/galeria-szakertoi-tevekenyseg\/\">\n\t\t\t\t\t\t\t<img decoding=\"async\" src=\"https:\/\/serapias.eu\/wp-content\/uploads\/elementor\/thumbs\/DSC_4633-r7j6o14cewx1p0ksn4y2vse2g0agf19zju4ma11aqo.webp\" title=\"DSC_4633\" alt=\"DSC_4633\" loading=\"lazy\" \/>\t\t\t\t\t\t\t\t<\/a>\n\t\t\t\t\t\t\t\t\t\t\t\t\t\t\t<\/div>\n\t\t\t\t<\/div>\n\t\t\t\t<div class=\"elementor-element elementor-element-0895000 elementor-widget elementor-widget-heading\" data-id=\"0895000\" data-element_type=\"widget\" data-widget_type=\"heading.default\">\n\t\t\t\t<div class=\"elementor-widget-container\">\n\t\t\t\t\t<h2 class=\"elementor-heading-title elementor-size-default\">Szak\u00e9rt\u0151i tev\u00e9kenys\u00e9g<\/h2>\t\t\t\t<\/div>\n\t\t\t\t<\/div>\n\t\t\t\t<\/div>\n\t\t<div class=\"elementor-element elementor-element-e9d00ad e-con-full e-flex e-con e-child\" data-id=\"e9d00ad\" data-element_type=\"container\">\n\t\t\t\t<div class=\"elementor-element elementor-element-c0abd4e elementor-widget elementor-widget-image\" data-id=\"c0abd4e\" data-element_type=\"widget\" data-widget_type=\"image.default\">\n\t\t\t\t<div class=\"elementor-widget-container\">\n\t\t\t\t\t\t\t\t\t\t\t\t\t\t\t\t<a href=\"https:\/\/serapias.eu\/hu\/galeria-oko-es-horgaszturak\/\">\n\t\t\t\t\t\t\t<img decoding=\"async\" src=\"https:\/\/serapias.eu\/wp-content\/uploads\/elementor\/thumbs\/20240220_175830_j-r7j6w0qyi7usdoyzzl9x2rt47wwruezundr74p6tuo.webp\" title=\"20240220_175830_j\" alt=\"20240220_175830_j\" loading=\"lazy\" \/>\t\t\t\t\t\t\t\t<\/a>\n\t\t\t\t\t\t\t\t\t\t\t\t\t\t\t<\/div>\n\t\t\t\t<\/div>\n\t\t\t\t<div class=\"elementor-element elementor-element-c6efbd8 elementor-widget elementor-widget-heading\" data-id=\"c6efbd8\" data-element_type=\"widget\" data-widget_type=\"heading.default\">\n\t\t\t\t<div class=\"elementor-widget-container\">\n\t\t\t\t\t<h2 class=\"elementor-heading-title elementor-size-default\">\u00d6ko- \u00e9s horg\u00e1szt\u00far\u00e1k<\/h2>\t\t\t\t<\/div>\n\t\t\t\t<\/div>\n\t\t\t\t<\/div>\n\t\t<div class=\"elementor-element elementor-element-9adb5a6 e-con-full e-flex e-con e-child\" data-id=\"9adb5a6\" data-element_type=\"container\">\n\t\t\t\t<div class=\"elementor-element elementor-element-276b48e elementor-widget elementor-widget-image\" data-id=\"276b48e\" data-element_type=\"widget\" data-widget_type=\"image.default\">\n\t\t\t\t<div class=\"elementor-widget-container\">\n\t\t\t\t\t\t\t\t\t\t\t\t\t\t\t\t<a href=\"https:\/\/www.alamy.com\/portfolio\/1299524.html\" target=\"_blank\" rel=\"nofollow noopener\">\n\t\t\t\t\t\t\t<img fetchpriority=\"high\" decoding=\"async\" width=\"600\" height=\"400\" src=\"https:\/\/serapias.eu\/wp-content\/uploads\/2025\/04\/logo-alamy.jpg\" class=\"attachment-full size-full wp-image-6468\" alt=\"\" srcset=\"https:\/\/serapias.eu\/wp-content\/uploads\/2025\/04\/logo-alamy.jpg 600w, https:\/\/serapias.eu\/wp-content\/uploads\/2025\/04\/logo-alamy-300x200.jpg 300w\" sizes=\"(max-width: 600px) 100vw, 600px\" \/>\t\t\t\t\t\t\t\t<\/a>\n\t\t\t\t\t\t\t\t\t\t\t\t\t\t\t<\/div>\n\t\t\t\t<\/div>\n\t\t\t\t<div class=\"elementor-element elementor-element-a5ab24e elementor-widget elementor-widget-heading\" data-id=\"a5ab24e\" data-element_type=\"widget\" data-widget_type=\"heading.default\">\n\t\t\t\t<div class=\"elementor-widget-container\">\n\t\t\t\t\t<h2 class=\"elementor-heading-title elementor-size-default\">Alamy<\/h2>\t\t\t\t<\/div>\n\t\t\t\t<\/div>\n\t\t\t\t<\/div>\n\t\t<div class=\"elementor-element elementor-element-9359a1c e-con-full e-flex e-con e-child\" data-id=\"9359a1c\" data-element_type=\"container\">\n\t\t\t\t<div class=\"elementor-element elementor-element-2383ce2 elementor-widget elementor-widget-image\" data-id=\"2383ce2\" data-element_type=\"widget\" data-widget_type=\"image.default\">\n\t\t\t\t<div class=\"elementor-widget-container\">\n\t\t\t\t\t\t\t\t\t\t\t\t\t\t\t\t<a href=\"https:\/\/www.shutterstock.com\/hu\/g\/zsolyomi\" target=\"_blank\" rel=\"nofollow noopener\">\n\t\t\t\t\t\t\t<img decoding=\"async\" width=\"600\" height=\"400\" src=\"https:\/\/serapias.eu\/wp-content\/uploads\/2025\/04\/logo-shutter.jpg\" class=\"attachment-full size-full wp-image-6469\" alt=\"\" srcset=\"https:\/\/serapias.eu\/wp-content\/uploads\/2025\/04\/logo-shutter.jpg 600w, https:\/\/serapias.eu\/wp-content\/uploads\/2025\/04\/logo-shutter-300x200.jpg 300w\" sizes=\"(max-width: 600px) 100vw, 600px\" \/>\t\t\t\t\t\t\t\t<\/a>\n\t\t\t\t\t\t\t\t\t\t\t\t\t\t\t<\/div>\n\t\t\t\t<\/div>\n\t\t\t\t<div class=\"elementor-element elementor-element-b360d3e elementor-widget elementor-widget-heading\" data-id=\"b360d3e\" data-element_type=\"widget\" data-widget_type=\"heading.default\">\n\t\t\t\t<div class=\"elementor-widget-container\">\n\t\t\t\t\t<h2 class=\"elementor-heading-title elementor-size-default\">Shutterstock<\/h2>\t\t\t\t<\/div>\n\t\t\t\t<\/div>\n\t\t\t\t<\/div>\n\t\t\t\t\t<\/div>\n\t\t\t\t<\/div>\n\t\t\t\t<\/div>\n\t\t","protected":false},"excerpt":{"rendered":"<p>Szak\u00e9rt\u0151i tev\u00e9kenys\u00e9g \u00d6ko- \u00e9s horg\u00e1szt\u00far\u00e1k Alamy Shutterstock<\/p>\n","protected":false},"author":1,"featured_media":0,"parent":0,"menu_order":0,"comment_status":"closed","ping_status":"closed","template":"","meta":{"_acf_changed":false,"inline_featured_image":false,"footnotes":""},"class_list":["post-6429","page","type-page","status-publish","hentry"],"acf":[],"_links":{"self":[{"href":"https:\/\/serapias.eu\/hu\/wp-json\/wp\/v2\/pages\/6429","targetHints":{"allow":["GET"]}}],"collection":[{"href":"https:\/\/serapias.eu\/hu\/wp-json\/wp\/v2\/pages"}],"about":[{"href":"https:\/\/serapias.eu\/hu\/wp-json\/wp\/v2\/types\/page"}],"author":[{"embeddable":true,"href":"https:\/\/serapias.eu\/hu\/wp-json\/wp\/v2\/users\/1"}],"replies":[{"embeddable":true,"href":"https:\/\/serapias.eu\/hu\/wp-json\/wp\/v2\/comments?post=6429"}],"version-history":[{"count":52,"href":"https:\/\/serapias.eu\/hu\/wp-json\/wp\/v2\/pages\/6429\/revisions"}],"predecessor-version":[{"id":10554,"href":"https:\/\/serapias.eu\/hu\/wp-json\/wp\/v2\/pages\/6429\/revisions\/10554"}],"wp:attachment":[{"href":"https:\/\/serapias.eu\/hu\/wp-json\/wp\/v2\/media?parent=6429"}],"curies":[{"name":"wp","href":"https:\/\/api.w.org\/{rel}","templated":true}]}}