{"id":6387,"date":"2025-04-02T11:16:20","date_gmt":"2025-04-02T09:16:20","guid":{"rendered":"https:\/\/serapias.eu\/?page_id=6387"},"modified":"2025-04-02T11:16:53","modified_gmt":"2025-04-02T09:16:53","slug":"kutatasi-es-monitoring-tevekenyseg","status":"publish","type":"page","link":"https:\/\/serapias.eu\/hu\/kutatasi-es-monitoring-tevekenyseg\/","title":{"rendered":"Kutat\u00e1si \u00e9s monitoring tev\u00e9kenys\u00e9g"},"content":{"rendered":"\t\t<div data-elementor-type=\"wp-page\" data-elementor-id=\"6387\" class=\"elementor elementor-6387\" data-elementor-post-type=\"page\">\n\t\t\t\t<div class=\"elementor-element elementor-element-5d7baeb e-flex e-con-boxed e-con e-parent\" data-id=\"5d7baeb\" data-element_type=\"container\">\n\t\t\t\t\t<div class=\"e-con-inner\">\n\t\t\t\t<div class=\"elementor-element elementor-element-ed92e38 elementor-widget elementor-widget-text-editor\" data-id=\"ed92e38\" data-element_type=\"widget\" data-widget_type=\"text-editor.default\">\n\t\t\t\t<div class=\"elementor-widget-container\">\n\t\t\t\t\t\t\t\t\t<p>Beruh\u00e1z\u00e1sok p\u00e9ld\u00e1ul napelemparkok, vonalas l\u00e9tes\u00edtm\u00e9nyek, stb. term\u00e9szeti \u00e9rt\u00e9kekre gyakorolt hat\u00e1sainak m\u00e9r\u00e9s\u00e9hez monitoring tervet k\u00e9sz\u00edt\u00fcnk, de term\u00e9szetesen mag\u00e1t a term\u00e9szetv\u00e9delmi monitoringot is elv\u00e9gezz\u00fck.\u00a0 Botanikai, zool\u00f3giai \u00e9s genetikai t\u00e9m\u00e1j\u00fa kutat\u00e1sokban eddig is \u00e9s a j\u00f6v\u0151ben is sz\u00edvesen vesz\u00fcnk r\u00e9szt. F\u0151bb kutat\u00e1si ter\u00fcleteink:<\/p>\t\t\t\t\t\t\t\t<\/div>\n\t\t\t\t<\/div>\n\t\t\t\t\t<\/div>\n\t\t\t\t<\/div>\n\t\t\t\t<\/div>\n\t\t","protected":false},"excerpt":{"rendered":"<p>Beruh\u00e1z\u00e1sok p\u00e9ld\u00e1ul napelemparkok, vonalas l\u00e9tes\u00edtm\u00e9nyek, stb. term\u00e9szeti \u00e9rt\u00e9kekre gyakorolt hat\u00e1sainak m\u00e9r\u00e9s\u00e9hez monitoring tervet k\u00e9sz\u00edt\u00fcnk, de term\u00e9szetesen mag\u00e1t a term\u00e9szetv\u00e9delmi monitoringot is elv\u00e9gezz\u00fck.\u00a0 Botanikai, zool\u00f3giai \u00e9s genetikai t\u00e9m\u00e1j\u00fa kutat\u00e1sokban eddig is \u00e9s a j\u00f6v\u0151ben is sz\u00edvesen vesz\u00fcnk r\u00e9szt. F\u0151bb kutat\u00e1si ter\u00fcleteink:<\/p>\n","protected":false},"author":1,"featured_media":0,"parent":0,"menu_order":0,"comment_status":"closed","ping_status":"closed","template":"","meta":{"_acf_changed":false,"inline_featured_image":false,"footnotes":""},"class_list":["post-6387","page","type-page","status-publish","hentry"],"acf":[],"_links":{"self":[{"href":"https:\/\/serapias.eu\/hu\/wp-json\/wp\/v2\/pages\/6387","targetHints":{"allow":["GET"]}}],"collection":[{"href":"https:\/\/serapias.eu\/hu\/wp-json\/wp\/v2\/pages"}],"about":[{"href":"https:\/\/serapias.eu\/hu\/wp-json\/wp\/v2\/types\/page"}],"author":[{"embeddable":true,"href":"https:\/\/serapias.eu\/hu\/wp-json\/wp\/v2\/users\/1"}],"replies":[{"embeddable":true,"href":"https:\/\/serapias.eu\/hu\/wp-json\/wp\/v2\/comments?post=6387"}],"version-history":[{"count":4,"href":"https:\/\/serapias.eu\/hu\/wp-json\/wp\/v2\/pages\/6387\/revisions"}],"predecessor-version":[{"id":6391,"href":"https:\/\/serapias.eu\/hu\/wp-json\/wp\/v2\/pages\/6387\/revisions\/6391"}],"wp:attachment":[{"href":"https:\/\/serapias.eu\/hu\/wp-json\/wp\/v2\/media?parent=6387"}],"curies":[{"name":"wp","href":"https:\/\/api.w.org\/{rel}","templated":true}]}}