{"id":9279,"date":"2025-06-20T09:53:53","date_gmt":"2025-06-20T07:53:53","guid":{"rendered":"https:\/\/serapias.eu\/?post_type=product&#038;p=9279"},"modified":"2026-01-28T09:55:04","modified_gmt":"2026-01-28T08:55:04","slug":"egyejszakas-kalmarozas-egynapos-horgasztura","status":"publish","type":"product","link":"https:\/\/serapias.eu\/en\/product\/egyejszakas-kalmarozas-egynapos-horgasztura\/","title":{"rendered":"One night Squid Fishing \u2013 One-Day Angling Tour"},"content":{"rendered":"","protected":false},"excerpt":{"rendered":"<p>Ha Kavala k\u00f6rny\u00e9k\u00e9n pihen\u00e9s\u00e9t t\u00f6lti, \u00e1tutaz\u00f3, vagy h\u00e1tizs\u00e1kos turista \u00e9s szeret horg\u00e1szni, \u00e9rdemes egy napot a k\u00f6z\u00f6ns\u00e9ges kalm\u00e1r fog\u00e1s\u00e1ra, illetve a t\u00e9rs\u00e9g term\u00e9szeti \u00e9rt\u00e9keinek megismer\u00e9s\u00e9re szentelni.<\/p>","protected":false},"featured_media":9360,"template":"","meta":{"_acf_changed":false,"inline_featured_image":false},"product_brand":[],"product_cat":[66],"product_tag":[],"class_list":{"0":"post-9279","1":"product","2":"type-product","3":"status-publish","4":"has-post-thumbnail","6":"product_cat-egyeb","8":"first","9":"instock","10":"taxable","11":"shipping-taxable","12":"purchasable","13":"product-type-phive_booking"},"acf":[],"_links":{"self":[{"href":"https:\/\/serapias.eu\/en\/wp-json\/wp\/v2\/product\/9279","targetHints":{"allow":["GET"]}}],"collection":[{"href":"https:\/\/serapias.eu\/en\/wp-json\/wp\/v2\/product"}],"about":[{"href":"https:\/\/serapias.eu\/en\/wp-json\/wp\/v2\/types\/product"}],"version-history":[{"count":4,"href":"https:\/\/serapias.eu\/en\/wp-json\/wp\/v2\/product\/9279\/revisions"}],"predecessor-version":[{"id":10684,"href":"https:\/\/serapias.eu\/en\/wp-json\/wp\/v2\/product\/9279\/revisions\/10684"}],"wp:featuredmedia":[{"embeddable":true,"href":"https:\/\/serapias.eu\/en\/wp-json\/wp\/v2\/media\/9360"}],"wp:attachment":[{"href":"https:\/\/serapias.eu\/en\/wp-json\/wp\/v2\/media?parent=9279"}],"wp:term":[{"taxonomy":"product_brand","embeddable":true,"href":"https:\/\/serapias.eu\/en\/wp-json\/wp\/v2\/product_brand?post=9279"},{"taxonomy":"product_cat","embeddable":true,"href":"https:\/\/serapias.eu\/en\/wp-json\/wp\/v2\/product_cat?post=9279"},{"taxonomy":"product_tag","embeddable":true,"href":"https:\/\/serapias.eu\/en\/wp-json\/wp\/v2\/product_tag?post=9279"}],"curies":[{"name":"wp","href":"https:\/\/api.w.org\/{rel}","templated":true}]}}