{"id":9965,"date":"2025-07-20T12:07:30","date_gmt":"2025-07-20T10:07:30","guid":{"rendered":"https:\/\/serapias.eu\/?page_id=9965"},"modified":"2025-09-24T08:41:34","modified_gmt":"2025-09-24T06:41:34","slug":"kapcsolat","status":"publish","type":"page","link":"https:\/\/serapias.eu\/en\/kapcsolat\/","title":{"rendered":"Contact"},"content":{"rendered":"<div data-elementor-type=\"wp-page\" data-elementor-id=\"9965\" class=\"elementor elementor-9965\" data-elementor-post-type=\"page\">\n\t\t\t\t<div class=\"elementor-element elementor-element-9755011 e-flex e-con-boxed e-con e-parent\" data-id=\"9755011\" data-element_type=\"container\">\n\t\t\t\t\t<div class=\"e-con-inner\">\n\t\t<div class=\"elementor-element elementor-element-521bef79 e-con-full e-flex e-con e-child\" data-id=\"521bef79\" data-element_type=\"container\">\n\t\t\t\t<div class=\"elementor-element elementor-element-00699c8 elementor-view-stacked elementor-position-left elementor-shape-circle elementor-icon-box-divider-horizontal-left elementor-icon-box-divider-vertical-top elementor-mobile-position-top elementor-vertical-align-top elementor-widget elementor-widget-icon-box\" data-id=\"00699c8\" data-element_type=\"widget\" data-widget_type=\"icon-box.default\">\n\t\t\t\t<div class=\"elementor-widget-container\">\n\t\t\t\t\t    \t\t<div class=\"elementor-icon-box-wrapper\">\n    \t\t\t    \t\t\t<div class=\"elementor-icon-box-icon\">\n    \t\t\t\t<span class=\"elementor-icon elementor-animation-pulse\" >\n    \t\t\t\t<i aria-hidden=\"true\" class=\"adventis-icon- adventis-icon-gmail-1\"><\/i>\n\n\n\n    \t\t\t\t<\/span>\n\n    \t\t\t<\/div>\n    \t\t\t    \t\t\t<div class=\"elementor-icon-box-content\">\n    \t\t\t\t<h3 class=\"elementor-icon-box-title\">\n    \t\t\t\t\t<span  >\n    \t\t\t\t\t\tE-mail    \t\t\t\t\t<\/span>\n    \t\t\t\t<\/h3>\n    \t\t\t\t    \t\t\t\t\t<p class=\"elementor-icon-box-description\">\n    \t\t\t\t\t\t serapiastours@gmail.com    \t\t\t\t\t<\/p>\n    \t\t\t\t    \t\t\t<\/div>\n\n    \t\t<\/div>\n    \t\t\t\t\t\t<\/div>\n\t\t\t\t<\/div>\n\t\t\t\t<\/div>\n\t\t<div class=\"elementor-element elementor-element-5bf7be93 e-con-full e-flex e-con e-child\" data-id=\"5bf7be93\" data-element_type=\"container\">\n\t\t\t\t<div class=\"elementor-element elementor-element-209563c1 elementor-view-stacked elementor-position-left elementor-shape-circle elementor-icon-box-divider-horizontal-left elementor-icon-box-divider-vertical-top elementor-mobile-position-top elementor-vertical-align-top elementor-widget elementor-widget-icon-box\" data-id=\"209563c1\" data-element_type=\"widget\" data-widget_type=\"icon-box.default\">\n\t\t\t\t<div class=\"elementor-widget-container\">\n\t\t\t\t\t    \t\t<div class=\"elementor-icon-box-wrapper\">\n    \t\t\t    \t\t\t<div class=\"elementor-icon-box-icon\">\n    \t\t\t\t<span class=\"elementor-icon elementor-animation-pulse\" >\n    \t\t\t\t<i aria-hidden=\"true\" class=\"adventis-icon- adventis-icon-clock\"><\/i>\n\n\n\n    \t\t\t\t<\/span>\n\n    \t\t\t<\/div>\n    \t\t\t    \t\t\t<div class=\"elementor-icon-box-content\">\n    \t\t\t\t<h3 class=\"elementor-icon-box-title\">\n    \t\t\t\t\t<span  >\n    \t\t\t\t\t\tSupport    \t\t\t\t\t<\/span>\n    \t\t\t\t<\/h3>\n    \t\t\t\t    \t\t\t\t\t<p class=\"elementor-icon-box-description\">\n    \t\t\t\t\t\tMo-Sa: 9:00 - 16:00    \t\t\t\t\t<\/p>\n    \t\t\t\t    \t\t\t<\/div>\n\n    \t\t<\/div>\n    \t\t\t\t\t\t<\/div>\n\t\t\t\t<\/div>\n\t\t\t\t<\/div>\n\t\t\t\t\t<\/div>\n\t\t\t\t<\/div>\n\t\t<div class=\"elementor-element elementor-element-66d74060 e-flex e-con-boxed e-con e-parent\" data-id=\"66d74060\" data-element_type=\"container\">\n\t\t\t\t\t<div class=\"e-con-inner\">\n\t\t<div class=\"elementor-element elementor-element-2bc1c6a1 e-con-full e-flex e-con e-child\" data-id=\"2bc1c6a1\" data-element_type=\"container\">\n\t\t\t\t<div class=\"elementor-element elementor-element-11539b6 elementor-widget elementor-widget-heading\" data-id=\"11539b6\" data-element_type=\"widget\" data-widget_type=\"heading.default\">\n\t\t\t\t<div class=\"elementor-widget-container\">\n\t\t\t\t\t<h3 class=\"elementor-heading-title elementor-size-default\">Get in Touch<\/h3>\t\t\t\t<\/div>\n\t\t\t\t<\/div>\n\t\t\t\t<div class=\"elementor-element elementor-element-893059b elementor-widget elementor-widget-text-editor\" data-id=\"893059b\" data-element_type=\"widget\" data-widget_type=\"text-editor.default\">\n\t\t\t\t<div class=\"elementor-widget-container\">\n\t\t\t\t\t\t\t\t\t<p>If you didn\u2019t find what you were looking for or have a question, you can ask it here directly and we\u2019ll do our best to reply as soon as possible!<\/p>\t\t\t\t\t\t\t\t<\/div>\n\t\t\t\t<\/div>\n\t\t\t\t<div class=\"elementor-element elementor-element-ba7fe4e elementor-widget elementor-widget-shortcode\" data-id=\"ba7fe4e\" data-element_type=\"widget\" data-widget_type=\"shortcode.default\">\n\t\t\t\t<div class=\"elementor-widget-container\">\n\t\t\t\t\t\t\t<div class=\"elementor-shortcode\"><div class=\"mf-form-shortcode\">\r\n\t\t<div\r\n\t\t\tid=\"metform-wrap-9976-9976\"\r\n\t\t\tclass=\"mf-form-wrapper\"\r\n\t\t\tdata-form-id=\"9976\"\r\n\t\t\tdata-action=\"https:\/\/serapias.eu\/en\/wp-json\/metform\/v1\/entries\/insert\/9976\"\r\n\t\t\tdata-wp-nonce=\"31f52c1e88\"\r\n\t\t\tdata-form-nonce=\"94bed0fbb1\"\r\n\t\t\tdata-quiz-summery = \"false\"\r\n\t\t\tdata-save-progress = \"false\"\r\n\t\t\tdata-form-type=\"general-form\"\r\n\t\t\tdata-stop-vertical-effect=\"\"\r\n\t\t\t><\/div>\r\n\r\n\r\n\t\t<!----------------------------- \r\n\t\t\t* controls_data : find the the props passed indie of data attribute\r\n\t\t\t* props.SubmitResponseMarkup : contains the markup of error or success message\r\n\t\t\t* https:\/\/developer.mozilla.org\/en-US\/docs\/Web\/JavaScript\/Reference\/Template_literals\r\n\t\t--------------------------- -->\r\n\r\n\t\t\t\t<script type=\"text\/mf\" class=\"mf-template\">\r\n\t\t\tfunction controls_data (value){\r\n\t\t\t\tlet currentWrapper = \"mf-response-props-id-9976\";\r\n\t\t\t\tlet currentEl = document.getElementById(currentWrapper);\r\n\t\t\t\t\r\n\t\t\t\treturn currentEl ? currentEl.dataset[value] : false\r\n\t\t\t}\r\n\r\n\r\n\t\t\tlet is_edit_mode = '' ? true : false;\r\n\t\t\tlet message_position = controls_data('messageposition') || 'top';\r\n\r\n\t\t\t\r\n\t\t\tlet message_successIcon = controls_data('successicon') || '';\r\n\t\t\tlet message_errorIcon = controls_data('erroricon') || '';\r\n\t\t\tlet message_editSwitch = controls_data('editswitchopen') === 'yes' ? true : false;\r\n\t\t\tlet message_proClass = controls_data('editswitchopen') === 'yes' ? 'mf_pro_activated' : '';\r\n\t\t\t\r\n\t\t\tlet is_dummy_markup = is_edit_mode && message_editSwitch ? true : false;\r\n\r\n\t\t\t\r\n\t\t\treturn html`\r\n\t\t\t\t<form\r\n\t\t\t\t\tclassName=\"metform-form-content\"\r\n\t\t\t\t\tref=${parent.formContainerRef}\r\n\t\t\t\t\tonSubmit=${ validation.handleSubmit( parent.handleFormSubmit ) }\r\n\t\t\t\t\r\n\t\t\t\t\t>\r\n\t\t\t\r\n\t\t\t\r\n\t\t\t\t\t${is_dummy_markup ? message_position === 'top' ?  props.ResponseDummyMarkup(message_successIcon, message_proClass) : '' : ''}\r\n\t\t\t\t\t${is_dummy_markup ? ' ' :  message_position === 'top' ? props.SubmitResponseMarkup`${parent}${state}${message_successIcon}${message_errorIcon}${message_proClass}` : ''}\r\n\r\n\t\t\t\t\t<!--------------------------------------------------------\r\n\t\t\t\t\t*** IMPORTANT \/ DANGEROUS ***\r\n\t\t\t\t\t${html``} must be used as in immediate child of \"metform-form-main-wrapper\"\r\n\t\t\t\t\tclass otherwise multistep form will not run at all\r\n\t\t\t\t\t---------------------------------------------------------->\r\n\r\n\t\t\t\t\t<div className=\"metform-form-main-wrapper\" key=${'hide-form-after-submit'} ref=${parent.formRef}>\r\n\t\t\t\t\t${html`\r\n\t\t\t\t\t\t\t\t<div data-elementor-type=\"wp-post\" key=\"2\" data-elementor-id=\"9976\" className=\"elementor elementor-9976\" data-elementor-post-type=\"metform-form\">\n\t\t\t\t<div className=\"elementor-element elementor-element-5238662 e-con-full e-flex e-con e-parent\" data-id=\"5238662\" data-element_type=\"container\">\n\t\t<div className=\"elementor-element elementor-element-7d4cdd0a e-con-full e-grid e-con e-child\" data-id=\"7d4cdd0a\" data-element_type=\"container\">\n\t\t\t\t<div className=\"elementor-element elementor-element-2e470f35 elementor-widget elementor-widget-mf-text\" data-id=\"2e470f35\" data-element_type=\"widget\" data-settings=\"{&quot;mf_input_name&quot;:&quot;mf-first-name&quot;}\" data-widget_type=\"mf-text.default\">\n\t\t\t\t<div className=\"elementor-widget-container\">\n\t\t\t\t\t\r\n\t\t<div className=\"mf-input-wrapper\">\r\n\t\t\t\t\t\t\t<label className=\"mf-input-label\" htmlFor=\"mf-input-text-2e470f35\">\r\n\t\t\t\t\t${ parent.decodeEntities(`Keresztn\u00e9v`) } \t\t\t\t\t<span className=\"mf-input-required-indicator\">*<\/span>\r\n\t\t\t\t<\/label>\r\n\t\t\t\r\n\t\t\t<input\r\n\t\t\t\ttype=\"text\"\r\n\t\t\t\tclassName=\"mf-input mf-conditional-input\"\r\n\t\t\t\tid=\"mf-input-text-2e470f35\"\r\n\t\t\t\tname=\"mf-first-name\"\r\n\t\t\t\tplaceholder=\"${ parent.decodeEntities(`Anderson`) } \"\r\n\t\t\t\t\t\t\t\t\tonInput=${parent.handleChange}\r\n\t\t\t\t\tonBlur=${parent.handleChange}\r\n\t\t\t\t\taria-invalid=${validation.errors['mf-first-name'] ? 'true' : 'false'}\r\n\t\t\t\t\tref=${el =>{\r\n\t\t\t\t\t\t\t\t\t\t\t\tparent.activateValidation({\"message\":\"A mez\\u0151 kit\\u00f6lt\\u00e9se k\\u00f6telez\\u0151!\",\"minLength\":1,\"maxLength\":\"\",\"type\":\"none\",\"required\":true,\"expression\":\"null\"}, el)\r\n\t\t\t\t\t}}\r\n\t\t\t\t\t\t\t\t\/>\r\n\r\n\t\t\t\t\t\t\t<${validation.ErrorMessage}\r\n\t\t\t\t\terrors=${validation.errors}\r\n\t\t\t\t\tname=\"mf-first-name\"\r\n\t\t\t\t\tas=${html`<span className=\"mf-error-message\"><\/span>`}\r\n\t\t\t\t\t\/>\r\n\t\t\t\r\n\t\t\t<span className=\"mf-input-help\"> ${ parent.decodeEntities(`K\u00e9rlek add meg a keresztneved!`) }  <\/span>\t\t<\/div>\r\n\r\n\t\t\t\t\t\t<\/div>\n\t\t\t\t<\/div>\n\t\t\t\t<div className=\"elementor-element elementor-element-521c1556 elementor-widget elementor-widget-mf-text\" data-id=\"521c1556\" data-element_type=\"widget\" data-settings=\"{&quot;mf_input_name&quot;:&quot;mf-last-name&quot;}\" data-widget_type=\"mf-text.default\">\n\t\t\t\t<div className=\"elementor-widget-container\">\n\t\t\t\t\t\r\n\t\t<div className=\"mf-input-wrapper\">\r\n\t\t\t\t\t\t\t<label className=\"mf-input-label\" htmlFor=\"mf-input-text-521c1556\">\r\n\t\t\t\t\t${ parent.decodeEntities(`Vezet\u00e9kn\u00e9v`) } \t\t\t\t\t<span className=\"mf-input-required-indicator\">*<\/span>\r\n\t\t\t\t<\/label>\r\n\t\t\t\r\n\t\t\t<input\r\n\t\t\t\ttype=\"text\"\r\n\t\t\t\tclassName=\"mf-input mf-conditional-input\"\r\n\t\t\t\tid=\"mf-input-text-521c1556\"\r\n\t\t\t\tname=\"mf-last-name\"\r\n\t\t\t\tplaceholder=\"${ parent.decodeEntities(`Mikoo`) } \"\r\n\t\t\t\t\t\t\t\t\tonInput=${parent.handleChange}\r\n\t\t\t\t\tonBlur=${parent.handleChange}\r\n\t\t\t\t\taria-invalid=${validation.errors['mf-last-name'] ? 'true' : 'false'}\r\n\t\t\t\t\tref=${el =>{\r\n\t\t\t\t\t\t\t\t\t\t\t\tparent.activateValidation({\"message\":\"A mez\\u0151 kit\\u00f6lt\\u00e9se k\\u00f6telez\\u0151!\",\"minLength\":1,\"maxLength\":\"\",\"type\":\"none\",\"required\":true,\"expression\":\"null\"}, el)\r\n\t\t\t\t\t}}\r\n\t\t\t\t\t\t\t\t\/>\r\n\r\n\t\t\t\t\t\t\t<${validation.ErrorMessage}\r\n\t\t\t\t\terrors=${validation.errors}\r\n\t\t\t\t\tname=\"mf-last-name\"\r\n\t\t\t\t\tas=${html`<span className=\"mf-error-message\"><\/span>`}\r\n\t\t\t\t\t\/>\r\n\t\t\t\r\n\t\t\t<span className=\"mf-input-help\"> ${ parent.decodeEntities(`K\u00e9rlek add meg a vezet\u00e9kneved!`) }  <\/span>\t\t<\/div>\r\n\r\n\t\t\t\t\t\t<\/div>\n\t\t\t\t<\/div>\n\t\t\t\t<div className=\"elementor-element elementor-element-610776a6 elementor-widget elementor-widget-mf-telephone\" data-id=\"610776a6\" data-element_type=\"widget\" data-settings=\"{&quot;mf_input_name&quot;:&quot;mf-tel&quot;}\" data-widget_type=\"mf-telephone.default\">\n\t\t\t\t<div className=\"elementor-widget-container\">\n\t\t\t\t\t\n\t\t<div className=\"mf-input-wrapper\">\n\t\t\t\t\t\t\t<label className=\"mf-input-label\" htmlFor=\"mf-input-telephone-610776a6\">\n\t\t\t\t\t${ parent.decodeEntities(`Telefonsz\u00e1m`) } \t\t\t\t\t<span className=\"mf-input-required-indicator\">*<\/span>\n\t\t\t\t<\/label>\n\t\t\t\n\t\t\t<input\n\t\t\t\ttype=\"tel\"\n\t\t\t\tclassName=\"mf-input mf-conditional-input\"\n\t\t\t\tid=\"mf-input-telephone-610776a6\" \n\t\t\t\tname=\"mf-tel\"\n\t\t\t\tplaceholder=\"${ parent.decodeEntities(``) } \"\n\t\t\t\t\t\t\t\t\tonInput=${parent.handleChange}\n\t\t\t\t\taria-invalid=${validation.errors['mf-tel'] ? 'true' : 'false'}\n\t\t\t\t\tref=${el => parent.activateValidation({\"message\":\"A mez\\u0151 kit\\u00f6lt\\u00e9se k\\u00f6telez\\u0151!\",\"minLength\":1,\"maxLength\":\"\",\"type\":\"none\",\"required\":true,\"expression\":\"null\"}, el)}\n\t\t\t\t\t\t\t\t\/>\n\t\t\t\n\t\t\t\t\t\t\t<${validation.ErrorMessage}\n\t\t\t\t\terrors=${validation.errors}\n\t\t\t\t\tname=\"mf-tel\"\n\t\t\t\t\tas=${html`<span className=\"mf-error-message\"><\/span>`}\n\t\t\t\t\t\/>\n\t\t\t\n\t\t\t<span className=\"mf-input-help\"> ${ parent.decodeEntities(`Pl: +36 12 123-4567`) }  <\/span>\n\t\t<\/div>\n\n\t\t\t\t\t\t<\/div>\n\t\t\t\t<\/div>\n\t\t\t\t<div className=\"elementor-element elementor-element-6bc27197 elementor-widget elementor-widget-mf-email\" data-id=\"6bc27197\" data-element_type=\"widget\" data-settings=\"{&quot;mf_input_name&quot;:&quot;mf-email&quot;}\" data-widget_type=\"mf-email.default\">\n\t\t\t\t<div className=\"elementor-widget-container\">\n\t\t\t\t\t\r\n\t\t<div className=\"mf-input-wrapper\">\r\n\t\t\t\t\t\t\t<label className=\"mf-input-label\" htmlFor=\"mf-input-email-6bc27197\">\r\n\t\t\t\t\t${ parent.decodeEntities(`E-mail`) } \t\t\t\t\t<span className=\"mf-input-required-indicator\">*<\/span>\r\n\t\t\t\t<\/label>\r\n\t\t\t\r\n\t\t\t<input \r\n\t\t\t\ttype=\"email\" \r\n\t\t\t\t \r\n\t\t\t\tdefaultValue=\"\" \r\n\t\t\t\tclassName=\"mf-input mf-conditional-input\" \r\n\t\t\t\tid=\"mf-input-email-6bc27197\" \r\n\t\t\t\tname=\"mf-email\" \r\n\t\t\t\tplaceholder=\"${ parent.decodeEntities(``) } \" \r\n\t\t\t\t \r\n\t\t\t\tonBlur=${parent.handleChange} onFocus=${parent.handleChange} aria-invalid=${validation.errors['mf-email'] ? 'true' : 'false' } \r\n\t\t\t\tref=${el=> parent.activateValidation({\"message\":\"A mez\\u0151 kit\\u00f6lt\\u00e9se k\\u00f6telez\\u0151!\",\"emailMessage\":\"Please enter a valid Email address\",\"minLength\":1,\"maxLength\":\"\",\"type\":\"none\",\"required\":true,\"expression\":\"null\"}, el)}\r\n\t\t\t\t\t\t\t\/>\r\n\r\n\t\t\t\t\t\t<${validation.ErrorMessage} \r\n\t\t\t\terrors=${validation.errors} \r\n\t\t\t\tname=\"mf-email\" \r\n\t\t\t\tas=${html`<span className=\"mf-error-message\"><\/span>`}\r\n\t\t\t\/>\r\n\t\t\t\r\n\t\t\t<span className=\"mf-input-help\"> ${ parent.decodeEntities(`Pl: user@website.com`) }  <\/span>\t\t<\/div>\r\n\r\n\t\t\t\t<\/div>\n\t\t\t\t<\/div>\n\t\t\t\t<\/div>\n\t\t\t\t<div className=\"elementor-element elementor-element-2e6a0389 elementor-widget elementor-widget-mf-textarea\" data-id=\"2e6a0389\" data-element_type=\"widget\" data-settings=\"{&quot;mf_input_name&quot;:&quot;mf-comment&quot;}\" data-widget_type=\"mf-textarea.default\">\n\t\t\t\t<div className=\"elementor-widget-container\">\n\t\t\t\t\t\r\n\t\t<div className=\"mf-input-wrapper\">\r\n\t\t\t\t\t\t\t<label className=\"mf-input-label\" htmlFor=\"mf-input-text-area-2e6a0389\">\r\n\t\t\t\t\t${ parent.decodeEntities(`\u00cdrd ide \u00fczeneted!`) } \t\t\t\t\t<span className=\"mf-input-required-indicator\">*<\/span>\r\n\t\t\t\t<\/label>\r\n\t\t\t\r\n\t\t\t<textarea className=\"mf-input mf-textarea mf-conditional-input\" id=\"mf-input-text-area-2e6a0389\"\r\n\t\t\t\tname=\"mf-comment\" \r\n\t\t\t\tplaceholder=\"${ parent.decodeEntities(``) } \"\r\n\t\t\t\tcols=\"30\" rows=\"10\"\r\n\t\t\t\t\t\t\t\t\tonInput=${ parent.handleChange }\r\n\t\t\t\t\taria-invalid=${validation.errors['mf-comment'] ? 'true' : 'false'}\r\n\t\t\t\t\tref=${ el => parent.activateValidation({\"message\":\"A mez\\u0151 kit\\u00f6lt\\u00e9se k\\u00f6telez\\u0151!\",\"minLength\":1,\"maxLength\":\"\",\"type\":\"none\",\"required\":true,\"expression\":\"null\"}, el)}\r\n\t\t\t\t\t\t\t\t><\/textarea>\r\n\r\n\t\t\t\t\t\t\t<${validation.ErrorMessage}\r\n\t\t\t\t\terrors=${validation.errors}\r\n\t\t\t\t\tname=\"mf-comment\"\r\n\t\t\t\t\tas=${html`<span className=\"mf-error-message\"><\/span>`}\r\n\t\t\t\t\t\/>\r\n\t\t\t\t\t\t\t\t<\/div>\r\n\r\n\t\t\t\t\t\t<\/div>\n\t\t\t\t<\/div>\n\t\t\t\t<div className=\"elementor-element elementor-element-101f5262 elementor-widget__width-auto elementor-widget elementor-widget-mf-button\" data-id=\"101f5262\" data-element_type=\"widget\" data-widget_type=\"mf-button.default\">\n\t\t\t\t<div className=\"elementor-widget-container\">\n\t\t\t\t\t\t\t<div className=\"mf-btn-wraper mf-conditional-input\" data-mf-form-conditional-logic-requirement=\"\">\r\n\t\t\t\t\t\t\t<button type=\"submit\" className=\"metform-btn metform-submit-btn \" id=\"\">\r\n\t\t\t\t\t<span>${ parent.decodeEntities(`Bek\u00fcld\u00e9s`) } <\/span>\r\n\t\t\t\t<\/button>\r\n\t\t\t        <\/div>\r\n        \t\t\t\t<\/div>\n\t\t\t\t<\/div>\n\t\t\t\t<\/div>\n\t\t\t\t<\/div>\n\t\t\t\t\t\t\t`}\r\n\t\t\t\t\t<\/div>\r\n\r\n\t\t\t\t\t${is_dummy_markup ? message_position === 'bottom' ? props.ResponseDummyMarkup(message_successIcon, message_proClass) : '' : ''}\r\n\t\t\t\t\t${is_dummy_markup ? ' ' : message_position === 'bottom' ? props.SubmitResponseMarkup`${parent}${state}${message_successIcon}${message_errorIcon}${message_proClass}` : ''}\r\n\t\t\t\t\r\n\t\t\t\t<\/form>\r\n\t\t\t`\r\n\t\t<\/script>\r\n\r\n\t\t<\/div><\/div>\n\t\t\t\t\t\t<\/div>\n\t\t\t\t<\/div>\n\t\t\t\t<\/div>\n\t\t<div class=\"elementor-element elementor-element-56974fdb e-con-full e-flex e-con e-child\" data-id=\"56974fdb\" data-element_type=\"container\">\n\t\t\t\t<div class=\"elementor-element elementor-element-1da217d elementor-widget elementor-widget-image\" data-id=\"1da217d\" data-element_type=\"widget\" data-widget_type=\"image.default\">\n\t\t\t\t<div class=\"elementor-widget-container\">\n\t\t\t\t\t\t\t\t\t\t\t\t\t\t\t<img decoding=\"async\" src=\"https:\/\/serapias.eu\/wp-content\/uploads\/elementor\/thumbs\/DSC_8671_k_k-r8w73ny4q4jfv7g49hwucjjzm2zyy0ry7t2mnew8kw.jpg\" title=\"DSC_8671_k_k\" alt=\"DSC_8671_k_k\" loading=\"lazy\" \/>\t\t\t\t\t\t\t\t\t\t\t\t\t\t\t<\/div>\n\t\t\t\t<\/div>\n\t\t\t\t<\/div>\n\t\t\t\t\t<\/div>\n\t\t\t\t<\/div>\n\t\t\t\t<\/div>","protected":false},"excerpt":{"rendered":"<p>Telefonsz\u00e1m +36 30 279-6274 E-mail serapiastours@gmail.com \u00dcgyf\u00e9lszolg\u00e1lat H\u00e9t-Szo: 9:00 &#8211; 16:00 L\u00e9pj kapcsolatba Amennyiben nem tal\u00e1ltad meg amit kerest\u00e9l, vagy k\u00e9rd\u00e9sed mer\u00fclt fel, felteheted itt k\u00f6zvetlen\u00fcl \u00e9s igyeksz\u00fcnk a leghamarabb\u00a0 v\u00e1laszolni!<\/p>","protected":false},"author":1,"featured_media":0,"parent":0,"menu_order":0,"comment_status":"closed","ping_status":"closed","template":"","meta":{"_acf_changed":false,"inline_featured_image":false,"footnotes":""},"class_list":["post-9965","page","type-page","status-publish","hentry"],"acf":[],"_links":{"self":[{"href":"https:\/\/serapias.eu\/en\/wp-json\/wp\/v2\/pages\/9965","targetHints":{"allow":["GET"]}}],"collection":[{"href":"https:\/\/serapias.eu\/en\/wp-json\/wp\/v2\/pages"}],"about":[{"href":"https:\/\/serapias.eu\/en\/wp-json\/wp\/v2\/types\/page"}],"author":[{"embeddable":true,"href":"https:\/\/serapias.eu\/en\/wp-json\/wp\/v2\/users\/1"}],"replies":[{"embeddable":true,"href":"https:\/\/serapias.eu\/en\/wp-json\/wp\/v2\/comments?post=9965"}],"version-history":[{"count":75,"href":"https:\/\/serapias.eu\/en\/wp-json\/wp\/v2\/pages\/9965\/revisions"}],"predecessor-version":[{"id":10557,"href":"https:\/\/serapias.eu\/en\/wp-json\/wp\/v2\/pages\/9965\/revisions\/10557"}],"wp:attachment":[{"href":"https:\/\/serapias.eu\/en\/wp-json\/wp\/v2\/media?parent=9965"}],"curies":[{"name":"wp","href":"https:\/\/api.w.org\/{rel}","templated":true}]}}