{"id":9809,"date":"2025-07-19T17:50:06","date_gmt":"2025-07-19T15:50:06","guid":{"rendered":"https:\/\/serapias.eu\/?page_id=9809"},"modified":"2025-07-19T17:50:48","modified_gmt":"2025-07-19T15:50:48","slug":"rolunk","status":"publish","type":"page","link":"https:\/\/serapias.eu\/en\/rolunk\/","title":{"rendered":"About Us"},"content":{"rendered":"<div data-elementor-type=\"wp-page\" data-elementor-id=\"9809\" class=\"elementor elementor-9809\" data-elementor-post-type=\"page\">\n\t\t\t\t<div class=\"elementor-element elementor-element-6e7de85d e-flex e-con-boxed e-con e-parent\" data-id=\"6e7de85d\" data-element_type=\"container\">\n\t\t\t\t\t<div class=\"e-con-inner\">\n\t\t<div class=\"elementor-element elementor-element-7a712885 e-con-full e-flex e-con e-child\" data-id=\"7a712885\" data-element_type=\"container\">\n\t\t\t\t<div class=\"elementor-element elementor-element-67406d6a elementor-widget elementor-widget-text-editor\" data-id=\"67406d6a\" data-element_type=\"widget\" data-widget_type=\"text-editor.default\">\n\t\t\t\t<div class=\"elementor-widget-container\">\n\t\t\t\t\t\t\t\t\t<p><strong>What is SERAPIAS?<\/strong><\/p><p>SERAPIAS is a remarkable genus of orchids that thrives even in the driest habitats across the Mediterranean region, making the most of its resources with incredible efficiency. It lives in close, harmonious cooperation with several species of fungi \u2013 a true symbiosis built on balance and mutual benefit. Its scientific name comes from the deity Serapis, a god whose cult merged elements of ancient Egyptian and Greek religions, bringing together two peoples and their worldviews.<\/p><p>The name of our tours and our guiding philosophy are no coincidence. Just as the Serapias orchid flourishes through cooperation, our team of naturalists works together in a spirit of shared passion and mutual respect. Each of us is committed to understanding and protecting the natural world, and we aim to bring people closer to it \u2013 whether they are experienced travellers, nature lovers, or complete beginners.<\/p><p>Our tours are led by a professional biologist, and we keep our groups small so that every participant can enjoy a friendly, relaxed, and truly exclusive atmosphere. This approach allows us to give personal attention to each guest, answer questions in depth, and adapt to the group\u2019s interests, whether the focus is birdwatching, wildflowers, coastal ecosystems, or mountain landscapes.\u00a0<\/p>\t\t\t\t\t\t\t\t<\/div>\n\t\t\t\t<\/div>\n\t\t\t\t<\/div>\n\t\t<div class=\"elementor-element elementor-element-51a1503a e-con-full e-flex e-con e-child\" data-id=\"51a1503a\" data-element_type=\"container\">\n\t\t\t\t<div class=\"elementor-element elementor-element-e90441b elementor-widget elementor-widget-image\" data-id=\"e90441b\" data-element_type=\"widget\" data-widget_type=\"image.default\">\n\t\t\t\t<div class=\"elementor-widget-container\">\n\t\t\t\t\t\t\t\t\t\t\t\t\t\t\t<img fetchpriority=\"high\" decoding=\"async\" width=\"768\" height=\"1024\" src=\"https:\/\/serapias.eu\/wp-content\/uploads\/2023\/10\/Serapias_neglecta_habitus-768x1024.jpg\" class=\"attachment-large size-large wp-image-8418\" alt=\"\" srcset=\"https:\/\/serapias.eu\/wp-content\/uploads\/2023\/10\/Serapias_neglecta_habitus-768x1024.jpg 768w, https:\/\/serapias.eu\/wp-content\/uploads\/2023\/10\/Serapias_neglecta_habitus-225x300.jpg 225w, https:\/\/serapias.eu\/wp-content\/uploads\/2023\/10\/Serapias_neglecta_habitus-1151x1536.jpg 1151w, https:\/\/serapias.eu\/wp-content\/uploads\/2023\/10\/Serapias_neglecta_habitus-1535x2048.jpg 1535w, https:\/\/serapias.eu\/wp-content\/uploads\/2023\/10\/Serapias_neglecta_habitus-9x12.jpg 9w, https:\/\/serapias.eu\/wp-content\/uploads\/2023\/10\/Serapias_neglecta_habitus-scaled.jpg 1919w\" sizes=\"(max-width: 768px) 100vw, 768px\" \/>\t\t\t\t\t\t\t\t\t\t\t\t\t\t\t<\/div>\n\t\t\t\t<\/div>\n\t\t\t\t<\/div>\n\t\t\t\t\t<\/div>\n\t\t\t\t<\/div>\n\t\t<div class=\"elementor-element elementor-element-3f4b3e81 e-flex e-con-boxed e-con e-parent\" data-id=\"3f4b3e81\" data-element_type=\"container\">\n\t\t\t\t\t<div class=\"e-con-inner\">\n\t\t<div class=\"elementor-element elementor-element-3a6b2937 e-con-full e-flex e-con e-child\" data-id=\"3a6b2937\" data-element_type=\"container\">\n\t\t\t\t<div class=\"elementor-element elementor-element-3682e16c elementor-widget elementor-widget-gallery\" data-id=\"3682e16c\" data-element_type=\"widget\" data-settings=\"{&quot;gallery_layout&quot;:&quot;justified&quot;,&quot;ideal_row_height&quot;:{&quot;unit&quot;:&quot;px&quot;,&quot;size&quot;:123,&quot;sizes&quot;:[]},&quot;gap&quot;:{&quot;unit&quot;:&quot;px&quot;,&quot;size&quot;:7,&quot;sizes&quot;:[]},&quot;lazyload&quot;:&quot;yes&quot;,&quot;ideal_row_height_laptop&quot;:{&quot;unit&quot;:&quot;px&quot;,&quot;size&quot;:150,&quot;sizes&quot;:[]},&quot;ideal_row_height_tablet_extra&quot;:{&quot;unit&quot;:&quot;px&quot;,&quot;size&quot;:150,&quot;sizes&quot;:[]},&quot;ideal_row_height_tablet&quot;:{&quot;unit&quot;:&quot;px&quot;,&quot;size&quot;:150,&quot;sizes&quot;:[]},&quot;ideal_row_height_mobile_extra&quot;:{&quot;unit&quot;:&quot;px&quot;,&quot;size&quot;:150,&quot;sizes&quot;:[]},&quot;ideal_row_height_mobile&quot;:{&quot;unit&quot;:&quot;px&quot;,&quot;size&quot;:150,&quot;sizes&quot;:[]},&quot;gap_laptop&quot;:{&quot;unit&quot;:&quot;px&quot;,&quot;size&quot;:10,&quot;sizes&quot;:[]},&quot;gap_tablet_extra&quot;:{&quot;unit&quot;:&quot;px&quot;,&quot;size&quot;:10,&quot;sizes&quot;:[]},&quot;gap_tablet&quot;:{&quot;unit&quot;:&quot;px&quot;,&quot;size&quot;:10,&quot;sizes&quot;:[]},&quot;gap_mobile_extra&quot;:{&quot;unit&quot;:&quot;px&quot;,&quot;size&quot;:10,&quot;sizes&quot;:[]},&quot;gap_mobile&quot;:{&quot;unit&quot;:&quot;px&quot;,&quot;size&quot;:10,&quot;sizes&quot;:[]},&quot;link_to&quot;:&quot;file&quot;,&quot;overlay_background&quot;:&quot;yes&quot;,&quot;content_hover_animation&quot;:&quot;fade-in&quot;}\" data-widget_type=\"gallery.default\">\n\t\t\t\t<div class=\"elementor-widget-container\">\n\t\t\t\t\t\t\t<div class=\"elementor-gallery__container\">\n\t\t\t\t\t\t\t<a class=\"e-gallery-item elementor-gallery-item elementor-animated-content\" href=\"https:\/\/serapias.eu\/wp-content\/uploads\/2025\/05\/Landscape_of_alpine_and_subalpine_meadows_and_pine_forests_on_Mount_Falakro_above_the_town_of_Drama_Greece.jpg\" data-elementor-open-lightbox=\"yes\" data-elementor-lightbox-slideshow=\"3682e16c\" data-elementor-lightbox-title=\"Landscape_of_alpine_and_subalpine_meadows_and_pine_forests_on_Mount_Falakro_above_the_town_of_Drama_Greece\" data-e-action-hash=\"#elementor-action%3Aaction%3Dlightbox%26settings%3DeyJpZCI6ODE2NiwidXJsIjoiaHR0cHM6XC9cL3NlcmFwaWFzLmV1XC93cC1jb250ZW50XC91cGxvYWRzXC8yMDI1XC8wNVwvTGFuZHNjYXBlX29mX2FscGluZV9hbmRfc3ViYWxwaW5lX21lYWRvd3NfYW5kX3BpbmVfZm9yZXN0c19vbl9Nb3VudF9GYWxha3JvX2Fib3ZlX3RoZV90b3duX29mX0RyYW1hX0dyZWVjZS5qcGciLCJzbGlkZXNob3ciOiIzNjgyZTE2YyJ9\">\n\t\t\t\t\t<div class=\"e-gallery-image elementor-gallery-item__image\" data-thumbnail=\"https:\/\/serapias.eu\/wp-content\/uploads\/2025\/05\/Landscape_of_alpine_and_subalpine_meadows_and_pine_forests_on_Mount_Falakro_above_the_town_of_Drama_Greece-300x169.jpg\" data-width=\"300\" data-height=\"169\" aria-label=\"\" role=\"img\" ><\/div>\n\t\t\t\t\t\t\t\t\t\t\t<div class=\"elementor-gallery-item__overlay\"><\/div>\n\t\t\t\t\t\t\t\t\t\t\t\t\t\t<\/a>\n\t\t\t\t\t\t\t<a class=\"e-gallery-item elementor-gallery-item elementor-animated-content\" href=\"https:\/\/serapias.eu\/wp-content\/uploads\/2025\/05\/Blooming_spring_gentian_Gentiana_verna_subsp_balcanica_flowers_in_a_circle_in_the_grass_Mount_Falakro_Greece.jpg\" data-elementor-open-lightbox=\"yes\" data-elementor-lightbox-slideshow=\"3682e16c\" data-elementor-lightbox-title=\"Blooming_spring_gentian_(Gentiana_verna_subsp_balcanica)_flowers_in_a_circle_in_the_grass_Mount_Falakro_Greece\" data-e-action-hash=\"#elementor-action%3Aaction%3Dlightbox%26settings%3DeyJpZCI6ODE1NiwidXJsIjoiaHR0cHM6XC9cL3NlcmFwaWFzLmV1XC93cC1jb250ZW50XC91cGxvYWRzXC8yMDI1XC8wNVwvQmxvb21pbmdfc3ByaW5nX2dlbnRpYW5fR2VudGlhbmFfdmVybmFfc3Vic3BfYmFsY2FuaWNhX2Zsb3dlcnNfaW5fYV9jaXJjbGVfaW5fdGhlX2dyYXNzX01vdW50X0ZhbGFrcm9fR3JlZWNlLmpwZyIsInNsaWRlc2hvdyI6IjM2ODJlMTZjIn0%3D\">\n\t\t\t\t\t<div class=\"e-gallery-image elementor-gallery-item__image\" data-thumbnail=\"https:\/\/serapias.eu\/wp-content\/uploads\/2025\/05\/Blooming_spring_gentian_Gentiana_verna_subsp_balcanica_flowers_in_a_circle_in_the_grass_Mount_Falakro_Greece-300x200.jpg\" data-width=\"300\" data-height=\"200\" aria-label=\"\" role=\"img\" ><\/div>\n\t\t\t\t\t\t\t\t\t\t\t<div class=\"elementor-gallery-item__overlay\"><\/div>\n\t\t\t\t\t\t\t\t\t\t\t\t\t\t<\/a>\n\t\t\t\t\t\t\t<a class=\"e-gallery-item elementor-gallery-item elementor-animated-content\" href=\"https:\/\/serapias.eu\/wp-content\/uploads\/2025\/05\/DSC_9482_j-e1752754250685.jpg\" data-elementor-open-lightbox=\"yes\" data-elementor-lightbox-slideshow=\"3682e16c\" data-elementor-lightbox-title=\"DSC_9482_j\" data-e-action-hash=\"#elementor-action%3Aaction%3Dlightbox%26settings%3DeyJpZCI6ODE2MSwidXJsIjoiaHR0cHM6XC9cL3NlcmFwaWFzLmV1XC93cC1jb250ZW50XC91cGxvYWRzXC8yMDI1XC8wNVwvRFNDXzk0ODJfai1lMTc1Mjc1NDI1MDY4NS5qcGciLCJzbGlkZXNob3ciOiIzNjgyZTE2YyJ9\">\n\t\t\t\t\t<div class=\"e-gallery-image elementor-gallery-item__image\" data-thumbnail=\"https:\/\/serapias.eu\/wp-content\/uploads\/2025\/05\/DSC_9482_j-e1752754250685-300x244.jpg\" data-width=\"300\" data-height=\"244\" aria-label=\"\" role=\"img\" ><\/div>\n\t\t\t\t\t\t\t\t\t\t\t<div class=\"elementor-gallery-item__overlay\"><\/div>\n\t\t\t\t\t\t\t\t\t\t\t\t\t\t<\/a>\n\t\t\t\t\t\t\t<a class=\"e-gallery-item elementor-gallery-item elementor-animated-content\" href=\"https:\/\/serapias.eu\/wp-content\/uploads\/2025\/05\/DSC_3731_j.webp\" data-elementor-open-lightbox=\"yes\" data-elementor-lightbox-slideshow=\"3682e16c\" data-elementor-lightbox-title=\"DSC_3731_j\" data-e-action-hash=\"#elementor-action%3Aaction%3Dlightbox%26settings%3DeyJpZCI6NzQ0NiwidXJsIjoiaHR0cHM6XC9cL3NlcmFwaWFzLmV1XC93cC1jb250ZW50XC91cGxvYWRzXC8yMDI1XC8wNVwvRFNDXzM3MzFfai53ZWJwIiwic2xpZGVzaG93IjoiMzY4MmUxNmMifQ%3D%3D\">\n\t\t\t\t\t<div class=\"e-gallery-image elementor-gallery-item__image\" data-thumbnail=\"https:\/\/serapias.eu\/wp-content\/uploads\/2025\/05\/DSC_3731_j-300x200.webp\" data-width=\"300\" data-height=\"200\" aria-label=\"\" role=\"img\" ><\/div>\n\t\t\t\t\t\t\t\t\t\t\t<div class=\"elementor-gallery-item__overlay\"><\/div>\n\t\t\t\t\t\t\t\t\t\t\t\t\t\t<\/a>\n\t\t\t\t\t\t\t<a class=\"e-gallery-item elementor-gallery-item elementor-animated-content\" href=\"https:\/\/serapias.eu\/wp-content\/uploads\/2025\/05\/DSC_3519_v_j_2.webp\" data-elementor-open-lightbox=\"yes\" data-elementor-lightbox-slideshow=\"3682e16c\" data-elementor-lightbox-title=\"DSC_3519_v_j_2\" data-e-action-hash=\"#elementor-action%3Aaction%3Dlightbox%26settings%3DeyJpZCI6NzQzMiwidXJsIjoiaHR0cHM6XC9cL3NlcmFwaWFzLmV1XC93cC1jb250ZW50XC91cGxvYWRzXC8yMDI1XC8wNVwvRFNDXzM1MTlfdl9qXzIud2VicCIsInNsaWRlc2hvdyI6IjM2ODJlMTZjIn0%3D\">\n\t\t\t\t\t<div class=\"e-gallery-image elementor-gallery-item__image\" data-thumbnail=\"https:\/\/serapias.eu\/wp-content\/uploads\/2025\/05\/DSC_3519_v_j_2-300x169.webp\" data-width=\"300\" data-height=\"169\" aria-label=\"\" role=\"img\" ><\/div>\n\t\t\t\t\t\t\t\t\t\t\t<div class=\"elementor-gallery-item__overlay\"><\/div>\n\t\t\t\t\t\t\t\t\t\t\t\t\t\t<\/a>\n\t\t\t\t\t\t\t<a class=\"e-gallery-item elementor-gallery-item elementor-animated-content\" href=\"https:\/\/serapias.eu\/wp-content\/uploads\/2025\/05\/20240711_101242_2.webp\" data-elementor-open-lightbox=\"yes\" data-elementor-lightbox-slideshow=\"3682e16c\" data-elementor-lightbox-title=\"20240711_101242_2\" data-e-action-hash=\"#elementor-action%3Aaction%3Dlightbox%26settings%3DeyJpZCI6NzM3NywidXJsIjoiaHR0cHM6XC9cL3NlcmFwaWFzLmV1XC93cC1jb250ZW50XC91cGxvYWRzXC8yMDI1XC8wNVwvMjAyNDA3MTFfMTAxMjQyXzIud2VicCIsInNsaWRlc2hvdyI6IjM2ODJlMTZjIn0%3D\">\n\t\t\t\t\t<div class=\"e-gallery-image elementor-gallery-item__image\" data-thumbnail=\"https:\/\/serapias.eu\/wp-content\/uploads\/2025\/05\/20240711_101242_2-300x225.webp\" data-width=\"300\" data-height=\"225\" aria-label=\"\" role=\"img\" ><\/div>\n\t\t\t\t\t\t\t\t\t\t\t<div class=\"elementor-gallery-item__overlay\"><\/div>\n\t\t\t\t\t\t\t\t\t\t\t\t\t\t<\/a>\n\t\t\t\t\t\t\t<a class=\"e-gallery-item elementor-gallery-item elementor-animated-content\" href=\"https:\/\/serapias.eu\/wp-content\/uploads\/2025\/05\/DSC_9357_k.webp\" data-elementor-open-lightbox=\"yes\" data-elementor-lightbox-slideshow=\"3682e16c\" data-elementor-lightbox-title=\"DSC_9357_k\" data-e-action-hash=\"#elementor-action%3Aaction%3Dlightbox%26settings%3DeyJpZCI6NzM1MCwidXJsIjoiaHR0cHM6XC9cL3NlcmFwaWFzLmV1XC93cC1jb250ZW50XC91cGxvYWRzXC8yMDI1XC8wNVwvRFNDXzkzNTdfay53ZWJwIiwic2xpZGVzaG93IjoiMzY4MmUxNmMifQ%3D%3D\">\n\t\t\t\t\t<div class=\"e-gallery-image elementor-gallery-item__image\" data-thumbnail=\"https:\/\/serapias.eu\/wp-content\/uploads\/2025\/05\/DSC_9357_k-300x200.webp\" data-width=\"300\" data-height=\"200\" aria-label=\"\" role=\"img\" ><\/div>\n\t\t\t\t\t\t\t\t\t\t\t<div class=\"elementor-gallery-item__overlay\"><\/div>\n\t\t\t\t\t\t\t\t\t\t\t\t\t\t<\/a>\n\t\t\t\t\t\t\t<a class=\"e-gallery-item elementor-gallery-item elementor-animated-content\" href=\"https:\/\/serapias.eu\/wp-content\/uploads\/2025\/05\/DSC_9384_k.webp\" data-elementor-open-lightbox=\"yes\" data-elementor-lightbox-slideshow=\"3682e16c\" data-elementor-lightbox-title=\"DSC_9384_k\" data-e-action-hash=\"#elementor-action%3Aaction%3Dlightbox%26settings%3DeyJpZCI6NzM1MywidXJsIjoiaHR0cHM6XC9cL3NlcmFwaWFzLmV1XC93cC1jb250ZW50XC91cGxvYWRzXC8yMDI1XC8wNVwvRFNDXzkzODRfay53ZWJwIiwic2xpZGVzaG93IjoiMzY4MmUxNmMifQ%3D%3D\">\n\t\t\t\t\t<div class=\"e-gallery-image elementor-gallery-item__image\" data-thumbnail=\"https:\/\/serapias.eu\/wp-content\/uploads\/2025\/05\/DSC_9384_k-300x200.webp\" data-width=\"300\" data-height=\"200\" aria-label=\"\" role=\"img\" ><\/div>\n\t\t\t\t\t\t\t\t\t\t\t<div class=\"elementor-gallery-item__overlay\"><\/div>\n\t\t\t\t\t\t\t\t\t\t\t\t\t\t<\/a>\n\t\t\t\t\t\t\t<a class=\"e-gallery-item elementor-gallery-item elementor-animated-content\" href=\"https:\/\/serapias.eu\/wp-content\/uploads\/2025\/05\/DSC_6491_j_2.webp\" data-elementor-open-lightbox=\"yes\" data-elementor-lightbox-slideshow=\"3682e16c\" data-elementor-lightbox-title=\"DSC_6491_j_2\" data-e-action-hash=\"#elementor-action%3Aaction%3Dlightbox%26settings%3DeyJpZCI6NzMyMywidXJsIjoiaHR0cHM6XC9cL3NlcmFwaWFzLmV1XC93cC1jb250ZW50XC91cGxvYWRzXC8yMDI1XC8wNVwvRFNDXzY0OTFfal8yLndlYnAiLCJzbGlkZXNob3ciOiIzNjgyZTE2YyJ9\">\n\t\t\t\t\t<div class=\"e-gallery-image elementor-gallery-item__image\" data-thumbnail=\"https:\/\/serapias.eu\/wp-content\/uploads\/2025\/05\/DSC_6491_j_2-300x200.webp\" data-width=\"300\" data-height=\"200\" aria-label=\"\" role=\"img\" ><\/div>\n\t\t\t\t\t\t\t\t\t\t\t<div class=\"elementor-gallery-item__overlay\"><\/div>\n\t\t\t\t\t\t\t\t\t\t\t\t\t\t<\/a>\n\t\t\t\t\t\t\t<a class=\"e-gallery-item elementor-gallery-item elementor-animated-content\" href=\"https:\/\/serapias.eu\/wp-content\/uploads\/2025\/05\/DSC_5562_j_2.webp\" data-elementor-open-lightbox=\"yes\" data-elementor-lightbox-slideshow=\"3682e16c\" data-elementor-lightbox-title=\"DSC_5562_j_2\" data-e-action-hash=\"#elementor-action%3Aaction%3Dlightbox%26settings%3DeyJpZCI6NzMxOSwidXJsIjoiaHR0cHM6XC9cL3NlcmFwaWFzLmV1XC93cC1jb250ZW50XC91cGxvYWRzXC8yMDI1XC8wNVwvRFNDXzU1NjJfal8yLndlYnAiLCJzbGlkZXNob3ciOiIzNjgyZTE2YyJ9\">\n\t\t\t\t\t<div class=\"e-gallery-image elementor-gallery-item__image\" data-thumbnail=\"https:\/\/serapias.eu\/wp-content\/uploads\/2025\/05\/DSC_5562_j_2-300x200.webp\" data-width=\"300\" data-height=\"200\" aria-label=\"\" role=\"img\" ><\/div>\n\t\t\t\t\t\t\t\t\t\t\t<div class=\"elementor-gallery-item__overlay\"><\/div>\n\t\t\t\t\t\t\t\t\t\t\t\t\t\t<\/a>\n\t\t\t\t\t\t\t<a class=\"e-gallery-item elementor-gallery-item elementor-animated-content\" href=\"https:\/\/serapias.eu\/wp-content\/uploads\/2025\/04\/nestos-canyon-10.webp\" data-elementor-open-lightbox=\"yes\" data-elementor-lightbox-slideshow=\"3682e16c\" data-elementor-lightbox-title=\"nestos-canyon-10\" data-e-action-hash=\"#elementor-action%3Aaction%3Dlightbox%26settings%3DeyJpZCI6NzE1NSwidXJsIjoiaHR0cHM6XC9cL3NlcmFwaWFzLmV1XC93cC1jb250ZW50XC91cGxvYWRzXC8yMDI1XC8wNFwvbmVzdG9zLWNhbnlvbi0xMC53ZWJwIiwic2xpZGVzaG93IjoiMzY4MmUxNmMifQ%3D%3D\">\n\t\t\t\t\t<div class=\"e-gallery-image elementor-gallery-item__image\" data-thumbnail=\"https:\/\/serapias.eu\/wp-content\/uploads\/2025\/04\/nestos-canyon-10-300x169.webp\" data-width=\"300\" data-height=\"169\" aria-label=\"\" role=\"img\" ><\/div>\n\t\t\t\t\t\t\t\t\t\t\t<div class=\"elementor-gallery-item__overlay\"><\/div>\n\t\t\t\t\t\t\t\t\t\t\t\t\t\t<\/a>\n\t\t\t\t\t\t\t<a class=\"e-gallery-item elementor-gallery-item elementor-animated-content\" href=\"https:\/\/serapias.eu\/wp-content\/uploads\/2025\/05\/DSC_4789_2.webp\" data-elementor-open-lightbox=\"yes\" data-elementor-lightbox-slideshow=\"3682e16c\" data-elementor-lightbox-title=\"DSC_4789_2\" data-e-action-hash=\"#elementor-action%3Aaction%3Dlightbox%26settings%3DeyJpZCI6NzMxNiwidXJsIjoiaHR0cHM6XC9cL3NlcmFwaWFzLmV1XC93cC1jb250ZW50XC91cGxvYWRzXC8yMDI1XC8wNVwvRFNDXzQ3ODlfMi53ZWJwIiwic2xpZGVzaG93IjoiMzY4MmUxNmMifQ%3D%3D\">\n\t\t\t\t\t<div class=\"e-gallery-image elementor-gallery-item__image\" data-thumbnail=\"https:\/\/serapias.eu\/wp-content\/uploads\/2025\/05\/DSC_4789_2-300x200.webp\" data-width=\"300\" data-height=\"200\" aria-label=\"\" role=\"img\" ><\/div>\n\t\t\t\t\t\t\t\t\t\t\t<div class=\"elementor-gallery-item__overlay\"><\/div>\n\t\t\t\t\t\t\t\t\t\t\t\t\t\t<\/a>\n\t\t\t\t\t\t\t<a class=\"e-gallery-item elementor-gallery-item elementor-animated-content\" href=\"https:\/\/serapias.eu\/wp-content\/uploads\/2025\/04\/nestos-canyon-05.webp\" data-elementor-open-lightbox=\"yes\" data-elementor-lightbox-slideshow=\"3682e16c\" data-elementor-lightbox-title=\"nestos-canyon-05\" data-e-action-hash=\"#elementor-action%3Aaction%3Dlightbox%26settings%3DeyJpZCI6NzE1MCwidXJsIjoiaHR0cHM6XC9cL3NlcmFwaWFzLmV1XC93cC1jb250ZW50XC91cGxvYWRzXC8yMDI1XC8wNFwvbmVzdG9zLWNhbnlvbi0wNS53ZWJwIiwic2xpZGVzaG93IjoiMzY4MmUxNmMifQ%3D%3D\">\n\t\t\t\t\t<div class=\"e-gallery-image elementor-gallery-item__image\" data-thumbnail=\"https:\/\/serapias.eu\/wp-content\/uploads\/2025\/04\/nestos-canyon-05-300x200.webp\" data-width=\"300\" data-height=\"200\" aria-label=\"\" role=\"img\" ><\/div>\n\t\t\t\t\t\t\t\t\t\t\t<div class=\"elementor-gallery-item__overlay\"><\/div>\n\t\t\t\t\t\t\t\t\t\t\t\t\t\t<\/a>\n\t\t\t\t\t<\/div>\n\t\t\t\t\t<\/div>\n\t\t\t\t<\/div>\n\t\t\t\t<\/div>\n\t\t<div class=\"elementor-element elementor-element-49ef9bbd e-con-full e-flex e-con e-child\" data-id=\"49ef9bbd\" data-element_type=\"container\">\n\t\t\t\t<div class=\"elementor-element elementor-element-6107ea86 elementor-widget elementor-widget-text-editor\" data-id=\"6107ea86\" data-element_type=\"widget\" data-widget_type=\"text-editor.default\">\n\t\t\t\t<div class=\"elementor-widget-container\">\n\t\t\t\t\t\t\t\t\t<p>The roots of our work run deep \u2013 from a childhood fascination with wildlife, through decades of field observation and ecological study, to many years of guiding and outdoor education. We see each tour not only as an opportunity to explore beautiful places, but also to share knowledge, inspire curiosity, and encourage a lasting connection with nature<\/p><p>Our fascination with the Mediterranean landscapes \u2013 much like the Serapias orchid itself \u2013 has grown over decades. These coastal regions are among our favourite destinations, and Greece, in particular, still holds countless wild, unspoilt corners rich in biodiversity. With our local knowledge and experience, we aim to show visitors a side of Greece far removed from the usual holiday postcard: a land that is colourful and varied, wild and peaceful, floral and lush, monumental and ancient.<\/p><p>We hope that by joining a SERAPIAS tour, you\u2019ll not only take home unforgettable memories, but also a deeper appreciation for the natural world. Come and explore with us! \u00a0\u00a0\u00a0\u00a0\u00a0<\/p>\t\t\t\t\t\t\t\t<\/div>\n\t\t\t\t<\/div>\n\t\t\t\t<\/div>\n\t\t\t\t\t<\/div>\n\t\t\t\t<\/div>\n\t\t\t\t<\/div>","protected":false},"excerpt":{"rendered":"<p>Kicsit r\u00e9szletesebben mi is az a SERAPIAS A SERAPIAS egy olyan n\u00f6v\u00e9ny, mely rendk\u00edv\u00fcl hat\u00e9konyan hasznos\u00edtja er\u0151forr\u00e1sait \u00e9s a legsz\u00e1razabb \u00e9l\u0151helyeken is meg\u00e9l szerte a mediterr\u00e1n r\u00e9gi\u00f3ban. Ezen k\u00edv\u00fcl t\u00f6bb gombafajjal harmonikus egy\u00fcttm\u0171k\u00f6d\u00e9sben, szimbi\u00f3zisban, kompromisszumok ment\u00e9n \u00e9li \u00e9let\u00e9t. Tudom\u00e1nyos nev\u00e9t Szer\u00e1pisz istenr\u0151l kapta, akinek kultusz\u00e1val az egyiptomi \u00e9s a g\u00f6r\u00f6g vall\u00e1sokat kapcsolt\u00e1k \u00f6ssze, hogy az [&hellip;]<\/p>","protected":false},"author":1,"featured_media":0,"parent":0,"menu_order":0,"comment_status":"closed","ping_status":"closed","template":"","meta":{"_acf_changed":false,"inline_featured_image":false,"footnotes":""},"class_list":["post-9809","page","type-page","status-publish","hentry"],"acf":[],"_links":{"self":[{"href":"https:\/\/serapias.eu\/en\/wp-json\/wp\/v2\/pages\/9809","targetHints":{"allow":["GET"]}}],"collection":[{"href":"https:\/\/serapias.eu\/en\/wp-json\/wp\/v2\/pages"}],"about":[{"href":"https:\/\/serapias.eu\/en\/wp-json\/wp\/v2\/types\/page"}],"author":[{"embeddable":true,"href":"https:\/\/serapias.eu\/en\/wp-json\/wp\/v2\/users\/1"}],"replies":[{"embeddable":true,"href":"https:\/\/serapias.eu\/en\/wp-json\/wp\/v2\/comments?post=9809"}],"version-history":[{"count":3,"href":"https:\/\/serapias.eu\/en\/wp-json\/wp\/v2\/pages\/9809\/revisions"}],"predecessor-version":[{"id":9818,"href":"https:\/\/serapias.eu\/en\/wp-json\/wp\/v2\/pages\/9809\/revisions\/9818"}],"wp:attachment":[{"href":"https:\/\/serapias.eu\/en\/wp-json\/wp\/v2\/media?parent=9809"}],"curies":[{"name":"wp","href":"https:\/\/api.w.org\/{rel}","templated":true}]}}