{"id":9067,"date":"2025-06-19T08:17:41","date_gmt":"2025-06-19T06:17:41","guid":{"rendered":"https:\/\/serapias.eu\/?page_id=9067"},"modified":"2025-06-19T11:56:50","modified_gmt":"2025-06-19T09:56:50","slug":"galeria-szakertoi-tevekenyseg","status":"publish","type":"page","link":"https:\/\/serapias.eu\/en\/galeria-szakertoi-tevekenyseg\/","title":{"rendered":"Gal\u00e9ria: Szak\u00e9rt\u0151i tev\u00e9kenys\u00e9g"},"content":{"rendered":"<div data-elementor-type=\"wp-page\" data-elementor-id=\"9067\" class=\"elementor elementor-9067\" data-elementor-post-type=\"page\">\n\t\t\t\t<div class=\"elementor-element elementor-element-71955fc e-flex e-con-boxed e-con e-parent\" data-id=\"71955fc\" data-element_type=\"container\">\n\t\t\t\t\t<div class=\"e-con-inner\">\n\t\t\t\t<div class=\"elementor-element elementor-element-0a87798 elementor-widget elementor-widget-gallery\" data-id=\"0a87798\" data-element_type=\"widget\" data-settings=\"{&quot;gallery_layout&quot;:&quot;justified&quot;,&quot;gap&quot;:{&quot;unit&quot;:&quot;px&quot;,&quot;size&quot;:7,&quot;sizes&quot;:[]},&quot;lazyload&quot;:&quot;yes&quot;,&quot;ideal_row_height&quot;:{&quot;unit&quot;:&quot;px&quot;,&quot;size&quot;:200,&quot;sizes&quot;:[]},&quot;ideal_row_height_laptop&quot;:{&quot;unit&quot;:&quot;px&quot;,&quot;size&quot;:150,&quot;sizes&quot;:[]},&quot;ideal_row_height_tablet_extra&quot;:{&quot;unit&quot;:&quot;px&quot;,&quot;size&quot;:150,&quot;sizes&quot;:[]},&quot;ideal_row_height_tablet&quot;:{&quot;unit&quot;:&quot;px&quot;,&quot;size&quot;:150,&quot;sizes&quot;:[]},&quot;ideal_row_height_mobile_extra&quot;:{&quot;unit&quot;:&quot;px&quot;,&quot;size&quot;:150,&quot;sizes&quot;:[]},&quot;ideal_row_height_mobile&quot;:{&quot;unit&quot;:&quot;px&quot;,&quot;size&quot;:150,&quot;sizes&quot;:[]},&quot;gap_laptop&quot;:{&quot;unit&quot;:&quot;px&quot;,&quot;size&quot;:10,&quot;sizes&quot;:[]},&quot;gap_tablet_extra&quot;:{&quot;unit&quot;:&quot;px&quot;,&quot;size&quot;:10,&quot;sizes&quot;:[]},&quot;gap_tablet&quot;:{&quot;unit&quot;:&quot;px&quot;,&quot;size&quot;:10,&quot;sizes&quot;:[]},&quot;gap_mobile_extra&quot;:{&quot;unit&quot;:&quot;px&quot;,&quot;size&quot;:10,&quot;sizes&quot;:[]},&quot;gap_mobile&quot;:{&quot;unit&quot;:&quot;px&quot;,&quot;size&quot;:10,&quot;sizes&quot;:[]},&quot;link_to&quot;:&quot;file&quot;,&quot;overlay_background&quot;:&quot;yes&quot;,&quot;content_hover_animation&quot;:&quot;fade-in&quot;}\" data-widget_type=\"gallery.default\">\n\t\t\t\t<div class=\"elementor-widget-container\">\n\t\t\t\t\t\t\t<div class=\"elementor-gallery__container\">\n\t\t\t\t\t\t\t<a class=\"e-gallery-item elementor-gallery-item elementor-animated-content\" href=\"https:\/\/serapias.eu\/wp-content\/uploads\/2025\/06\/DSC_0460_k.webp\" data-elementor-open-lightbox=\"yes\" data-elementor-lightbox-slideshow=\"0a87798\" data-elementor-lightbox-title=\"DSC_0460_k\" data-e-action-hash=\"#elementor-action%3Aaction%3Dlightbox%26settings%3DeyJpZCI6OTIwMiwidXJsIjoiaHR0cHM6XC9cL3NlcmFwaWFzLmV1XC93cC1jb250ZW50XC91cGxvYWRzXC8yMDI1XC8wNlwvRFNDXzA0NjBfay53ZWJwIiwic2xpZGVzaG93IjoiMGE4Nzc5OCJ9\">\n\t\t\t\t\t<div class=\"e-gallery-image elementor-gallery-item__image\" data-thumbnail=\"https:\/\/serapias.eu\/wp-content\/uploads\/2025\/06\/DSC_0460_k-300x199.webp\" data-width=\"300\" data-height=\"199\" aria-label=\"\" role=\"img\" ><\/div>\n\t\t\t\t\t\t\t\t\t\t\t<div class=\"elementor-gallery-item__overlay\"><\/div>\n\t\t\t\t\t\t\t\t\t\t\t\t\t\t<\/a>\n\t\t\t\t\t\t\t<a class=\"e-gallery-item elementor-gallery-item elementor-animated-content\" href=\"https:\/\/serapias.eu\/wp-content\/uploads\/2025\/06\/DSC_1001_k.webp\" data-elementor-open-lightbox=\"yes\" data-elementor-lightbox-slideshow=\"0a87798\" data-elementor-lightbox-title=\"DSC_1001_k\" data-e-action-hash=\"#elementor-action%3Aaction%3Dlightbox%26settings%3DeyJpZCI6OTIwMywidXJsIjoiaHR0cHM6XC9cL3NlcmFwaWFzLmV1XC93cC1jb250ZW50XC91cGxvYWRzXC8yMDI1XC8wNlwvRFNDXzEwMDFfay53ZWJwIiwic2xpZGVzaG93IjoiMGE4Nzc5OCJ9\">\n\t\t\t\t\t<div class=\"e-gallery-image elementor-gallery-item__image\" data-thumbnail=\"https:\/\/serapias.eu\/wp-content\/uploads\/2025\/06\/DSC_1001_k-300x220.webp\" data-width=\"300\" data-height=\"220\" aria-label=\"\" role=\"img\" ><\/div>\n\t\t\t\t\t\t\t\t\t\t\t<div class=\"elementor-gallery-item__overlay\"><\/div>\n\t\t\t\t\t\t\t\t\t\t\t\t\t\t<\/a>\n\t\t\t\t\t\t\t<a class=\"e-gallery-item elementor-gallery-item elementor-animated-content\" href=\"https:\/\/serapias.eu\/wp-content\/uploads\/2025\/06\/DSC_1009_k.webp\" data-elementor-open-lightbox=\"yes\" data-elementor-lightbox-slideshow=\"0a87798\" data-elementor-lightbox-title=\"DSC_1009_k\" data-e-action-hash=\"#elementor-action%3Aaction%3Dlightbox%26settings%3DeyJpZCI6OTIwNCwidXJsIjoiaHR0cHM6XC9cL3NlcmFwaWFzLmV1XC93cC1jb250ZW50XC91cGxvYWRzXC8yMDI1XC8wNlwvRFNDXzEwMDlfay53ZWJwIiwic2xpZGVzaG93IjoiMGE4Nzc5OCJ9\">\n\t\t\t\t\t<div class=\"e-gallery-image elementor-gallery-item__image\" data-thumbnail=\"https:\/\/serapias.eu\/wp-content\/uploads\/2025\/06\/DSC_1009_k-214x300.webp\" data-width=\"214\" data-height=\"300\" aria-label=\"\" role=\"img\" ><\/div>\n\t\t\t\t\t\t\t\t\t\t\t<div class=\"elementor-gallery-item__overlay\"><\/div>\n\t\t\t\t\t\t\t\t\t\t\t\t\t\t<\/a>\n\t\t\t\t\t\t\t<a class=\"e-gallery-item elementor-gallery-item elementor-animated-content\" href=\"https:\/\/serapias.eu\/wp-content\/uploads\/2025\/06\/DSC_1146_k_j.webp\" data-elementor-open-lightbox=\"yes\" data-elementor-lightbox-slideshow=\"0a87798\" data-elementor-lightbox-title=\"DSC_1146_k_j\" data-e-action-hash=\"#elementor-action%3Aaction%3Dlightbox%26settings%3DeyJpZCI6OTIwNSwidXJsIjoiaHR0cHM6XC9cL3NlcmFwaWFzLmV1XC93cC1jb250ZW50XC91cGxvYWRzXC8yMDI1XC8wNlwvRFNDXzExNDZfa19qLndlYnAiLCJzbGlkZXNob3ciOiIwYTg3Nzk4In0%3D\">\n\t\t\t\t\t<div class=\"e-gallery-image elementor-gallery-item__image\" data-thumbnail=\"https:\/\/serapias.eu\/wp-content\/uploads\/2025\/06\/DSC_1146_k_j-300x199.webp\" data-width=\"300\" data-height=\"199\" aria-label=\"\" role=\"img\" ><\/div>\n\t\t\t\t\t\t\t\t\t\t\t<div class=\"elementor-gallery-item__overlay\"><\/div>\n\t\t\t\t\t\t\t\t\t\t\t\t\t\t<\/a>\n\t\t\t\t\t\t\t<a class=\"e-gallery-item elementor-gallery-item elementor-animated-content\" href=\"https:\/\/serapias.eu\/wp-content\/uploads\/2025\/06\/DSC_4633.webp\" data-elementor-open-lightbox=\"yes\" data-elementor-lightbox-slideshow=\"0a87798\" data-elementor-lightbox-title=\"DSC_4633\" data-e-action-hash=\"#elementor-action%3Aaction%3Dlightbox%26settings%3DeyJpZCI6OTIwNiwidXJsIjoiaHR0cHM6XC9cL3NlcmFwaWFzLmV1XC93cC1jb250ZW50XC91cGxvYWRzXC8yMDI1XC8wNlwvRFNDXzQ2MzMud2VicCIsInNsaWRlc2hvdyI6IjBhODc3OTgifQ%3D%3D\">\n\t\t\t\t\t<div class=\"e-gallery-image elementor-gallery-item__image\" data-thumbnail=\"https:\/\/serapias.eu\/wp-content\/uploads\/2025\/06\/DSC_4633-300x200.webp\" data-width=\"300\" data-height=\"200\" aria-label=\"\" role=\"img\" ><\/div>\n\t\t\t\t\t\t\t\t\t\t\t<div class=\"elementor-gallery-item__overlay\"><\/div>\n\t\t\t\t\t\t\t\t\t\t\t\t\t\t<\/a>\n\t\t\t\t\t\t\t<a class=\"e-gallery-item elementor-gallery-item elementor-animated-content\" href=\"https:\/\/serapias.eu\/wp-content\/uploads\/2025\/06\/DSC_4978_j.webp\" data-elementor-open-lightbox=\"yes\" data-elementor-lightbox-slideshow=\"0a87798\" data-elementor-lightbox-title=\"DSC_4978_j\" data-e-action-hash=\"#elementor-action%3Aaction%3Dlightbox%26settings%3DeyJpZCI6OTIwNywidXJsIjoiaHR0cHM6XC9cL3NlcmFwaWFzLmV1XC93cC1jb250ZW50XC91cGxvYWRzXC8yMDI1XC8wNlwvRFNDXzQ5Nzhfai53ZWJwIiwic2xpZGVzaG93IjoiMGE4Nzc5OCJ9\">\n\t\t\t\t\t<div class=\"e-gallery-image elementor-gallery-item__image\" data-thumbnail=\"https:\/\/serapias.eu\/wp-content\/uploads\/2025\/06\/DSC_4978_j-300x200.webp\" data-width=\"300\" data-height=\"200\" aria-label=\"\" role=\"img\" ><\/div>\n\t\t\t\t\t\t\t\t\t\t\t<div class=\"elementor-gallery-item__overlay\"><\/div>\n\t\t\t\t\t\t\t\t\t\t\t\t\t\t<\/a>\n\t\t\t\t\t<\/div>\n\t\t\t\t\t<\/div>\n\t\t\t\t<\/div>\n\t\t\t\t\t<\/div>\n\t\t\t\t<\/div>\n\t\t\t\t<\/div>","protected":false},"excerpt":{"rendered":"","protected":false},"author":1,"featured_media":0,"parent":0,"menu_order":0,"comment_status":"closed","ping_status":"closed","template":"","meta":{"_acf_changed":false,"inline_featured_image":false,"footnotes":""},"class_list":["post-9067","page","type-page","status-publish","hentry"],"acf":[],"_links":{"self":[{"href":"https:\/\/serapias.eu\/en\/wp-json\/wp\/v2\/pages\/9067","targetHints":{"allow":["GET"]}}],"collection":[{"href":"https:\/\/serapias.eu\/en\/wp-json\/wp\/v2\/pages"}],"about":[{"href":"https:\/\/serapias.eu\/en\/wp-json\/wp\/v2\/types\/page"}],"author":[{"embeddable":true,"href":"https:\/\/serapias.eu\/en\/wp-json\/wp\/v2\/users\/1"}],"replies":[{"embeddable":true,"href":"https:\/\/serapias.eu\/en\/wp-json\/wp\/v2\/comments?post=9067"}],"version-history":[{"count":8,"href":"https:\/\/serapias.eu\/en\/wp-json\/wp\/v2\/pages\/9067\/revisions"}],"predecessor-version":[{"id":9242,"href":"https:\/\/serapias.eu\/en\/wp-json\/wp\/v2\/pages\/9067\/revisions\/9242"}],"wp:attachment":[{"href":"https:\/\/serapias.eu\/en\/wp-json\/wp\/v2\/media?parent=9067"}],"curies":[{"name":"wp","href":"https:\/\/api.w.org\/{rel}","templated":true}]}}