{"id":7847,"date":"2025-05-27T10:44:37","date_gmt":"2025-05-27T08:44:37","guid":{"rendered":"https:\/\/serapias.eu\/?page_id=7847"},"modified":"2025-09-22T15:30:50","modified_gmt":"2025-09-22T13:30:50","slug":"szakertoi-tevekenyseg","status":"publish","type":"page","link":"https:\/\/serapias.eu\/en\/szakertoi-tevekenyseg\/","title":{"rendered":"Expert Activity"},"content":{"rendered":"<div data-elementor-type=\"wp-page\" data-elementor-id=\"7847\" class=\"elementor elementor-7847\" data-elementor-post-type=\"page\">\n\t\t\t\t<div class=\"elementor-element elementor-element-a5cfe72 e-flex e-con-boxed e-con e-parent\" data-id=\"a5cfe72\" data-element_type=\"container\">\n\t\t\t\t\t<div class=\"e-con-inner\">\n\t\t\t\t<div class=\"elementor-element elementor-element-39c29eb elementor-grid-1 elementor-posts--thumbnail-left elementor-grid-tablet-2 elementor-grid-mobile-1 elementor-widget elementor-widget-posts\" data-id=\"39c29eb\" data-element_type=\"widget\" data-settings=\"{&quot;classic_columns&quot;:&quot;1&quot;,&quot;classic_row_gap&quot;:{&quot;unit&quot;:&quot;px&quot;,&quot;size&quot;:20,&quot;sizes&quot;:[]},&quot;classic_columns_tablet&quot;:&quot;2&quot;,&quot;classic_columns_mobile&quot;:&quot;1&quot;,&quot;classic_row_gap_laptop&quot;:{&quot;unit&quot;:&quot;px&quot;,&quot;size&quot;:&quot;&quot;,&quot;sizes&quot;:[]},&quot;classic_row_gap_tablet_extra&quot;:{&quot;unit&quot;:&quot;px&quot;,&quot;size&quot;:&quot;&quot;,&quot;sizes&quot;:[]},&quot;classic_row_gap_tablet&quot;:{&quot;unit&quot;:&quot;px&quot;,&quot;size&quot;:&quot;&quot;,&quot;sizes&quot;:[]},&quot;classic_row_gap_mobile_extra&quot;:{&quot;unit&quot;:&quot;px&quot;,&quot;size&quot;:&quot;&quot;,&quot;sizes&quot;:[]},&quot;classic_row_gap_mobile&quot;:{&quot;unit&quot;:&quot;px&quot;,&quot;size&quot;:&quot;&quot;,&quot;sizes&quot;:[]}}\" data-widget_type=\"posts.classic\">\n\t\t\t\t<div class=\"elementor-widget-container\">\n\t\t\t\t\t\t\t<div class=\"elementor-posts-container elementor-posts elementor-posts--skin-classic elementor-grid\">\n\t\t\t\t<article class=\"elementor-post elementor-grid-item post-8004 szakertoitevekenyseg type-szakertoitevekenyseg status-publish has-post-thumbnail hentry\">\n\t\t\t\t<a class=\"elementor-post__thumbnail__link\" href=\"https:\/\/serapias.eu\/en\/szakertoitevekenyseg\/szaktanacsadas\/\" tabindex=\"-1\">\n\t\t\t<div class=\"elementor-post__thumbnail\"><img decoding=\"async\" src=\"https:\/\/serapias.eu\/wp-content\/uploads\/2025\/05\/DSC_1009_k-500x500.jpg\" title=\"DSC_1009_k\" alt=\"DSC_1009_k\" loading=\"lazy\" \/><\/div>\n\t\t<\/a>\n\t\t\t\t<div class=\"elementor-post__text\">\n\t\t\t\t<h3 class=\"elementor-post__title\">\n\t\t\t<a href=\"https:\/\/serapias.eu\/en\/szakertoitevekenyseg\/szaktanacsadas\/\">\n\t\t\t\tSzaktan\u00e1csad\u00e1s\t\t\t<\/a>\n\t\t<\/h3>\n\t\t\t\t<div class=\"elementor-post__excerpt\">\n\t\t\t<p>Egyszer\u0171 gyakorlati term\u00e9szetv\u00e9delmi k\u00e9rd\u00e9sekt\u0151l az \u00f6sszetett, orsz\u00e1gos l\u00e9pt\u00e9k\u0171 beruh\u00e1z\u00e1sokig ny\u00fajtunk szakmai tan\u00e1csad\u00e1st felmer\u00fcl\u0151 k\u00e9rd\u00e9sek eset\u00e9n, azok k\u00f6z\u00e9rthet\u0151 megv\u00e1laszol\u00e1s\u00e1val. Megold\u00e1sra v\u00e1r\u00f3, term\u00e9szetv\u00e9delmi szak\u00e9rtelmet ig\u00e9nyl\u0151 probl\u00e9m\u00e1kat igyeksz\u00fcnk orvosolni jelent\u0151s szakmai tapasztalatunkkal, gyakorlatias \u00e9s kompromisszum k\u00e9sz hozz\u00e1\u00e1ll\u00e1sunkkal. Szakmai seg\u00edts\u00e9get k\u00e9rhet \u00e9p\u00edt\u0151ipari, vagy energetikai beruh\u00e1z\u00f3k\u00e9nt, tervez\u0151k\u00e9nt, mez\u0151gazd\u00e1szk\u00e9nt, erd\u00e9szk\u00e9nt, vagy b\u00e1rmilyen z\u00f6ldmez\u0151s beruh\u00e1z\u00e1s tervez\u00e9sekor. Kutat\u00e1si<\/p>\n\t\t<\/div>\n\t\t\t\t\t<div class=\"elementor-post__read-more-wrapper\">\n\t\t\n\t\t<a class=\"elementor-post__read-more\" href=\"https:\/\/serapias.eu\/en\/szakertoitevekenyseg\/szaktanacsadas\/\" aria-label=\"Read more about Szaktan\u00e1csad\u00e1s\" tabindex=\"-1\">\n\t\t\tTOV\u00c1BB OLVASOM...\t\t<\/a>\n\n\t\t\t\t\t<\/div>\n\t\t\t\t<\/div>\n\t\t\t\t<\/article>\n\t\t\t\t<article class=\"elementor-post elementor-grid-item post-7984 szakertoitevekenyseg type-szakertoitevekenyseg status-publish has-post-thumbnail hentry\">\n\t\t\t\t<a class=\"elementor-post__thumbnail__link\" href=\"https:\/\/serapias.eu\/en\/szakertoitevekenyseg\/elozetes-tervvelemenyezes\/\" tabindex=\"-1\">\n\t\t\t<div class=\"elementor-post__thumbnail\"><img decoding=\"async\" src=\"https:\/\/serapias.eu\/wp-content\/uploads\/2025\/05\/DSC_0380_k-500x500.jpg\" title=\"DSC_0380_k\" alt=\"DSC_0380_k\" loading=\"lazy\" \/><\/div>\n\t\t<\/a>\n\t\t\t\t<div class=\"elementor-post__text\">\n\t\t\t\t<h3 class=\"elementor-post__title\">\n\t\t\t<a href=\"https:\/\/serapias.eu\/en\/szakertoitevekenyseg\/elozetes-tervvelemenyezes\/\">\n\t\t\t\tEl\u0151zetes tervv\u00e9lem\u00e9nyez\u00e9s\t\t\t<\/a>\n\t\t<\/h3>\n\t\t\t\t<div class=\"elementor-post__excerpt\">\n\t\t\t<p>Minden beruh\u00e1z\u00e1sn\u00e1l fontos a k\u00f6lts\u00e9goptimaliz\u00e1l\u00e1s \u00e9s a k\u00f6lts\u00e9gvet\u00e9s tervezhet\u0151s\u00e9ge. Szeretn\u00e9 megsp\u00f3rolni egy projekt \u201efelesleges\u201d term\u00e9szetv\u00e9delmi k\u00f6lts\u00e9geit? Nem szeretne l\u00e1tni el\u0151re nem v\u00e1rt term\u00e9szetv\u00e9delmi k\u00f6lts\u00e9geket? Szeretn\u00e9 ler\u00f6vid\u00edteni az enged\u00e9lyeztet\u00e9si id\u0151szakot? Sz\u00e1mos projektben gy\u0171jt\u00f6tt gyakorlati tapasztalatunkra alapozva, el\u0151zetes szakmai javaslatainkkal, az illet\u00e9kes nemzeti parkkal t\u00f6rt\u00e9n\u0151 kommunik\u00e1ci\u00f3val \u00e9s a tervezett beruh\u00e1z\u00e1s term\u00e9szetv\u00e9delmi szempont\u00fa<\/p>\n\t\t<\/div>\n\t\t\t\t\t<div class=\"elementor-post__read-more-wrapper\">\n\t\t\n\t\t<a class=\"elementor-post__read-more\" href=\"https:\/\/serapias.eu\/en\/szakertoitevekenyseg\/elozetes-tervvelemenyezes\/\" aria-label=\"Read more about El\u0151zetes tervv\u00e9lem\u00e9nyez\u00e9s\" tabindex=\"-1\">\n\t\t\tTOV\u00c1BB OLVASOM...\t\t<\/a>\n\n\t\t\t\t\t<\/div>\n\t\t\t\t<\/div>\n\t\t\t\t<\/article>\n\t\t\t\t<article class=\"elementor-post elementor-grid-item post-7999 szakertoitevekenyseg type-szakertoitevekenyseg status-publish has-post-thumbnail hentry\">\n\t\t\t\t<a class=\"elementor-post__thumbnail__link\" href=\"https:\/\/serapias.eu\/en\/szakertoitevekenyseg\/termeszetvedelmi-engedelyeztetes\/\" tabindex=\"-1\">\n\t\t\t<div class=\"elementor-post__thumbnail\"><img decoding=\"async\" src=\"https:\/\/serapias.eu\/wp-content\/uploads\/2025\/05\/DSC_1001_k-500x469.jpg\" title=\"DSC_1001_k\" alt=\"DSC_1001_k\" loading=\"lazy\" \/><\/div>\n\t\t<\/a>\n\t\t\t\t<div class=\"elementor-post__text\">\n\t\t\t\t<h3 class=\"elementor-post__title\">\n\t\t\t<a href=\"https:\/\/serapias.eu\/en\/szakertoitevekenyseg\/termeszetvedelmi-engedelyeztetes\/\">\n\t\t\t\tTerm\u00e9szetv\u00e9delmi enged\u00e9lyeztet\u00e9s\t\t\t<\/a>\n\t\t<\/h3>\n\t\t\t\t<div class=\"elementor-post__excerpt\">\n\t\t\t<p>\u201eCsak\u201d egy egyszer\u0171 term\u00e9szetv\u00e9delmi enged\u00e9ly beszerz\u00e9s\u00e9re van sz\u00fcks\u00e9ge? Term\u00e9szetv\u00e9delmi enged\u00e9lyeztet\u00e9sre van sz\u00fcks\u00e9ge? Tervezett tev\u00e9kenys\u00e9ge v\u00e9dett term\u00e9szeti ter\u00fclethez kapcsol\u00f3dik? Ebben is seg\u00edt\u00fcnk. Keresse koll\u00e9g\u00e1nkat a kapcsolat men\u00fcponton kereszt\u00fcl, vagy \u00edrjon \u00fczenetet a serapiastours@gmail.com e-mail c\u00edmre.<\/p>\n\t\t<\/div>\n\t\t\t\t\t<div class=\"elementor-post__read-more-wrapper\">\n\t\t\n\t\t<a class=\"elementor-post__read-more\" href=\"https:\/\/serapias.eu\/en\/szakertoitevekenyseg\/termeszetvedelmi-engedelyeztetes\/\" aria-label=\"Read more about Term\u00e9szetv\u00e9delmi enged\u00e9lyeztet\u00e9s\" tabindex=\"-1\">\n\t\t\tTOV\u00c1BB OLVASOM...\t\t<\/a>\n\n\t\t\t\t\t<\/div>\n\t\t\t\t<\/div>\n\t\t\t\t<\/article>\n\t\t\t\t<article class=\"elementor-post elementor-grid-item post-8009 szakertoitevekenyseg type-szakertoitevekenyseg status-publish has-post-thumbnail hentry\">\n\t\t\t\t<a class=\"elementor-post__thumbnail__link\" href=\"https:\/\/serapias.eu\/en\/szakertoitevekenyseg\/natura-2000-hatasbecsles\/\" tabindex=\"-1\">\n\t\t\t<div class=\"elementor-post__thumbnail\"><img decoding=\"async\" src=\"https:\/\/serapias.eu\/wp-content\/uploads\/2025\/05\/DSC_0460_k-500x500.jpg\" title=\"DSC_0460_k\" alt=\"DSC_0460_k\" loading=\"lazy\" \/><\/div>\n\t\t<\/a>\n\t\t\t\t<div class=\"elementor-post__text\">\n\t\t\t\t<h3 class=\"elementor-post__title\">\n\t\t\t<a href=\"https:\/\/serapias.eu\/en\/szakertoitevekenyseg\/natura-2000-hatasbecsles\/\">\n\t\t\t\tNatura 2000 hat\u00e1sbecsl\u00e9s\t\t\t<\/a>\n\t\t<\/h3>\n\t\t\t\t<div class=\"elementor-post__excerpt\">\n\t\t\t<p>Amennyiben beruh\u00e1z\u00e1s\u00e1hoz a hat\u00f3s\u00e1g Natura 2000 hat\u00e1sbecsl\u00e9s beny\u00fajt\u00e1s\u00e1t \u00edrta el\u0151, keressen bizalommal minket. Annak meg\u00edt\u00e9l\u00e9se \u00e9rdek\u00e9ben, hogy sz\u00fcks\u00e9g lesz-e a tervezett beruh\u00e1z\u00e1shoz Natura 2000 hat\u00e1sbecsl\u00e9sre, javasoljuk a 275\/2004. (X.8.) Korm\u00e1nyrendelet 10\u00a7-\u00e1nak \u00e1ttekint\u00e9s\u00e9t: njt.hu\/jogszabaly\/2004-275-20-22 Az al\u00e1bbi referenci\u00e1ink mellett hat\u00f3s\u00e1gi d\u00f6nt\u00e9s el\u0151k\u00e9sz\u00edt\u00e9si oldalr\u00f3l a felsoroltakn\u00e1l is t\u00f6bb hat\u00e1sbecsl\u00e9si elj\u00e1r\u00e1sban vett\u00fcnk m\u00e1r r\u00e9szt.<\/p>\n\t\t<\/div>\n\t\t\t\t\t<div class=\"elementor-post__read-more-wrapper\">\n\t\t\n\t\t<a class=\"elementor-post__read-more\" href=\"https:\/\/serapias.eu\/en\/szakertoitevekenyseg\/natura-2000-hatasbecsles\/\" aria-label=\"Read more about Natura 2000 hat\u00e1sbecsl\u00e9s\" tabindex=\"-1\">\n\t\t\tTOV\u00c1BB OLVASOM...\t\t<\/a>\n\n\t\t\t\t\t<\/div>\n\t\t\t\t<\/div>\n\t\t\t\t<\/article>\n\t\t\t\t<article class=\"elementor-post elementor-grid-item post-8016 szakertoitevekenyseg type-szakertoitevekenyseg status-publish has-post-thumbnail hentry\">\n\t\t\t\t<a class=\"elementor-post__thumbnail__link\" href=\"https:\/\/serapias.eu\/en\/szakertoitevekenyseg\/vedett-noveny-es-allatfajok-mentese-attelepitese-attelepitesi-terv-keszitese\/\" tabindex=\"-1\">\n\t\t\t<div class=\"elementor-post__thumbnail\"><img decoding=\"async\" src=\"https:\/\/serapias.eu\/wp-content\/uploads\/2025\/05\/DSC_0547_k-500x500.jpg\" title=\"DSC_0547_k\" alt=\"DSC_0547_k\" loading=\"lazy\" \/><\/div>\n\t\t<\/a>\n\t\t\t\t<div class=\"elementor-post__text\">\n\t\t\t\t<h3 class=\"elementor-post__title\">\n\t\t\t<a href=\"https:\/\/serapias.eu\/en\/szakertoitevekenyseg\/vedett-noveny-es-allatfajok-mentese-attelepitese-attelepitesi-terv-keszitese\/\">\n\t\t\t\tV\u00e9dett n\u00f6v\u00e9ny- \u00e9s \u00e1llatfajok ment\u00e9se, \u00e1ttelep\u00edt\u00e9se, \u00e1ttelep\u00edt\u00e9si terv k\u00e9sz\u00edt\u00e9se\t\t\t<\/a>\n\t\t<\/h3>\n\t\t\t\t<div class=\"elementor-post__excerpt\">\n\t\t\t<p>Koll\u00e9g\u00e1ink az orsz\u00e1g ter\u00fclet\u00e9n az egyik legnagyobb tapasztalattal rendelkeznek v\u00e9dett n\u00f6v\u00e9ny-, vagy \u00e1llatfajok szakszer\u0171 \u00e9s \u2013 nem utols\u00f3 sorban \u2013 sikeres \u00e1ttelep\u00edt\u00e9s\u00e9vel kapcsolatban. Ha m\u00e1r elker\u00fclhetetlen egy adott beruh\u00e1z\u00e1si ter\u00fcleten az \u00e9rintett fajok helyben t\u00f6rt\u00e9n\u0151 meg\u0151rz\u00e9se \u00e9s sz\u00fcks\u00e9gess\u00e9 v\u00e1lik azok \u00e1ttelep\u00edt\u00e9se\/kiment\u00e9se, az \u00e9l\u0151l\u00e9nyek alkalmas \u00e9l\u0151helyre t\u00f6rt\u00e9n\u0151 \u00e1ttelep\u00edt\u00e9s\u00e9nek kivitelez\u00e9s\u00e9t mi el<\/p>\n\t\t<\/div>\n\t\t\t\t\t<div class=\"elementor-post__read-more-wrapper\">\n\t\t\n\t\t<a class=\"elementor-post__read-more\" href=\"https:\/\/serapias.eu\/en\/szakertoitevekenyseg\/vedett-noveny-es-allatfajok-mentese-attelepitese-attelepitesi-terv-keszitese\/\" aria-label=\"Read more about V\u00e9dett n\u00f6v\u00e9ny- \u00e9s \u00e1llatfajok ment\u00e9se, \u00e1ttelep\u00edt\u00e9se, \u00e1ttelep\u00edt\u00e9si terv k\u00e9sz\u00edt\u00e9se\" tabindex=\"-1\">\n\t\t\tTOV\u00c1BB OLVASOM...\t\t<\/a>\n\n\t\t\t\t\t<\/div>\n\t\t\t\t<\/div>\n\t\t\t\t<\/article>\n\t\t\t\t<article class=\"elementor-post elementor-grid-item post-8027 szakertoitevekenyseg type-szakertoitevekenyseg status-publish has-post-thumbnail hentry\">\n\t\t\t\t<a class=\"elementor-post__thumbnail__link\" href=\"https:\/\/serapias.eu\/en\/szakertoitevekenyseg\/szakertoi-tevekenyseg\/\" tabindex=\"-1\">\n\t\t\t<div class=\"elementor-post__thumbnail\"><img decoding=\"async\" src=\"https:\/\/serapias.eu\/wp-content\/uploads\/2025\/05\/DSC_0643_k-500x500.jpg\" title=\"DSC_0643_k\" alt=\"DSC_0643_k\" loading=\"lazy\" \/><\/div>\n\t\t<\/a>\n\t\t\t\t<div class=\"elementor-post__text\">\n\t\t\t\t<h3 class=\"elementor-post__title\">\n\t\t\t<a href=\"https:\/\/serapias.eu\/en\/szakertoitevekenyseg\/szakertoi-tevekenyseg\/\">\n\t\t\t\t\u00c1ltal\u00e1nos term\u00e9szetv\u00e9delmi szakfel\u00fcgyelet\t\t\t<\/a>\n\t\t<\/h3>\n\t\t\t\t<div class=\"elementor-post__excerpt\">\n\t\t\t<p>Nagyberuh\u00e1z\u00e1sok kivitelez\u00e9s\u00e9n\u00e9l, vagy k\u00fcl\u00f6n\u00f6sen \u00e9rz\u00e9keny, v\u00e9dett, Natura 2000 ter\u00fcleteket \u00e9rint\u0151en v\u00e9gzett tev\u00e9kenys\u00e9gek eset\u00e9n a hat\u00f3s\u00e1g rendszeresen el\u0151\u00edr term\u00e9szetv\u00e9delmi szakfel\u00fcgyeletet. Miniszt\u00e9riumi jegyz\u00e9kben szerepl\u0151 term\u00e9szetv\u00e9delmi szak\u00e9rt\u0151ink megfelel\u0151 tapasztalattal tudj\u00e1k biztos\u00edtani a term\u00e9szetv\u00e9delmi szakfel\u00fcgyeleti feladatok ell\u00e1t\u00e1s\u00e1t.\u00a0 Z\u00f6ldmez\u0151s beruh\u00e1z\u00e1sok megval\u00f3s\u00edt\u00e1sa sor\u00e1n sz\u00e1mos term\u00e9szetv\u00e9delmi k\u00e9rd\u00e9s \u00e9s feladat mer\u00fclhet fel, melyeket e szakfel\u00fcgyelet keret\u00e9ben meg tudunk<\/p>\n\t\t<\/div>\n\t\t\t\t\t<div class=\"elementor-post__read-more-wrapper\">\n\t\t\n\t\t<a class=\"elementor-post__read-more\" href=\"https:\/\/serapias.eu\/en\/szakertoitevekenyseg\/szakertoi-tevekenyseg\/\" aria-label=\"Read more about \u00c1ltal\u00e1nos term\u00e9szetv\u00e9delmi szakfel\u00fcgyelet\" tabindex=\"-1\">\n\t\t\tTOV\u00c1BB OLVASOM...\t\t<\/a>\n\n\t\t\t\t\t<\/div>\n\t\t\t\t<\/div>\n\t\t\t\t<\/article>\n\t\t\t\t<\/div>\n\t\t\n\t\t\t\t\t\t<\/div>\n\t\t\t\t<\/div>\n\t\t\t\t\t<\/div>\n\t\t\t\t<\/div>\n\t\t\t\t<\/div>","protected":false},"excerpt":{"rendered":"","protected":false},"author":1,"featured_media":0,"parent":0,"menu_order":0,"comment_status":"closed","ping_status":"closed","template":"","meta":{"_acf_changed":false,"inline_featured_image":false,"footnotes":""},"class_list":["post-7847","page","type-page","status-publish","hentry"],"acf":[],"_links":{"self":[{"href":"https:\/\/serapias.eu\/en\/wp-json\/wp\/v2\/pages\/7847","targetHints":{"allow":["GET"]}}],"collection":[{"href":"https:\/\/serapias.eu\/en\/wp-json\/wp\/v2\/pages"}],"about":[{"href":"https:\/\/serapias.eu\/en\/wp-json\/wp\/v2\/types\/page"}],"author":[{"embeddable":true,"href":"https:\/\/serapias.eu\/en\/wp-json\/wp\/v2\/users\/1"}],"replies":[{"embeddable":true,"href":"https:\/\/serapias.eu\/en\/wp-json\/wp\/v2\/comments?post=7847"}],"version-history":[{"count":61,"href":"https:\/\/serapias.eu\/en\/wp-json\/wp\/v2\/pages\/7847\/revisions"}],"predecessor-version":[{"id":10484,"href":"https:\/\/serapias.eu\/en\/wp-json\/wp\/v2\/pages\/7847\/revisions\/10484"}],"wp:attachment":[{"href":"https:\/\/serapias.eu\/en\/wp-json\/wp\/v2\/media?parent=7847"}],"curies":[{"name":"wp","href":"https:\/\/api.w.org\/{rel}","templated":true}]}}