{"id":6404,"date":"2025-04-02T11:29:11","date_gmt":"2025-04-02T09:29:11","guid":{"rendered":"https:\/\/serapias.eu\/?page_id=6404"},"modified":"2025-04-02T11:31:10","modified_gmt":"2025-04-02T09:31:10","slug":"okoturizmus-okoturak-gorogorszagban","status":"publish","type":"page","link":"https:\/\/serapias.eu\/en\/okoturizmus-okoturak-gorogorszagban\/","title":{"rendered":"\u00d6koturizmus &#8211; \u00d6kot\u00far\u00e1k G\u00f6r\u00f6gorsz\u00e1gban"},"content":{"rendered":"<div data-elementor-type=\"wp-page\" data-elementor-id=\"6404\" class=\"elementor elementor-6404\" data-elementor-post-type=\"page\">\n\t\t\t\t<div class=\"elementor-element elementor-element-b23e56e e-flex e-con-boxed e-con e-parent\" data-id=\"b23e56e\" data-element_type=\"container\">\n\t\t\t\t\t<div class=\"e-con-inner\">\n\t\t\t\t<div class=\"elementor-element elementor-element-2da2006 elementor-widget elementor-widget-heading\" data-id=\"2da2006\" data-element_type=\"widget\" data-widget_type=\"heading.default\">\n\t\t\t\t<div class=\"elementor-widget-container\">\n\t\t\t\t\t<h4 class=\"elementor-heading-title elementor-size-default\">\u00c1Ltal\u00e1nos inform\u00e1ci\u00f3k<\/h4>\t\t\t\t<\/div>\n\t\t\t\t<\/div>\n\t\t\t\t<div class=\"elementor-element elementor-element-f55a60d elementor-widget elementor-widget-text-editor\" data-id=\"f55a60d\" data-element_type=\"widget\" data-widget_type=\"text-editor.default\">\n\t\t\t\t<div class=\"elementor-widget-container\">\n\t\t\t\t\t\t\t\t\t<p>Kis l\u00e9tsz\u00e1m\u00fa \u00f6kot\u00far\u00e1inkat \u00c9szak-G\u00f6r\u00f6gorsz\u00e1g ter\u00fclet\u00e9n szervezz\u00fck. V\u00e1ltozatos t\u00e1jakon, a tengerszinten l\u00e9v\u0151 lag\u00fan\u00e1kt\u00f3l, k\u00f6zel 2000 m-es magass\u00e1gban h\u00faz\u00f3d\u00f3 alhavasi r\u00e9tekig mutatjuk be G\u00f6r\u00f6gorsz\u00e1g p\u00e1ratlan term\u00e9szeti kincseit. Speci\u00e1lis, adott fajokat megc\u00e9lz\u00f3 tematikus t\u00far\u00e1kat, fot\u00f3st\u00far\u00e1kat is szervez\u00fcnk, de olyan term\u00e9szetkedvel\u0151kre is gondoltunk, akik csak szeretn\u00e9k l\u00e1tni G\u00f6r\u00f6gorsz\u00e1g m\u00e1sik, a sokak \u00e1ltal ismert ny\u00e1rin\u00e1l is szebb arc\u00e1t. T\u00far\u00e1ink sor\u00e1n felfedezz\u00fck a Rodope-hegys\u00e9g legd\u00e9lebbi r\u00e9sz\u00e9t, ell\u00e1togatunk a mediterr\u00e1n erd\u0151kbe, alhavasi r\u00e9teken t\u00far\u00e1zunk, megzabol\u00e1zhatatlan foly\u00f3k kanyonjaiban figyelj\u00fck meg a helyi fl\u00f3r\u00e1t \u00e9s faun\u00e1t, mad\u00e1r\u00e1szunk lag\u00fan\u00e1kban, deltavid\u00e9ken \u00e9s tavakn\u00e1l. N\u00e1lunk lehet\u0151s\u00e9ge van a term\u00e9szetes \u00e9l\u0151hely\u00e9n megkeresni Eur\u00f3pa legnagyobb vir\u00e1g\u00e1t, megfigyelni legkisebb termet\u0171, vak k\u00edgy\u00f3j\u00e1t, s\u00e9t\u00e1lhat a vil\u00e1g leghosszabb folyami barlangj\u00e1ban, vagy \u201ecsak\u201d az itt \u00e9l\u0151 sz\u00e1mos vadon \u00e9l\u0151 orchide\u00e1k ut\u00e1n kutathat ak\u00e1r napokon kereszt\u00fcl. Tavasszal \u00e9s t\u00e9len kis szerencs\u00e9vel megtal\u00e1ljuk a k\u00f6rny\u00e9ken vad\u00e1sz\u00f3 palackorr\u00fa \u00e9s k\u00f6z\u00f6ns\u00e9ges delfinket, pelik\u00e1n \u00e9s flaming\u00f3k csapatok k\u00f6z\u00f6tt kereshetj\u00fck meg a t\u00e9rs\u00e9gen \u00e1tv\u00e1ndorl\u00f3, vagy a ter\u00fcleten pihen\u0151, telel\u0151 sz\u00e1mos vonul\u00f3 madarat. Kir\u00e1ndul\u00e1sink alatt \u00e9rint\u00fcnk term\u00e9szetes h\u0151forr\u00e1sokat, v\u00edzes\u00e9seket, hegyi patakokat, forr\u00e1sokat. Mivel \u00fatjaink sor\u00e1n mindenhol a bibliai P\u00e1l apostol nyomdokain j\u00e1runk, ig\u00e9ny eset\u00e9n olyan kultur\u00e1lis l\u00e1tnival\u00f3kat is fel tudunk keresni, mint a vil\u00e1gh\u00edr\u0171 Filippi romv\u00e1rosa, vagy a romantikus hangulat\u00fa \u00f3kori \u00e9s k\u00f6z\u00e9pkori k\u0151hidak. \u00a0\u00a0\u00a0\u00a0\u00a0<\/p><p>Tud\u00e1sunkat a g\u00f6r\u00f6g term\u00e9szeti \u00e9rt\u00e9kekr\u0151l mi is b\u0151v\u00edtj\u00fck napr\u00f3l napra, term\u00e9szetesen mindent nem tudunk \u00c9szak-G\u00f6r\u00f6gorsz\u00e1g term\u00e9szeti \u00e9rt\u00e9keir\u0151l, de elk\u00f6telezetten pr\u00f3b\u00e1ljuk megismerni, felt\u00e1rni e t\u00e1j \u00e9rt\u00e9keit. Biol\u00f3gus t\u00faravezet\u0151nk rajong\u00e1sa e t\u00e1j ir\u00e1nt nem v\u00e9letlen, mivel a t\u00far\u00e1ink sor\u00e1n megl\u00e1togatott \u00e9l\u0151helyek biodiverzit\u00e1sa kiemelked\u0151 eur\u00f3pai szinten is. Tartsanak vel\u00fcnk, hogy minden nap \u00faj \u00e9s \u00faj felfedez\u00e9seket tehessenek \u00d6n\u00f6k is \u00c9szak-Kelet G\u00f6r\u00f6gorsz\u00e1gban. Ha felkeltett\u00fck \u00e9rdekl\u0151d\u00e9s\u00e9t, az al\u00e1bbi fajokat, \u00e9l\u0151helyeket \u00e9s t\u00e1jak k\u00f6z\u00fcl v\u00e1logassa \u00f6ssze \u00d6n milyen t\u00far\u00e1n venne sz\u00edvesen r\u00e9szt.\u00a0\u00a0 \u00a0\u00a0\u00a0\u00a0<\/p><p>Mit szeretn\u00e9k l\u00e1tni: (\u00f6ssze lehessen v\u00e1logatni a t\u00far\u00e1t) A megjel\u00f6lhet\u0151 helysz\u00ednek egy-egy t\u00faranapot jel\u00f6lnek.<\/p><p>Mikor szeretn\u00e9k t\u00far\u00e1zni: megadott id\u0151intervallumok k\u00f6z\u00fcl lehet v\u00e1lasztani\/foglalni<\/p><ol start=\"2025\"><li>04.14-17 2025.04.19-22. 2025.04.24-27 2025.04.30-05.04.<\/li><\/ol><p>\u00a0<\/p>\t\t\t\t\t\t\t\t<\/div>\n\t\t\t\t<\/div>\n\t\t\t\t\t<\/div>\n\t\t\t\t<\/div>\n\t\t\t\t<\/div>","protected":false},"excerpt":{"rendered":"<p>\u00c1Ltal\u00e1nos inform\u00e1ci\u00f3k Kis l\u00e9tsz\u00e1m\u00fa \u00f6kot\u00far\u00e1inkat \u00c9szak-G\u00f6r\u00f6gorsz\u00e1g ter\u00fclet\u00e9n szervezz\u00fck. V\u00e1ltozatos t\u00e1jakon, a tengerszinten l\u00e9v\u0151 lag\u00fan\u00e1kt\u00f3l, k\u00f6zel 2000 m-es magass\u00e1gban h\u00faz\u00f3d\u00f3 alhavasi r\u00e9tekig mutatjuk be G\u00f6r\u00f6gorsz\u00e1g p\u00e1ratlan term\u00e9szeti kincseit. Speci\u00e1lis, adott fajokat megc\u00e9lz\u00f3 tematikus t\u00far\u00e1kat, fot\u00f3st\u00far\u00e1kat is szervez\u00fcnk, de olyan term\u00e9szetkedvel\u0151kre is gondoltunk, akik csak szeretn\u00e9k l\u00e1tni G\u00f6r\u00f6gorsz\u00e1g m\u00e1sik, a sokak \u00e1ltal ismert ny\u00e1rin\u00e1l is szebb arc\u00e1t. [&hellip;]<\/p>","protected":false},"author":1,"featured_media":0,"parent":0,"menu_order":0,"comment_status":"closed","ping_status":"closed","template":"","meta":{"_acf_changed":false,"inline_featured_image":false,"footnotes":""},"class_list":["post-6404","page","type-page","status-publish","hentry"],"acf":[],"_links":{"self":[{"href":"https:\/\/serapias.eu\/en\/wp-json\/wp\/v2\/pages\/6404","targetHints":{"allow":["GET"]}}],"collection":[{"href":"https:\/\/serapias.eu\/en\/wp-json\/wp\/v2\/pages"}],"about":[{"href":"https:\/\/serapias.eu\/en\/wp-json\/wp\/v2\/types\/page"}],"author":[{"embeddable":true,"href":"https:\/\/serapias.eu\/en\/wp-json\/wp\/v2\/users\/1"}],"replies":[{"embeddable":true,"href":"https:\/\/serapias.eu\/en\/wp-json\/wp\/v2\/comments?post=6404"}],"version-history":[{"count":4,"href":"https:\/\/serapias.eu\/en\/wp-json\/wp\/v2\/pages\/6404\/revisions"}],"predecessor-version":[{"id":6408,"href":"https:\/\/serapias.eu\/en\/wp-json\/wp\/v2\/pages\/6404\/revisions\/6408"}],"wp:attachment":[{"href":"https:\/\/serapias.eu\/en\/wp-json\/wp\/v2\/media?parent=6404"}],"curies":[{"name":"wp","href":"https:\/\/api.w.org\/{rel}","templated":true}]}}