{"id":6392,"date":"2025-04-02T11:17:56","date_gmt":"2025-04-02T09:17:56","guid":{"rendered":"https:\/\/serapias.eu\/?page_id=6392"},"modified":"2025-05-28T11:10:11","modified_gmt":"2025-05-28T09:10:11","slug":"okoturizmus-magyarorszag","status":"publish","type":"page","link":"https:\/\/serapias.eu\/en\/okoturizmus-magyarorszag\/","title":{"rendered":"\u00d6kot\u00far\u00e1k Magyarorsz\u00e1gon"},"content":{"rendered":"<div data-elementor-type=\"wp-page\" data-elementor-id=\"6392\" class=\"elementor elementor-6392\" data-elementor-post-type=\"page\">\n\t\t\t\t<div class=\"elementor-element elementor-element-547fc1ca e-flex e-con-boxed e-con e-parent\" data-id=\"547fc1ca\" data-element_type=\"container\">\n\t\t\t\t\t<div class=\"e-con-inner\">\n\t\t\t\t<div class=\"elementor-element elementor-element-4245deb4 elementor-grid-3 elementor-grid-tablet-2 elementor-grid-mobile-1 elementor-posts--thumbnail-top elementor-widget elementor-widget-posts\" data-id=\"4245deb4\" data-element_type=\"widget\" data-settings=\"{&quot;classic_columns&quot;:&quot;3&quot;,&quot;classic_columns_tablet&quot;:&quot;2&quot;,&quot;classic_columns_mobile&quot;:&quot;1&quot;,&quot;classic_row_gap&quot;:{&quot;unit&quot;:&quot;px&quot;,&quot;size&quot;:35,&quot;sizes&quot;:[]},&quot;classic_row_gap_laptop&quot;:{&quot;unit&quot;:&quot;px&quot;,&quot;size&quot;:&quot;&quot;,&quot;sizes&quot;:[]},&quot;classic_row_gap_tablet_extra&quot;:{&quot;unit&quot;:&quot;px&quot;,&quot;size&quot;:&quot;&quot;,&quot;sizes&quot;:[]},&quot;classic_row_gap_tablet&quot;:{&quot;unit&quot;:&quot;px&quot;,&quot;size&quot;:&quot;&quot;,&quot;sizes&quot;:[]},&quot;classic_row_gap_mobile_extra&quot;:{&quot;unit&quot;:&quot;px&quot;,&quot;size&quot;:&quot;&quot;,&quot;sizes&quot;:[]},&quot;classic_row_gap_mobile&quot;:{&quot;unit&quot;:&quot;px&quot;,&quot;size&quot;:&quot;&quot;,&quot;sizes&quot;:[]}}\" data-widget_type=\"posts.classic\">\n\t\t\t\t<div class=\"elementor-widget-container\">\n\t\t\t\t\t\t\t<div class=\"elementor-posts-container elementor-posts elementor-posts--skin-classic elementor-grid\">\n\t\t\t\t<article class=\"elementor-post elementor-grid-item post-8089 turahelyszinek type-turahelyszinek status-publish format-standard has-post-thumbnail hentry category-magyarorszag\">\n\t\t\t\t<a class=\"elementor-post__thumbnail__link\" href=\"https:\/\/serapias.eu\/en\/turahelyszinek\/vizi-turak\/\" tabindex=\"-1\" >\n\t\t\t<div class=\"elementor-post__thumbnail\"><img fetchpriority=\"high\" decoding=\"async\" width=\"980\" height=\"652\" src=\"https:\/\/serapias.eu\/wp-content\/uploads\/2025\/05\/DSC_7024_j-1024x681.webp\" class=\"attachment-large size-large wp-image-8815\" alt=\"\" srcset=\"https:\/\/serapias.eu\/wp-content\/uploads\/2025\/05\/DSC_7024_j-1024x681.webp 1024w, https:\/\/serapias.eu\/wp-content\/uploads\/2025\/05\/DSC_7024_j-300x200.webp 300w, https:\/\/serapias.eu\/wp-content\/uploads\/2025\/05\/DSC_7024_j-768x511.webp 768w, https:\/\/serapias.eu\/wp-content\/uploads\/2025\/05\/DSC_7024_j-1536x1022.webp 1536w, https:\/\/serapias.eu\/wp-content\/uploads\/2025\/05\/DSC_7024_j-18x12.webp 18w, https:\/\/serapias.eu\/wp-content\/uploads\/2025\/05\/DSC_7024_j.webp 1623w\" sizes=\"(max-width: 980px) 100vw, 980px\" \/><\/div>\n\t\t<\/a>\n\t\t\t\t<div class=\"elementor-post__text\">\n\t\t\t\t<h3 class=\"elementor-post__title\">\n\t\t\t<a href=\"https:\/\/serapias.eu\/en\/turahelyszinek\/vizi-turak\/\" >\n\t\t\t\tV\u00edzi t\u00far\u00e1k\t\t\t<\/a>\n\t\t<\/h3>\n\t\t\t\t<div class=\"elementor-post__excerpt\">\n\t\t\t<p>T\u00far\u00e1zzanak vel\u00fcnk a Tisza-tavon tapasztalt t\u00faravezet\u0151inkkel v\u00edzi t\u00far\u00e1inkon, melyeket megtehetnek cs\u00f3nakkal vagy ak\u00e1r kenuval is. A t\u00far\u00e1k id\u0151tartam\u00e1t \u00d6n\u00f6k hat\u00e1rozz\u00e1k meg, \u00edgy az \u00d6n\u00f6k ig\u00e9nyeinek \u00e9s \u00e9rdekl\u0151d\u00e9si k\u00f6r\u00e9nek megfelel\u0151en j\u00e1rjuk<\/p>\n\t\t<\/div>\n\t\t\t\t\t<div class=\"elementor-post__read-more-wrapper\">\n\t\t\n\t\t<a class=\"elementor-post__read-more\" href=\"https:\/\/serapias.eu\/en\/turahelyszinek\/vizi-turak\/\" aria-label=\"Read more about V\u00edzi t\u00far\u00e1k\" tabindex=\"-1\" >\n\t\t\tTOV\u00c1BB OLVASOM...\t\t<\/a>\n\n\t\t\t\t\t<\/div>\n\t\t\t\t<\/div>\n\t\t\t\t<\/article>\n\t\t\t\t<article class=\"elementor-post elementor-grid-item post-8078 turahelyszinek type-turahelyszinek status-publish format-standard has-post-thumbnail hentry category-magyarorszag\">\n\t\t\t\t<a class=\"elementor-post__thumbnail__link\" href=\"https:\/\/serapias.eu\/en\/turahelyszinek\/termeszetfotozas\/\" tabindex=\"-1\" >\n\t\t\t<div class=\"elementor-post__thumbnail\"><img decoding=\"async\" width=\"980\" height=\"630\" src=\"https:\/\/serapias.eu\/wp-content\/uploads\/2025\/05\/European-green-toad-Bufo-viridis-frog-face-to-face-1024x658.webp\" class=\"attachment-large size-large wp-image-8817\" alt=\"\" srcset=\"https:\/\/serapias.eu\/wp-content\/uploads\/2025\/05\/European-green-toad-Bufo-viridis-frog-face-to-face-1024x658.webp 1024w, https:\/\/serapias.eu\/wp-content\/uploads\/2025\/05\/European-green-toad-Bufo-viridis-frog-face-to-face-300x193.webp 300w, https:\/\/serapias.eu\/wp-content\/uploads\/2025\/05\/European-green-toad-Bufo-viridis-frog-face-to-face-768x493.webp 768w, https:\/\/serapias.eu\/wp-content\/uploads\/2025\/05\/European-green-toad-Bufo-viridis-frog-face-to-face-1536x987.webp 1536w, https:\/\/serapias.eu\/wp-content\/uploads\/2025\/05\/European-green-toad-Bufo-viridis-frog-face-to-face-18x12.webp 18w, https:\/\/serapias.eu\/wp-content\/uploads\/2025\/05\/European-green-toad-Bufo-viridis-frog-face-to-face.webp 1681w\" sizes=\"(max-width: 980px) 100vw, 980px\" \/><\/div>\n\t\t<\/a>\n\t\t\t\t<div class=\"elementor-post__text\">\n\t\t\t\t<h3 class=\"elementor-post__title\">\n\t\t\t<a href=\"https:\/\/serapias.eu\/en\/turahelyszinek\/termeszetfotozas\/\" >\n\t\t\t\tTerm\u00e9szetfot\u00f3z\u00e1s\t\t\t<\/a>\n\t\t<\/h3>\n\t\t\t\t<div class=\"elementor-post__excerpt\">\n\t\t\t<p>A term\u00e9szetfot\u00f3z\u00e1s szerelmeseinek a Tisza-t\u00f3 igazi paradicsom. Az ugyan mesters\u00e9gesen kialak\u00edtott t\u00e1j sz\u00e9ps\u00e9ge mag\u00e1\u00e9rt besz\u00e9l, aki azonban beljebb szeretne tekinteni, s e t\u00e1jat alkot\u00f3 \u00e9rt\u00e9keket meg is szeretn\u00e9 \u00f6r\u00f6k\u00edteni, az<\/p>\n\t\t<\/div>\n\t\t\t\t\t<div class=\"elementor-post__read-more-wrapper\">\n\t\t\n\t\t<a class=\"elementor-post__read-more\" href=\"https:\/\/serapias.eu\/en\/turahelyszinek\/termeszetfotozas\/\" aria-label=\"Read more about Term\u00e9szetfot\u00f3z\u00e1s\" tabindex=\"-1\" >\n\t\t\tTOV\u00c1BB OLVASOM...\t\t<\/a>\n\n\t\t\t\t\t<\/div>\n\t\t\t\t<\/div>\n\t\t\t\t<\/article>\n\t\t\t\t<article class=\"elementor-post elementor-grid-item post-8102 turahelyszinek type-turahelyszinek status-publish format-standard has-post-thumbnail hentry category-magyarorszag\">\n\t\t\t\t<a class=\"elementor-post__thumbnail__link\" href=\"https:\/\/serapias.eu\/en\/turahelyszinek\/vezetett-turak\/\" tabindex=\"-1\" >\n\t\t\t<div class=\"elementor-post__thumbnail\"><img decoding=\"async\" width=\"980\" height=\"652\" src=\"https:\/\/serapias.eu\/wp-content\/uploads\/2025\/05\/DSC_1013-1024x681.webp\" class=\"attachment-large size-large wp-image-8819\" alt=\"\" srcset=\"https:\/\/serapias.eu\/wp-content\/uploads\/2025\/05\/DSC_1013-1024x681.webp 1024w, https:\/\/serapias.eu\/wp-content\/uploads\/2025\/05\/DSC_1013-300x200.webp 300w, https:\/\/serapias.eu\/wp-content\/uploads\/2025\/05\/DSC_1013-768x511.webp 768w, https:\/\/serapias.eu\/wp-content\/uploads\/2025\/05\/DSC_1013-1536x1022.webp 1536w, https:\/\/serapias.eu\/wp-content\/uploads\/2025\/05\/DSC_1013-18x12.webp 18w, https:\/\/serapias.eu\/wp-content\/uploads\/2025\/05\/DSC_1013.webp 1623w\" sizes=\"(max-width: 980px) 100vw, 980px\" \/><\/div>\n\t\t<\/a>\n\t\t\t\t<div class=\"elementor-post__text\">\n\t\t\t\t<h3 class=\"elementor-post__title\">\n\t\t\t<a href=\"https:\/\/serapias.eu\/en\/turahelyszinek\/vezetett-turak\/\" >\n\t\t\t\tVezetett t\u00far\u00e1k\t\t\t<\/a>\n\t\t<\/h3>\n\t\t\t\t<div class=\"elementor-post__excerpt\">\n\t\t\t<p>Angol \u00e9s magyar nyelven vezetett t\u00far\u00e1ink a k\u00fclf\u00f6ldi vend\u00e9gek sz\u00e1m\u00e1ra is kellemes id\u0151t\u00f6lt\u00e9st biztos\u00edtanak. Vend\u00e9geink egy 6 szem\u00e9lyes cs\u00f3nakkal, illetve k\u00e9t-, h\u00e1rom-, vagy n\u00e9gy szem\u00e9lyes kenukkal juthatnak el a Tisza-t\u00f3<\/p>\n\t\t<\/div>\n\t\t\t\t\t<div class=\"elementor-post__read-more-wrapper\">\n\t\t\n\t\t<a class=\"elementor-post__read-more\" href=\"https:\/\/serapias.eu\/en\/turahelyszinek\/vezetett-turak\/\" aria-label=\"Read more about Vezetett t\u00far\u00e1k\" tabindex=\"-1\" >\n\t\t\tTOV\u00c1BB OLVASOM...\t\t<\/a>\n\n\t\t\t\t\t<\/div>\n\t\t\t\t<\/div>\n\t\t\t\t<\/article>\n\t\t\t\t<article class=\"elementor-post elementor-grid-item post-8107 turahelyszinek type-turahelyszinek status-publish format-standard has-post-thumbnail hentry category-magyarorszag\">\n\t\t\t\t<a class=\"elementor-post__thumbnail__link\" href=\"https:\/\/serapias.eu\/en\/turahelyszinek\/a-tisza-to\/\" tabindex=\"-1\" >\n\t\t\t<div class=\"elementor-post__thumbnail\"><img fetchpriority=\"high\" decoding=\"async\" width=\"980\" height=\"652\" src=\"https:\/\/serapias.eu\/wp-content\/uploads\/2025\/05\/DSC_7024_j-1024x681.webp\" class=\"attachment-large size-large wp-image-8815\" alt=\"\" srcset=\"https:\/\/serapias.eu\/wp-content\/uploads\/2025\/05\/DSC_7024_j-1024x681.webp 1024w, https:\/\/serapias.eu\/wp-content\/uploads\/2025\/05\/DSC_7024_j-300x200.webp 300w, https:\/\/serapias.eu\/wp-content\/uploads\/2025\/05\/DSC_7024_j-768x511.webp 768w, https:\/\/serapias.eu\/wp-content\/uploads\/2025\/05\/DSC_7024_j-1536x1022.webp 1536w, https:\/\/serapias.eu\/wp-content\/uploads\/2025\/05\/DSC_7024_j-18x12.webp 18w, https:\/\/serapias.eu\/wp-content\/uploads\/2025\/05\/DSC_7024_j.webp 1623w\" sizes=\"(max-width: 980px) 100vw, 980px\" \/><\/div>\n\t\t<\/a>\n\t\t\t\t<div class=\"elementor-post__text\">\n\t\t\t\t<h3 class=\"elementor-post__title\">\n\t\t\t<a href=\"https:\/\/serapias.eu\/en\/turahelyszinek\/a-tisza-to\/\" >\n\t\t\t\tA Tisza-t\u00f3\t\t\t<\/a>\n\t\t<\/h3>\n\t\t\t\t<div class=\"elementor-post__excerpt\">\n\t\t\t<p>A tov\u00e1bbiakban a t\u00far\u00e1ink sz\u00ednhely\u00e9\u00fcl szolg\u00e1l\u00f3 Tisza-t\u00f3r\u00f3l olvashatnak, mely \u00edzel\u00edt\u0151 rem\u00e9lj\u00fck, meghozza leend\u0151 vend\u00e9geink kedv\u00e9t, egy tartalmas v\u00edzi t\u00far\u00e1hoz, a term\u00e9szeti \u00e9rt\u00e9kek fot\u00f3z\u00e1s\u00e1hoz, vagy egy j\u00f3 madar\u00e1szathoz. A Tisza-t\u00f3, vagy<\/p>\n\t\t<\/div>\n\t\t\t\t\t<div class=\"elementor-post__read-more-wrapper\">\n\t\t\n\t\t<a class=\"elementor-post__read-more\" href=\"https:\/\/serapias.eu\/en\/turahelyszinek\/a-tisza-to\/\" aria-label=\"Read more about A Tisza-t\u00f3\" tabindex=\"-1\" >\n\t\t\tTOV\u00c1BB OLVASOM...\t\t<\/a>\n\n\t\t\t\t\t<\/div>\n\t\t\t\t<\/div>\n\t\t\t\t<\/article>\n\t\t\t\t<\/div>\n\t\t\n\t\t\t\t\t\t<\/div>\n\t\t\t\t<\/div>\n\t\t\t\t\t<\/div>\n\t\t\t\t<\/div>\n\t\t\t\t<\/div>","protected":false},"excerpt":{"rendered":"","protected":false},"author":1,"featured_media":0,"parent":0,"menu_order":0,"comment_status":"closed","ping_status":"closed","template":"","meta":{"_acf_changed":false,"inline_featured_image":false,"footnotes":""},"class_list":["post-6392","page","type-page","status-publish","hentry"],"acf":[],"_links":{"self":[{"href":"https:\/\/serapias.eu\/en\/wp-json\/wp\/v2\/pages\/6392","targetHints":{"allow":["GET"]}}],"collection":[{"href":"https:\/\/serapias.eu\/en\/wp-json\/wp\/v2\/pages"}],"about":[{"href":"https:\/\/serapias.eu\/en\/wp-json\/wp\/v2\/types\/page"}],"author":[{"embeddable":true,"href":"https:\/\/serapias.eu\/en\/wp-json\/wp\/v2\/users\/1"}],"replies":[{"embeddable":true,"href":"https:\/\/serapias.eu\/en\/wp-json\/wp\/v2\/comments?post=6392"}],"version-history":[{"count":34,"href":"https:\/\/serapias.eu\/en\/wp-json\/wp\/v2\/pages\/6392\/revisions"}],"predecessor-version":[{"id":8866,"href":"https:\/\/serapias.eu\/en\/wp-json\/wp\/v2\/pages\/6392\/revisions\/8866"}],"wp:attachment":[{"href":"https:\/\/serapias.eu\/en\/wp-json\/wp\/v2\/media?parent=6392"}],"curies":[{"name":"wp","href":"https:\/\/api.w.org\/{rel}","templated":true}]}}