{"id":6383,"date":"2025-04-02T11:15:54","date_gmt":"2025-04-02T09:15:54","guid":{"rendered":"https:\/\/serapias.eu\/?page_id=6383"},"modified":"2025-04-02T11:16:09","modified_gmt":"2025-04-02T09:16:09","slug":"altalanos-termeszetvedelmi-szakfelugyelet","status":"publish","type":"page","link":"https:\/\/serapias.eu\/en\/altalanos-termeszetvedelmi-szakfelugyelet\/","title":{"rendered":"\u00c1ltal\u00e1nos term\u00e9szetv\u00e9delmi szakfel\u00fcgyelet"},"content":{"rendered":"<div data-elementor-type=\"wp-page\" data-elementor-id=\"6383\" class=\"elementor elementor-6383\" data-elementor-post-type=\"page\">\n\t\t\t\t<div class=\"elementor-element elementor-element-3cf66a7 e-flex e-con-boxed e-con e-parent\" data-id=\"3cf66a7\" data-element_type=\"container\">\n\t\t\t\t\t<div class=\"e-con-inner\">\n\t\t\t\t<div class=\"elementor-element elementor-element-4fc7b91 elementor-widget elementor-widget-text-editor\" data-id=\"4fc7b91\" data-element_type=\"widget\" data-widget_type=\"text-editor.default\">\n\t\t\t\t<div class=\"elementor-widget-container\">\n\t\t\t\t\t\t\t\t\t<p>Nagyberuh\u00e1z\u00e1sok, k\u00fcl\u00f6n\u00f6sen \u00e9rz\u00e9keny v\u00e9dett, vagy Natura 2000 ter\u00fcleteket \u00e9rint\u0151en v\u00e9gzett tev\u00e9kenys\u00e9gek eset\u00e9n a hat\u00f3s\u00e1g rendszeresen el\u0151\u00edr term\u00e9szetv\u00e9delmi szakfel\u00fcgyeletet. Miniszt\u00e9riumi jegyz\u00e9kben szerepl\u0151 term\u00e9szetv\u00e9delmi szak\u00e9rt\u0151ink megfelel\u0151 tapasztalattal tudj\u00e1k biztos\u00edtani a term\u00e9szetv\u00e9delmi szakfel\u00fcgyeleti feladatok elv\u00e9gz\u00e9s\u00e9t. \u00a0<\/p>\t\t\t\t\t\t\t\t<\/div>\n\t\t\t\t<\/div>\n\t\t\t\t\t<\/div>\n\t\t\t\t<\/div>\n\t\t\t\t<\/div>","protected":false},"excerpt":{"rendered":"<p>Nagyberuh\u00e1z\u00e1sok, k\u00fcl\u00f6n\u00f6sen \u00e9rz\u00e9keny v\u00e9dett, vagy Natura 2000 ter\u00fcleteket \u00e9rint\u0151en v\u00e9gzett tev\u00e9kenys\u00e9gek eset\u00e9n a hat\u00f3s\u00e1g rendszeresen el\u0151\u00edr term\u00e9szetv\u00e9delmi szakfel\u00fcgyeletet. Miniszt\u00e9riumi jegyz\u00e9kben szerepl\u0151 term\u00e9szetv\u00e9delmi szak\u00e9rt\u0151ink megfelel\u0151 tapasztalattal tudj\u00e1k biztos\u00edtani a term\u00e9szetv\u00e9delmi szakfel\u00fcgyeleti feladatok elv\u00e9gz\u00e9s\u00e9t. \u00a0<\/p>","protected":false},"author":1,"featured_media":0,"parent":0,"menu_order":0,"comment_status":"closed","ping_status":"closed","template":"","meta":{"_acf_changed":false,"inline_featured_image":false,"footnotes":""},"class_list":["post-6383","page","type-page","status-publish","hentry"],"acf":[],"_links":{"self":[{"href":"https:\/\/serapias.eu\/en\/wp-json\/wp\/v2\/pages\/6383","targetHints":{"allow":["GET"]}}],"collection":[{"href":"https:\/\/serapias.eu\/en\/wp-json\/wp\/v2\/pages"}],"about":[{"href":"https:\/\/serapias.eu\/en\/wp-json\/wp\/v2\/types\/page"}],"author":[{"embeddable":true,"href":"https:\/\/serapias.eu\/en\/wp-json\/wp\/v2\/users\/1"}],"replies":[{"embeddable":true,"href":"https:\/\/serapias.eu\/en\/wp-json\/wp\/v2\/comments?post=6383"}],"version-history":[{"count":3,"href":"https:\/\/serapias.eu\/en\/wp-json\/wp\/v2\/pages\/6383\/revisions"}],"predecessor-version":[{"id":6386,"href":"https:\/\/serapias.eu\/en\/wp-json\/wp\/v2\/pages\/6383\/revisions\/6386"}],"wp:attachment":[{"href":"https:\/\/serapias.eu\/en\/wp-json\/wp\/v2\/media?parent=6383"}],"curies":[{"name":"wp","href":"https:\/\/api.w.org\/{rel}","templated":true}]}}