{"id":6368,"date":"2025-04-02T11:14:18","date_gmt":"2025-04-02T09:14:18","guid":{"rendered":"https:\/\/serapias.eu\/?page_id=6368"},"modified":"2025-04-02T11:14:34","modified_gmt":"2025-04-02T09:14:34","slug":"natura-2000-hatasbecsles","status":"publish","type":"page","link":"https:\/\/serapias.eu\/en\/natura-2000-hatasbecsles\/","title":{"rendered":"Natura 2000 hat\u00e1sbecsl\u00e9s"},"content":{"rendered":"<div data-elementor-type=\"wp-page\" data-elementor-id=\"6368\" class=\"elementor elementor-6368\" data-elementor-post-type=\"page\">\n\t\t\t\t<div class=\"elementor-element elementor-element-dd1a857 e-flex e-con-boxed e-con e-parent\" data-id=\"dd1a857\" data-element_type=\"container\">\n\t\t\t\t\t<div class=\"e-con-inner\">\n\t\t\t\t<div class=\"elementor-element elementor-element-456a9be elementor-widget elementor-widget-text-editor\" data-id=\"456a9be\" data-element_type=\"widget\" data-widget_type=\"text-editor.default\">\n\t\t\t\t<div class=\"elementor-widget-container\">\n\t\t\t\t\t\t\t\t\t<p>Amennyiben az \u00d6n beruh\u00e1z\u00e1s\u00e1hoz a hat\u00f3s\u00e1g Natura 2000 hat\u00e1sbecsl\u00e9s beny\u00fajt\u00e1s\u00e1t \u00edrta el\u0151, keressenek bizalommal minket. Az al\u00e1bbi referenci\u00e1ink mellett hat\u00f3s\u00e1gi d\u00f6nt\u00e9s el\u0151k\u00e9sz\u00edt\u00e9si oldalr\u00f3l a felsoroltakn\u00e1l is t\u00f6bb hat\u00e1sbecsl\u00e9si elj\u00e1r\u00e1sban vett\u00fcnk m\u00e1r r\u00e9szt. Natura 2000 hat\u00e1sbecsl\u00e9sek k\u00e9sz\u00edt\u00e9s\u00e9t a teljes orsz\u00e1g ter\u00fclet\u00e9n v\u00e1llaljuk.<\/p>\t\t\t\t\t\t\t\t<\/div>\n\t\t\t\t<\/div>\n\t\t\t\t\t<\/div>\n\t\t\t\t<\/div>\n\t\t\t\t<\/div>","protected":false},"excerpt":{"rendered":"<p>Amennyiben az \u00d6n beruh\u00e1z\u00e1s\u00e1hoz a hat\u00f3s\u00e1g Natura 2000 hat\u00e1sbecsl\u00e9s beny\u00fajt\u00e1s\u00e1t \u00edrta el\u0151, keressenek bizalommal minket. Az al\u00e1bbi referenci\u00e1ink mellett hat\u00f3s\u00e1gi d\u00f6nt\u00e9s el\u0151k\u00e9sz\u00edt\u00e9si oldalr\u00f3l a felsoroltakn\u00e1l is t\u00f6bb hat\u00e1sbecsl\u00e9si elj\u00e1r\u00e1sban vett\u00fcnk m\u00e1r r\u00e9szt. Natura 2000 hat\u00e1sbecsl\u00e9sek k\u00e9sz\u00edt\u00e9s\u00e9t a teljes orsz\u00e1g ter\u00fclet\u00e9n v\u00e1llaljuk.<\/p>","protected":false},"author":1,"featured_media":0,"parent":0,"menu_order":0,"comment_status":"closed","ping_status":"closed","template":"","meta":{"_acf_changed":false,"inline_featured_image":false,"footnotes":""},"class_list":["post-6368","page","type-page","status-publish","hentry"],"acf":[],"_links":{"self":[{"href":"https:\/\/serapias.eu\/en\/wp-json\/wp\/v2\/pages\/6368","targetHints":{"allow":["GET"]}}],"collection":[{"href":"https:\/\/serapias.eu\/en\/wp-json\/wp\/v2\/pages"}],"about":[{"href":"https:\/\/serapias.eu\/en\/wp-json\/wp\/v2\/types\/page"}],"author":[{"embeddable":true,"href":"https:\/\/serapias.eu\/en\/wp-json\/wp\/v2\/users\/1"}],"replies":[{"embeddable":true,"href":"https:\/\/serapias.eu\/en\/wp-json\/wp\/v2\/comments?post=6368"}],"version-history":[{"count":4,"href":"https:\/\/serapias.eu\/en\/wp-json\/wp\/v2\/pages\/6368\/revisions"}],"predecessor-version":[{"id":6372,"href":"https:\/\/serapias.eu\/en\/wp-json\/wp\/v2\/pages\/6368\/revisions\/6372"}],"wp:attachment":[{"href":"https:\/\/serapias.eu\/en\/wp-json\/wp\/v2\/media?parent=6368"}],"curies":[{"name":"wp","href":"https:\/\/api.w.org\/{rel}","templated":true}]}}