{"id":6363,"date":"2025-04-02T11:13:38","date_gmt":"2025-04-02T09:13:38","guid":{"rendered":"https:\/\/serapias.eu\/?page_id=6363"},"modified":"2025-04-02T11:14:01","modified_gmt":"2025-04-02T09:14:01","slug":"elozetes-tervvelemenyezes","status":"publish","type":"page","link":"https:\/\/serapias.eu\/en\/elozetes-tervvelemenyezes\/","title":{"rendered":"El\u0151zetes tervv\u00e9lem\u00e9nyez\u00e9s"},"content":{"rendered":"<div data-elementor-type=\"wp-page\" data-elementor-id=\"6363\" class=\"elementor elementor-6363\" data-elementor-post-type=\"page\">\n\t\t\t\t<div class=\"elementor-element elementor-element-2e5e324 e-flex e-con-boxed e-con e-parent\" data-id=\"2e5e324\" data-element_type=\"container\">\n\t\t\t\t\t<div class=\"e-con-inner\">\n\t\t\t\t<div class=\"elementor-element elementor-element-1a22775 elementor-widget elementor-widget-text-editor\" data-id=\"1a22775\" data-element_type=\"widget\" data-widget_type=\"text-editor.default\">\n\t\t\t\t<div class=\"elementor-widget-container\">\n\t\t\t\t\t\t\t\t\t<p>Minden beruh\u00e1z\u00e1sn\u00e1l fontos a k\u00f6lts\u00e9goptimaliz\u00e1l\u00e1s \u00e9s a k\u00f6lts\u00e9gvet\u00e9s tervezhet\u0151s\u00e9ge. Szeretn\u00e9 megsp\u00f3rolni egy projekt \u201efelesleges\u201d term\u00e9szetv\u00e9delmi k\u00f6lts\u00e9geit? Nem szeretne el\u0151re nem v\u00e1rt term\u00e9szetv\u00e9delmi k\u00f6lts\u00e9geket? Szeretn\u00e9 ler\u00f6vid\u00edteni az enged\u00e9lyeztet\u00e9si id\u0151szakot? Sz\u00e1mos projektben gy\u0171jt\u00f6tt gyakorlati tapasztalatinkra alapozva, el\u0151zetes szakmai javaslatainkkal, az illet\u00e9kes nemzeti parkkal t\u00f6rt\u00e9n\u0151 kommunik\u00e1ci\u00f3val \u00e9s a tervezett beruh\u00e1z\u00e1s term\u00e9szetv\u00e9delmi szempont\u00fa el\u0151zetes \u00e1ttanulm\u00e1nyoz\u00e1s\u00e1val jelent\u0151s k\u00f6lts\u00e9gekt\u0151l tudjuk mentes\u00edteni. Heteket, h\u00f3napokat lehet nyerni egy j\u00f3l el\u0151k\u00e9sz\u00edtett enged\u00e9lyez\u00e9si elj\u00e1r\u00e1ssal, el\u0151zetes kommunik\u00e1ci\u00f3val.<\/p>\t\t\t\t\t\t\t\t<\/div>\n\t\t\t\t<\/div>\n\t\t\t\t\t<\/div>\n\t\t\t\t<\/div>\n\t\t\t\t<\/div>","protected":false},"excerpt":{"rendered":"<p>Minden beruh\u00e1z\u00e1sn\u00e1l fontos a k\u00f6lts\u00e9goptimaliz\u00e1l\u00e1s \u00e9s a k\u00f6lts\u00e9gvet\u00e9s tervezhet\u0151s\u00e9ge. Szeretn\u00e9 megsp\u00f3rolni egy projekt \u201efelesleges\u201d term\u00e9szetv\u00e9delmi k\u00f6lts\u00e9geit? Nem szeretne el\u0151re nem v\u00e1rt term\u00e9szetv\u00e9delmi k\u00f6lts\u00e9geket? Szeretn\u00e9 ler\u00f6vid\u00edteni az enged\u00e9lyeztet\u00e9si id\u0151szakot? Sz\u00e1mos projektben gy\u0171jt\u00f6tt gyakorlati tapasztalatinkra alapozva, el\u0151zetes szakmai javaslatainkkal, az illet\u00e9kes nemzeti parkkal t\u00f6rt\u00e9n\u0151 kommunik\u00e1ci\u00f3val \u00e9s a tervezett beruh\u00e1z\u00e1s term\u00e9szetv\u00e9delmi szempont\u00fa el\u0151zetes \u00e1ttanulm\u00e1nyoz\u00e1s\u00e1val jelent\u0151s k\u00f6lts\u00e9gekt\u0151l tudjuk mentes\u00edteni. [&hellip;]<\/p>","protected":false},"author":1,"featured_media":0,"parent":0,"menu_order":0,"comment_status":"closed","ping_status":"closed","template":"","meta":{"_acf_changed":false,"inline_featured_image":false,"footnotes":""},"class_list":["post-6363","page","type-page","status-publish","hentry"],"acf":[],"_links":{"self":[{"href":"https:\/\/serapias.eu\/en\/wp-json\/wp\/v2\/pages\/6363","targetHints":{"allow":["GET"]}}],"collection":[{"href":"https:\/\/serapias.eu\/en\/wp-json\/wp\/v2\/pages"}],"about":[{"href":"https:\/\/serapias.eu\/en\/wp-json\/wp\/v2\/types\/page"}],"author":[{"embeddable":true,"href":"https:\/\/serapias.eu\/en\/wp-json\/wp\/v2\/users\/1"}],"replies":[{"embeddable":true,"href":"https:\/\/serapias.eu\/en\/wp-json\/wp\/v2\/comments?post=6363"}],"version-history":[{"count":4,"href":"https:\/\/serapias.eu\/en\/wp-json\/wp\/v2\/pages\/6363\/revisions"}],"predecessor-version":[{"id":6367,"href":"https:\/\/serapias.eu\/en\/wp-json\/wp\/v2\/pages\/6363\/revisions\/6367"}],"wp:attachment":[{"href":"https:\/\/serapias.eu\/en\/wp-json\/wp\/v2\/media?parent=6363"}],"curies":[{"name":"wp","href":"https:\/\/api.w.org\/{rel}","templated":true}]}}